{"id":5018,"date":"2026-04-23T22:45:27","date_gmt":"2026-04-23T20:45:27","guid":{"rendered":"http:\/\/localhost\/borrador\/?post_type=product&#038;p=5018"},"modified":"2026-05-06T12:18:33","modified_gmt":"2026-05-06T17:18:33","slug":"balaclava-antiflama-tela-jersey-12cal","status":"publish","type":"product","link":"https:\/\/valesafety.com.pe\/?product=balaclava-antiflama-tela-jersey-12cal","title":{"rendered":"Balaclava Antiflama Tela Jersey 12CAL"},"content":{"rendered":"<h2>Balaclava Antiflama Tela Jersey 12CAL<\/h2>\n<ul>\n<li>Modelo: Cl\u00e1sico<\/li>\n<li>Color: Azul, naranja<\/li>\n<li>Reflectivo: No<\/li>\n<li>Talla: Standard<\/li>\n<li><span class=\"a_GcMg font-feature-liga-off font-feature-clig-off font-feature-calt-off text-decoration-none text-strikethrough-none\">Observaciones: Las medidas de la prenda son referenciales. El tiempo de vida del producto dependera del uso.<\/span><\/li>\n<li>Recomendaci\u00f3n: <span class=\"a_GcMg font-feature-liga-off font-feature-clig-off font-feature-calt-off text-decoration-none text-strikethrough-none\">Ideales para la protecci\u00f3n del cuello, uso de \u00e1reas contra arco electrico.<\/span><\/li>\n<\/ul>\n<p>Necesitas m\u00e1s productos encu\u00e9ntralos en nuestra <a href=\"https:\/\/valesafety.com.pe\/tienda\">tienda .<\/a><\/p>\n<p>Para m\u00e1s informaci\u00f3n sobre este y otros productos, no dudes en contactarnos por\u00a0<a href=\"http:\/\/wa.me\/977762682\" target=\"_blank\" rel=\"noopener\">WhatsApp<\/a>.<\/p>\n","protected":false},"excerpt":{"rendered":"<p><span class=\"a_GcMg font-feature-liga-off font-feature-clig-off font-feature-calt-off text-decoration-none text-strikethrough-none\">Material normado NFPA 70E y el NFPA 197. Esta prenda confeccionada con telas y componentes antiflama, resistente a la ignici\u00f3n y no se quemar\u00e1 cuando sea retirada de la fuente de ignici\u00f3n<\/span><\/p>\n","protected":false},"featured_media":5074,"comment_status":"closed","ping_status":"closed","template":"","meta":{"_acf_changed":false},"product_brand":[626],"product_cat":[113],"product_tag":[],"class_list":{"0":"post-5018","1":"product","2":"type-product","3":"status-publish","4":"has-post-thumbnail","6":"product_brand-westex","7":"product_cat-ropa-ignifuga","9":"first","10":"instock","11":"shipping-taxable","12":"purchasable","13":"product-type-simple"},"acf":[],"_links":{"self":[{"href":"https:\/\/valesafety.com.pe\/index.php?rest_route=\/wp\/v2\/product\/5018","targetHints":{"allow":["GET"]}}],"collection":[{"href":"https:\/\/valesafety.com.pe\/index.php?rest_route=\/wp\/v2\/product"}],"about":[{"href":"https:\/\/valesafety.com.pe\/index.php?rest_route=\/wp\/v2\/types\/product"}],"replies":[{"embeddable":true,"href":"https:\/\/valesafety.com.pe\/index.php?rest_route=%2Fwp%2Fv2%2Fcomments&post=5018"}],"wp:featuredmedia":[{"embeddable":true,"href":"https:\/\/valesafety.com.pe\/index.php?rest_route=\/wp\/v2\/media\/5074"}],"wp:attachment":[{"href":"https:\/\/valesafety.com.pe\/index.php?rest_route=%2Fwp%2Fv2%2Fmedia&parent=5018"}],"wp:term":[{"taxonomy":"product_brand","embeddable":true,"href":"https:\/\/valesafety.com.pe\/index.php?rest_route=%2Fwp%2Fv2%2Fproduct_brand&post=5018"},{"taxonomy":"product_cat","embeddable":true,"href":"https:\/\/valesafety.com.pe\/index.php?rest_route=%2Fwp%2Fv2%2Fproduct_cat&post=5018"},{"taxonomy":"product_tag","embeddable":true,"href":"https:\/\/valesafety.com.pe\/index.php?rest_route=%2Fwp%2Fv2%2Fproduct_tag&post=5018"}],"curies":[{"name":"wp","href":"https:\/\/api.w.org\/{rel}","templated":true}]}}