{"id":5016,"date":"2026-04-23T22:45:26","date_gmt":"2026-04-23T20:45:26","guid":{"rendered":"http:\/\/localhost\/borrador\/?post_type=product&#038;p=5016"},"modified":"2026-05-06T12:17:49","modified_gmt":"2026-05-06T17:17:49","slug":"balaclava-antiflama-12-cal","status":"publish","type":"product","link":"https:\/\/valesafety.com.pe\/?product=balaclava-antiflama-12-cal","title":{"rendered":"Balaclava Antiflama 12 CAL"},"content":{"rendered":"<h2>Balaclava Antiflama 12 CAL<\/h2>\n<ul>\n<li><strong>Modelo<\/strong>: Cl\u00e1sico<\/li>\n<li><strong>Color:<\/strong> Azul, Naranja<\/li>\n<li><strong>Reflectivo:<\/strong> No<\/li>\n<li><strong>Talla: <\/strong>Standard<\/li>\n<li><span class=\"a_GcMg font-feature-liga-off font-feature-clig-off font-feature-calt-off text-decoration-none text-strikethrough-none\"><strong>Recomendaci\u00f3n:<\/strong> Ideales para la protecci\u00f3n del cuello, uso de \u00e1reas contra arco el\u00e9ctrico.<\/span><\/li>\n<li><span class=\"a_GcMg font-feature-liga-off font-feature-clig-off font-feature-calt-off text-decoration-none text-strikethrough-none\"><strong>Observaciones:<\/strong> Las medidas de la prenda son referenciales. El tiempo de vida del producto depender\u00e1 del uso.<\/span><\/li>\n<\/ul>\n<p>Necesitas m\u00e1s productos encu\u00e9ntralos en nuestra <a href=\"https:\/\/valesafety.com.pe\/tienda\">tienda .<\/a><\/p>\n<p>Para m\u00e1s informaci\u00f3n sobre este y otros productos, no dudes en contactarnos por\u00a0<a href=\"http:\/\/wa.me\/977762682\" target=\"_blank\" rel=\"noopener\">WhatsApp<\/a>.<\/p>\n","protected":false},"excerpt":{"rendered":"<p><span class=\"a_GcMg font-feature-liga-off font-feature-clig-off font-feature-calt-off text-decoration-none text-strikethrough-none\">Material normado NFPA 70E y el NFPA 197. Esta prenda confeccionada con telas y componentes antiflama, resistente a la ignici\u00f3n y no se quemar\u00e1 cuando sea retirada de la fuente de ignici\u00f3n<\/span><\/p>\n","protected":false},"featured_media":5072,"comment_status":"closed","ping_status":"closed","template":"","meta":{"_acf_changed":false},"product_brand":[626],"product_cat":[113],"product_tag":[],"class_list":{"0":"post-5016","1":"product","2":"type-product","3":"status-publish","4":"has-post-thumbnail","6":"product_brand-westex","7":"product_cat-ropa-ignifuga","9":"first","10":"instock","11":"shipping-taxable","12":"purchasable","13":"product-type-simple"},"acf":[],"_links":{"self":[{"href":"https:\/\/valesafety.com.pe\/index.php?rest_route=\/wp\/v2\/product\/5016","targetHints":{"allow":["GET"]}}],"collection":[{"href":"https:\/\/valesafety.com.pe\/index.php?rest_route=\/wp\/v2\/product"}],"about":[{"href":"https:\/\/valesafety.com.pe\/index.php?rest_route=\/wp\/v2\/types\/product"}],"replies":[{"embeddable":true,"href":"https:\/\/valesafety.com.pe\/index.php?rest_route=%2Fwp%2Fv2%2Fcomments&post=5016"}],"wp:featuredmedia":[{"embeddable":true,"href":"https:\/\/valesafety.com.pe\/index.php?rest_route=\/wp\/v2\/media\/5072"}],"wp:attachment":[{"href":"https:\/\/valesafety.com.pe\/index.php?rest_route=%2Fwp%2Fv2%2Fmedia&parent=5016"}],"wp:term":[{"taxonomy":"product_brand","embeddable":true,"href":"https:\/\/valesafety.com.pe\/index.php?rest_route=%2Fwp%2Fv2%2Fproduct_brand&post=5016"},{"taxonomy":"product_cat","embeddable":true,"href":"https:\/\/valesafety.com.pe\/index.php?rest_route=%2Fwp%2Fv2%2Fproduct_cat&post=5016"},{"taxonomy":"product_tag","embeddable":true,"href":"https:\/\/valesafety.com.pe\/index.php?rest_route=%2Fwp%2Fv2%2Fproduct_tag&post=5016"}],"curies":[{"name":"wp","href":"https:\/\/api.w.org\/{rel}","templated":true}]}}