{"id":5015,"date":"2026-04-23T22:45:26","date_gmt":"2026-04-23T20:45:26","guid":{"rendered":"http:\/\/localhost\/borrador\/?post_type=product&#038;p=5015"},"modified":"2026-04-29T16:55:40","modified_gmt":"2026-04-29T21:55:40","slug":"conjunto-antiflama-12-cal","status":"publish","type":"product","link":"https:\/\/valesafety.com.pe\/?product=conjunto-antiflama-12-cal","title":{"rendered":"Conjunto Antiflama 12 cal"},"content":{"rendered":"<h2>Conjunto Antiflama 12 cal<\/h2>\n<ul>\n<li data-start=\"147\" data-end=\"173\">\n<p data-start=\"149\" data-end=\"173\">Resistente a la flama.<\/p>\n<\/li>\n<li data-start=\"174\" data-end=\"305\">\n<p data-start=\"176\" data-end=\"305\">Dise\u00f1ada para minimizar lesiones por quemaduras en <strong data-start=\"227\" data-end=\"261\">exposiciones de corta duraci\u00f3n<\/strong> o emergencias con fuego y arco el\u00e9ctrico.<\/p>\n<\/li>\n<li data-start=\"306\" data-end=\"399\">\n<p data-start=\"308\" data-end=\"399\">Recomendada solo para <strong data-start=\"330\" data-end=\"355\">situaciones de escape<\/strong> o alejamiento r\u00e1pido de la zona afectada.<\/p>\n<\/li>\n<li data-start=\"400\" data-end=\"490\">\n<p data-start=\"402\" data-end=\"490\"><strong data-start=\"402\" data-end=\"413\">No apta<\/strong> para exposici\u00f3n continua a altas temperaturas, l\u00edquidos calientes o vapor.<\/p>\n<\/li>\n<li data-start=\"491\" data-end=\"556\">\n<p data-start=\"493\" data-end=\"556\">Su uso inadecuado puede generar <strong data-start=\"525\" data-end=\"553\">lesiones graves o muerte<\/strong>.<\/p>\n<\/li>\n<\/ul>\n<p>Necesitas m\u00e1s productos encu\u00e9ntralos en nuestra <a href=\"https:\/\/valesafety.com.pe\/tienda\">tienda .<\/a><\/p>\n<p>Para m\u00e1s informaci\u00f3n sobre este y otros productos, no dudes en contactarnos por\u00a0<a href=\"http:\/\/wa.me\/977762682\" target=\"_blank\" rel=\"noopener\">WhatsApp<\/a>.<\/p>\n","protected":false},"excerpt":{"rendered":"<p><span class=\"a_GcMg font-feature-liga-off font-feature-clig-off font-feature-calt-off text-decoration-none text-strikethrough-none\">Esta prenda ha sido confeccionada siguiendo las normas NFPA 70E y el NFPA 1975. Esta prenda confeccionada con telas y componentes antiflama, resistente a la ignici\u00f3n y no se quemar\u00e1 cuando sea retirada de la fuente de ignici\u00f3n.<\/span><\/p>\n","protected":false},"featured_media":5071,"comment_status":"closed","ping_status":"closed","template":"","meta":{"_acf_changed":false},"product_brand":[],"product_cat":[113],"product_tag":[],"class_list":{"0":"post-5015","1":"product","2":"type-product","3":"status-publish","4":"has-post-thumbnail","6":"product_cat-ropa-ignifuga","8":"first","9":"instock","10":"shipping-taxable","11":"purchasable","12":"product-type-simple"},"acf":[],"_links":{"self":[{"href":"https:\/\/valesafety.com.pe\/index.php?rest_route=\/wp\/v2\/product\/5015","targetHints":{"allow":["GET"]}}],"collection":[{"href":"https:\/\/valesafety.com.pe\/index.php?rest_route=\/wp\/v2\/product"}],"about":[{"href":"https:\/\/valesafety.com.pe\/index.php?rest_route=\/wp\/v2\/types\/product"}],"replies":[{"embeddable":true,"href":"https:\/\/valesafety.com.pe\/index.php?rest_route=%2Fwp%2Fv2%2Fcomments&post=5015"}],"wp:featuredmedia":[{"embeddable":true,"href":"https:\/\/valesafety.com.pe\/index.php?rest_route=\/wp\/v2\/media\/5071"}],"wp:attachment":[{"href":"https:\/\/valesafety.com.pe\/index.php?rest_route=%2Fwp%2Fv2%2Fmedia&parent=5015"}],"wp:term":[{"taxonomy":"product_brand","embeddable":true,"href":"https:\/\/valesafety.com.pe\/index.php?rest_route=%2Fwp%2Fv2%2Fproduct_brand&post=5015"},{"taxonomy":"product_cat","embeddable":true,"href":"https:\/\/valesafety.com.pe\/index.php?rest_route=%2Fwp%2Fv2%2Fproduct_cat&post=5015"},{"taxonomy":"product_tag","embeddable":true,"href":"https:\/\/valesafety.com.pe\/index.php?rest_route=%2Fwp%2Fv2%2Fproduct_tag&post=5015"}],"curies":[{"name":"wp","href":"https:\/\/api.w.org\/{rel}","templated":true}]}}