{"id":5013,"date":"2026-04-23T22:45:26","date_gmt":"2026-04-23T20:45:26","guid":{"rendered":"http:\/\/localhost\/borrador\/?post_type=product&#038;p=5013"},"modified":"2026-05-06T17:43:51","modified_gmt":"2026-05-06T22:43:51","slug":"malla-de-seguridad-segpro","status":"publish","type":"product","link":"https:\/\/valesafety.com.pe\/?product=malla-de-seguridad-segpro","title":{"rendered":"Malla de Seguridad Segpro"},"content":{"rendered":"<h2>Malla de Seguridad Segpro<\/h2>\n<ul>\n<li>Alto: 1 metro<\/li>\n<li>Largo: 50 yardas o 45.72 metros<\/li>\n<li>Peso: 55 gr\/m<\/li>\n<li>Espesor: 1mm<\/li>\n<li>Dise\u00f1o:<\/li>\n<li>Plano y flexible<\/li>\n<li>Cuenta con\u00a0 ranuras de 10 cm x 4 cm<\/li>\n<li>Protecci\u00f3n con filtro UV<\/li>\n<li>Material: Polietileno de HDPE<\/li>\n<\/ul>\n<h4>Almacenamiento:<\/h4>\n<p>Se recomienda almacenar en lugares que no est\u00e9n expuestos a la luz solar, mantener en su bolsa y libre de exposici\u00f3n a riesgos qu\u00edmicos f\u00edsicos (humedad, polvo, cambios bruscos de temperatura y altas o bajas temperaturas) y biol\u00f3gicos.<\/p>\n<p>Necesitas m\u00e1s productos encu\u00e9ntralos en nuestra <a href=\"https:\/\/valesafety.com.pe\/tienda\">tienda .<\/a><\/p>\n<p>Para m\u00e1s informaci\u00f3n sobre este y otros productos, no dudes en contactarnos por\u00a0<a href=\"http:\/\/wa.me\/977762682\" target=\"_blank\" rel=\"noopener\">WhatsApp<\/a>.<\/p>\n","protected":false},"excerpt":{"rendered":"<div class=\"woocommerce-product-details__short-description\">\n<p>La malla Malla de Seguridad Segpro esta fabricada con polietileno de HDPE, concebida para se\u00f1alar y delimitar zonas o \u00e1reas de trabajo en obras.<\/p>\n<\/div>\n","protected":false},"featured_media":5060,"comment_status":"closed","ping_status":"closed","template":"","meta":{"_acf_changed":false},"product_brand":[35],"product_cat":[64],"product_tag":[515,525],"class_list":{"0":"post-5013","1":"product","2":"type-product","3":"status-publish","4":"has-post-thumbnail","6":"product_brand-segpro","7":"product_cat-proteccion-vial","8":"product_tag-distribuidor-segpro","9":"product_tag-malla-de-polietileno","11":"first","12":"instock","13":"shipping-taxable","14":"purchasable","15":"product-type-simple"},"acf":[],"_links":{"self":[{"href":"https:\/\/valesafety.com.pe\/index.php?rest_route=\/wp\/v2\/product\/5013","targetHints":{"allow":["GET"]}}],"collection":[{"href":"https:\/\/valesafety.com.pe\/index.php?rest_route=\/wp\/v2\/product"}],"about":[{"href":"https:\/\/valesafety.com.pe\/index.php?rest_route=\/wp\/v2\/types\/product"}],"replies":[{"embeddable":true,"href":"https:\/\/valesafety.com.pe\/index.php?rest_route=%2Fwp%2Fv2%2Fcomments&post=5013"}],"wp:featuredmedia":[{"embeddable":true,"href":"https:\/\/valesafety.com.pe\/index.php?rest_route=\/wp\/v2\/media\/5060"}],"wp:attachment":[{"href":"https:\/\/valesafety.com.pe\/index.php?rest_route=%2Fwp%2Fv2%2Fmedia&parent=5013"}],"wp:term":[{"taxonomy":"product_brand","embeddable":true,"href":"https:\/\/valesafety.com.pe\/index.php?rest_route=%2Fwp%2Fv2%2Fproduct_brand&post=5013"},{"taxonomy":"product_cat","embeddable":true,"href":"https:\/\/valesafety.com.pe\/index.php?rest_route=%2Fwp%2Fv2%2Fproduct_cat&post=5013"},{"taxonomy":"product_tag","embeddable":true,"href":"https:\/\/valesafety.com.pe\/index.php?rest_route=%2Fwp%2Fv2%2Fproduct_tag&post=5013"}],"curies":[{"name":"wp","href":"https:\/\/api.w.org\/{rel}","templated":true}]}}