{"id":5000,"date":"2026-04-23T22:44:59","date_gmt":"2026-04-23T20:44:59","guid":{"rendered":"http:\/\/localhost\/borrador\/?post_type=product&#038;p=5000"},"modified":"2026-05-06T15:18:52","modified_gmt":"2026-05-06T20:18:52","slug":"casco-tridente-tipo-jockey-blanco","status":"publish","type":"product","link":"https:\/\/valesafety.com.pe\/?product=casco-tridente-tipo-jockey-blanco","title":{"rendered":"Casco Tridente Blanco tipo Jockey"},"content":{"rendered":"<h2>Casco Tridente Blanco tipo Jockey<\/h2>\n<ul>\n<li>Cubre totalmente el cr\u00e1neo.<\/li>\n<li>\u00a0Compuesto de copa con visera.<\/li>\n<li>\u00a0Destinado a proteger de golpes e impactos, riesgos el\u00e9ctricos salpicaduras de sustancias qu\u00edmicas<\/li>\n<li>Agresivas del calor radiante y de los efectos de las llamas.<\/li>\n<li>Posee suspensi\u00f3n tipo Rachet.<\/li>\n<li>Permite ajuste r\u00e1pido y adecuado.<\/li>\n<li>Peso: 276 grs. Aprox<\/li>\n<li>Procedencia: Nacional<\/li>\n<\/ul>\n<h4>Recomendaciones:<\/h4>\n<p>Debe ser inspeccionado antes de cada uso.<\/p>\n<p>La suspensi\u00f3n debe ser reemplazada si presenta alg\u00fan da\u00f1o.<\/p>\n<p>Si el casco sufre un impacto, se recomienda cambiarlo.<\/p>\n<p>Necesitas m\u00e1s productos encu\u00e9ntralos en nuestra <a href=\"https:\/\/valesafety.com.pe\/tienda\">tienda .<\/a><\/p>\n<p>Para m\u00e1s informaci\u00f3n sobre este y otros productos, no dudes en contactarnos por\u00a0<a href=\"http:\/\/wa.me\/977762682\" target=\"_blank\" rel=\"noopener\">WhatsApp<\/a>.<\/p>\n","protected":false},"excerpt":{"rendered":"<p>El Casco Tridente Blanco tipo Jockey de 4 puntas de apoyo con estabilizar UV. Posee adaptador universal para protector de o\u00eddo y protector facial, fabricado bajo especificaciones t\u00e9cnicas nacionales e internacionales.<\/p>\n","protected":false},"featured_media":5055,"comment_status":"closed","ping_status":"closed","template":"","meta":{"_acf_changed":false},"product_brand":[632],"product_cat":[46,74],"product_tag":[520,521,519],"class_list":{"0":"post-5000","1":"product","2":"type-product","3":"status-publish","4":"has-post-thumbnail","6":"product_brand-tridente","7":"product_cat-casco-de-seguridad","8":"product_cat-cascos-de-seguridad","9":"product_tag-casco-con-4-puntas-de-apoyo","10":"product_tag-casco-jocjey-blanco","11":"product_tag-casco-tridente","13":"first","14":"instock","15":"shipping-taxable","16":"purchasable","17":"product-type-simple"},"acf":[],"_links":{"self":[{"href":"https:\/\/valesafety.com.pe\/index.php?rest_route=\/wp\/v2\/product\/5000","targetHints":{"allow":["GET"]}}],"collection":[{"href":"https:\/\/valesafety.com.pe\/index.php?rest_route=\/wp\/v2\/product"}],"about":[{"href":"https:\/\/valesafety.com.pe\/index.php?rest_route=\/wp\/v2\/types\/product"}],"replies":[{"embeddable":true,"href":"https:\/\/valesafety.com.pe\/index.php?rest_route=%2Fwp%2Fv2%2Fcomments&post=5000"}],"wp:featuredmedia":[{"embeddable":true,"href":"https:\/\/valesafety.com.pe\/index.php?rest_route=\/wp\/v2\/media\/5055"}],"wp:attachment":[{"href":"https:\/\/valesafety.com.pe\/index.php?rest_route=%2Fwp%2Fv2%2Fmedia&parent=5000"}],"wp:term":[{"taxonomy":"product_brand","embeddable":true,"href":"https:\/\/valesafety.com.pe\/index.php?rest_route=%2Fwp%2Fv2%2Fproduct_brand&post=5000"},{"taxonomy":"product_cat","embeddable":true,"href":"https:\/\/valesafety.com.pe\/index.php?rest_route=%2Fwp%2Fv2%2Fproduct_cat&post=5000"},{"taxonomy":"product_tag","embeddable":true,"href":"https:\/\/valesafety.com.pe\/index.php?rest_route=%2Fwp%2Fv2%2Fproduct_tag&post=5000"}],"curies":[{"name":"wp","href":"https:\/\/api.w.org\/{rel}","templated":true}]}}