{"id":4998,"date":"2026-04-23T22:44:58","date_gmt":"2026-04-23T20:44:58","guid":{"rendered":"http:\/\/localhost\/borrador\/?post_type=product&#038;p=4998"},"modified":"2026-05-06T13:04:46","modified_gmt":"2026-05-06T18:04:46","slug":"botin-ranger-ss37d-e202-sandder-tnt","status":"publish","type":"product","link":"https:\/\/valesafety.com.pe\/?product=botin-ranger-ss37d-e202-sandder-tnt","title":{"rendered":"Bot\u00edn Ranger SS37D-E202 Sandder TNT"},"content":{"rendered":"<h2>Bot\u00edn Ranger SS37D-E202 Sandder TNT<\/h2>\n<ul>\n<li>Cordones: Redondos 100% Poliester con puntera de acetato<\/li>\n<li>Ganchos: Termopl\u00e1stico de alta resistencia<\/li>\n<li>Hilo: 100% poliester de 3 hebras-imputrescible<\/li>\n<li>Capellada: Cuero de res de 2.2mm<\/li>\n<li>Pntera de Seguridad: Fibra de vidrio resistencia al impacto 200 J y compresi\u00f3n 15kN<\/li>\n<li>Sobrepuntera: Cuero<\/li>\n<li>Entresuela: Eva de baja densidad \/ Shock Absorver<\/li>\n<li>Suela Caucho: Alta resistencia a la abrasi\u00f3n, resistente a grasas e hidrocarburos, l\u00edquidos hidr\u00e1culos Resistente a 18kV<\/li>\n<li>Norma: NTP -ISO 20345 \/ ASTM F2413-11<\/li>\n<\/ul>\n<p>Necesitas m\u00e1s productos encu\u00e9ntralos en nuestra <a href=\"https:\/\/valesafety.com.pe\/tienda\">tienda .<\/a><\/p>\n<p>Para m\u00e1s informaci\u00f3n sobre este y otros productos, no dudes en contactarnos por\u00a0<a href=\"http:\/\/wa.me\/977762682\" target=\"_blank\" rel=\"noopener\">WhatsApp<\/a>.<\/p>\n","protected":false},"excerpt":{"rendered":"<p>El Bot\u00edn Ranger SS37D-E202 es un calzado diel\u00e9ctrico. Fabricado con el sistema cementado, capellada 100% cuero, suela de EVA\/CAUCHO alta resistencia a la abrasi\u00f3n, grasa e hidrocarburos. Cuenta con plantilla anti perforante Kevlar.<\/p>\n","protected":false},"featured_media":5053,"comment_status":"closed","ping_status":"closed","template":"","meta":{"_acf_changed":false},"product_brand":[630],"product_cat":[68,116],"product_tag":[],"class_list":{"0":"post-4998","1":"product","2":"type-product","3":"status-publish","4":"has-post-thumbnail","6":"product_brand-sandder-tnt","7":"product_cat-zapatos-de-seguridad","8":"product_cat-zapatos-de-trabajo","10":"first","11":"instock","12":"shipping-taxable","13":"purchasable","14":"product-type-simple"},"acf":[],"_links":{"self":[{"href":"https:\/\/valesafety.com.pe\/index.php?rest_route=\/wp\/v2\/product\/4998","targetHints":{"allow":["GET"]}}],"collection":[{"href":"https:\/\/valesafety.com.pe\/index.php?rest_route=\/wp\/v2\/product"}],"about":[{"href":"https:\/\/valesafety.com.pe\/index.php?rest_route=\/wp\/v2\/types\/product"}],"replies":[{"embeddable":true,"href":"https:\/\/valesafety.com.pe\/index.php?rest_route=%2Fwp%2Fv2%2Fcomments&post=4998"}],"wp:featuredmedia":[{"embeddable":true,"href":"https:\/\/valesafety.com.pe\/index.php?rest_route=\/wp\/v2\/media\/5053"}],"wp:attachment":[{"href":"https:\/\/valesafety.com.pe\/index.php?rest_route=%2Fwp%2Fv2%2Fmedia&parent=4998"}],"wp:term":[{"taxonomy":"product_brand","embeddable":true,"href":"https:\/\/valesafety.com.pe\/index.php?rest_route=%2Fwp%2Fv2%2Fproduct_brand&post=4998"},{"taxonomy":"product_cat","embeddable":true,"href":"https:\/\/valesafety.com.pe\/index.php?rest_route=%2Fwp%2Fv2%2Fproduct_cat&post=4998"},{"taxonomy":"product_tag","embeddable":true,"href":"https:\/\/valesafety.com.pe\/index.php?rest_route=%2Fwp%2Fv2%2Fproduct_tag&post=4998"}],"curies":[{"name":"wp","href":"https:\/\/api.w.org\/{rel}","templated":true}]}}