{"id":4997,"date":"2026-04-23T22:44:58","date_gmt":"2026-04-23T20:44:58","guid":{"rendered":"http:\/\/localhost\/borrador\/?post_type=product&#038;p=4997"},"modified":"2026-04-30T12:20:44","modified_gmt":"2026-04-30T17:20:44","slug":"megafono-recargable-40w","status":"publish","type":"product","link":"https:\/\/valesafety.com.pe\/?product=megafono-recargable-40w","title":{"rendered":"Meg\u00e1fono Recargable 40w"},"content":{"rendered":"<h2>Meg\u00e1fono Recargable 40w<\/h2>\n<ul>\n<li>Color: Blanco\/Gris<\/li>\n<li>Material: ABS de alto impacto<\/li>\n<li>Bater\u00eda: 3.7V x 1 (120mAh) Conexi\u00f3n Tipo C<\/li>\n<li>Potencia: 40W<\/li>\n<li>Conexi\u00f3n: USB, Bluetooth, Micro SD<\/li>\n<li>Selector: MP3<\/li>\n<li>Funci\u00f3n: Control de vol\u00famen, Sonido de emergencia, musical<\/li>\n<li>Rango Audible: 400 metros<\/li>\n<li>Sistema de grabaci\u00f3n: 300 seg<\/li>\n<li>Incluye: Cargador + Cable USB A tipo C<\/li>\n<li>Bocina: 012.6 cm<\/li>\n<li>Largo: 20.5 cm<\/li>\n<\/ul>\n<p>Necesitas m\u00e1s productos encu\u00e9ntralos en nuestra <a href=\"https:\/\/valesafety.com.pe\/tienda\">tienda .<\/a><\/p>\n<p>Para m\u00e1s informaci\u00f3n sobre este y otros productos, no dudes en contactarnos por\u00a0<a href=\"http:\/\/wa.me\/977762682\" target=\"_blank\" rel=\"noopener\">WhatsApp<\/a>.<\/p>\n","protected":false},"excerpt":{"rendered":"<p>Meg\u00e1fono Recargable 40w son herramientas que permiten amplificar la voz con claridad y precisi\u00f3n en caso de emergencia o otros sonidos en la direcci\u00f3n deseada<\/p>\n<p>El mango de agarre con peso balanceado es ideal para eventos deportivos y escolares, zonas de obras, control de tr\u00e1fico e instituciones.<\/p>\n","protected":false},"featured_media":5043,"comment_status":"closed","ping_status":"closed","template":"","meta":{"_acf_changed":false},"product_brand":[],"product_cat":[271],"product_tag":[],"class_list":{"0":"post-4997","1":"product","2":"type-product","3":"status-publish","4":"has-post-thumbnail","6":"product_cat-ferreteria-2","8":"first","9":"instock","10":"shipping-taxable","11":"purchasable","12":"product-type-simple"},"acf":[],"_links":{"self":[{"href":"https:\/\/valesafety.com.pe\/index.php?rest_route=\/wp\/v2\/product\/4997","targetHints":{"allow":["GET"]}}],"collection":[{"href":"https:\/\/valesafety.com.pe\/index.php?rest_route=\/wp\/v2\/product"}],"about":[{"href":"https:\/\/valesafety.com.pe\/index.php?rest_route=\/wp\/v2\/types\/product"}],"replies":[{"embeddable":true,"href":"https:\/\/valesafety.com.pe\/index.php?rest_route=%2Fwp%2Fv2%2Fcomments&post=4997"}],"wp:featuredmedia":[{"embeddable":true,"href":"https:\/\/valesafety.com.pe\/index.php?rest_route=\/wp\/v2\/media\/5043"}],"wp:attachment":[{"href":"https:\/\/valesafety.com.pe\/index.php?rest_route=%2Fwp%2Fv2%2Fmedia&parent=4997"}],"wp:term":[{"taxonomy":"product_brand","embeddable":true,"href":"https:\/\/valesafety.com.pe\/index.php?rest_route=%2Fwp%2Fv2%2Fproduct_brand&post=4997"},{"taxonomy":"product_cat","embeddable":true,"href":"https:\/\/valesafety.com.pe\/index.php?rest_route=%2Fwp%2Fv2%2Fproduct_cat&post=4997"},{"taxonomy":"product_tag","embeddable":true,"href":"https:\/\/valesafety.com.pe\/index.php?rest_route=%2Fwp%2Fv2%2Fproduct_tag&post=4997"}],"curies":[{"name":"wp","href":"https:\/\/api.w.org\/{rel}","templated":true}]}}