{"id":4994,"date":"2026-04-23T22:44:58","date_gmt":"2026-04-23T20:44:58","guid":{"rendered":"http:\/\/localhost\/borrador\/?post_type=product&#038;p=4994"},"modified":"2026-05-06T10:28:16","modified_gmt":"2026-05-06T15:28:16","slug":"antiparra-everest-a-f-oscuro-steelpro","status":"publish","type":"product","link":"https:\/\/valesafety.com.pe\/?product=antiparra-everest-a-f-oscuro-steelpro","title":{"rendered":"Antiparra Everest A\/F Oscuro Steelpro"},"content":{"rendered":"<h2>Antiparra Everest A\/F Oscuro Steelpro<\/h2>\n<ul>\n<li>Visor de policarbonato oft\u00e1lmico de alta transparencia.<\/li>\n<li>Dise\u00f1o para visi\u00f3n perif\u00e9rica.<\/li>\n<li>Fabricados en policarbonato oft\u00e1lmico.<\/li>\n<li>Dise\u00f1o aerodin\u00e1mico.<\/li>\n<li>Permite el uso de lentes \u00f3pticos.<\/li>\n<li>Banda el\u00e1stica regulable para un mejor ajuste al rostro.<\/li>\n<li>Tratamiento Anti-Rayadura: Policarbonato siliconado resistente a la abrasi\u00f3n.<\/li>\n<li>Tratamiento de Filtro UV: Filtran el 100% de los rayos ultravioleta.<\/li>\n<li>Tratamiento de Anti-Empa\u00f1o: Tratamiento Anti-Fog ideal para el trabajo en ambientes h\u00famedos.<\/li>\n<li>Peso promedio: 88.6 g.<\/li>\n<\/ul>\n<p>Necesitas m\u00e1s productos encu\u00e9ntralos en nuestra <a href=\"https:\/\/valesafety.com.pe\/tienda\">tienda .<\/a><\/p>\n<p>Para m\u00e1s informaci\u00f3n sobre este y otros productos, no dudes en contactarnos por\u00a0<a href=\"http:\/\/wa.me\/977762682\" target=\"_blank\" rel=\"noopener\">WhatsApp<\/a>.<\/p>\n","protected":false},"excerpt":{"rendered":"<p>El Antiparra Everest A\/F Oscuro Steelpro protecci\u00f3n visual en policarbonato utilizados como protecci\u00f3n primaria de acuerdo a recomendaciones OHSAS. Apto para trabajos en exteriores e interiores, dise\u00f1ados para proteger contra impactos a alta y baja velocidad.<\/p>\n","protected":false},"featured_media":5040,"comment_status":"closed","ping_status":"closed","template":"","meta":{"_acf_changed":false},"product_brand":[622],"product_cat":[103,65],"product_tag":[],"class_list":{"0":"post-4994","1":"product","2":"type-product","3":"status-publish","4":"has-post-thumbnail","6":"product_brand-steelpro","7":"product_cat-anteojos-de-seguridad","8":"product_cat-proteccion-visual","10":"first","11":"instock","12":"shipping-taxable","13":"purchasable","14":"product-type-simple"},"acf":[],"_links":{"self":[{"href":"https:\/\/valesafety.com.pe\/index.php?rest_route=\/wp\/v2\/product\/4994","targetHints":{"allow":["GET"]}}],"collection":[{"href":"https:\/\/valesafety.com.pe\/index.php?rest_route=\/wp\/v2\/product"}],"about":[{"href":"https:\/\/valesafety.com.pe\/index.php?rest_route=\/wp\/v2\/types\/product"}],"replies":[{"embeddable":true,"href":"https:\/\/valesafety.com.pe\/index.php?rest_route=%2Fwp%2Fv2%2Fcomments&post=4994"}],"wp:featuredmedia":[{"embeddable":true,"href":"https:\/\/valesafety.com.pe\/index.php?rest_route=\/wp\/v2\/media\/5040"}],"wp:attachment":[{"href":"https:\/\/valesafety.com.pe\/index.php?rest_route=%2Fwp%2Fv2%2Fmedia&parent=4994"}],"wp:term":[{"taxonomy":"product_brand","embeddable":true,"href":"https:\/\/valesafety.com.pe\/index.php?rest_route=%2Fwp%2Fv2%2Fproduct_brand&post=4994"},{"taxonomy":"product_cat","embeddable":true,"href":"https:\/\/valesafety.com.pe\/index.php?rest_route=%2Fwp%2Fv2%2Fproduct_cat&post=4994"},{"taxonomy":"product_tag","embeddable":true,"href":"https:\/\/valesafety.com.pe\/index.php?rest_route=%2Fwp%2Fv2%2Fproduct_tag&post=4994"}],"curies":[{"name":"wp","href":"https:\/\/api.w.org\/{rel}","templated":true}]}}