{"id":4983,"date":"2026-04-23T22:44:32","date_gmt":"2026-04-23T20:44:32","guid":{"rendered":"http:\/\/localhost\/borrador\/?post_type=product&#038;p=4983"},"modified":"2026-04-29T15:18:14","modified_gmt":"2026-04-29T20:18:14","slug":"camisa-jean-procesada","status":"publish","type":"product","link":"https:\/\/valesafety.com.pe\/?product=camisa-jean-procesada","title":{"rendered":"Camisa Jean Procesada"},"content":{"rendered":"<h2>Camisa Jean Procesada<\/h2>\n<ul>\n<li>Camisa procesada<\/li>\n<li>Material: denin<\/li>\n<li>Color: Azul<\/li>\n<li>Producto dise\u00f1ado para uso en construcci\u00f3n e industria en general.<\/li>\n<\/ul>\n<p>Necesitas m\u00e1s productos encu\u00e9ntralos en nuestra <a href=\"https:\/\/valesafety.com.pe\/tienda\">tienda .<\/a><\/p>\n<p>Para m\u00e1s informaci\u00f3n sobre este y otros productos, no dudes en contactarnos por\u00a0<a href=\"http:\/\/wa.me\/977762682\" target=\"_blank\" rel=\"noopener\">WhatsApp<\/a>.<\/p>\n","protected":false},"excerpt":{"rendered":"<p>Forma a tu equipo personal de trabajo con los mejores productos. Este modelo de camisa est\u00e1 fabricado con el material de Jean procesado. Posee bolsillos y lo convierten en una prenda \u00fatil y pr\u00e1ctica para lucir una imagen presentable.<\/p>\n","protected":false},"featured_media":5038,"comment_status":"closed","ping_status":"closed","template":"","meta":{"_acf_changed":false},"product_brand":[],"product_cat":[66,67],"product_tag":[341,233,517],"class_list":{"0":"post-4983","1":"product","2":"type-product","3":"status-publish","4":"has-post-thumbnail","6":"product_cat-ropa-de-seguridad","7":"product_cat-ropa-de-trabajo","8":"product_tag-proteccion-corporal","9":"product_tag-ropa-de-trabajo","10":"product_tag-ropa-procesada","12":"first","13":"instock","14":"shipping-taxable","15":"purchasable","16":"product-type-simple"},"acf":[],"_links":{"self":[{"href":"https:\/\/valesafety.com.pe\/index.php?rest_route=\/wp\/v2\/product\/4983","targetHints":{"allow":["GET"]}}],"collection":[{"href":"https:\/\/valesafety.com.pe\/index.php?rest_route=\/wp\/v2\/product"}],"about":[{"href":"https:\/\/valesafety.com.pe\/index.php?rest_route=\/wp\/v2\/types\/product"}],"replies":[{"embeddable":true,"href":"https:\/\/valesafety.com.pe\/index.php?rest_route=%2Fwp%2Fv2%2Fcomments&post=4983"}],"wp:featuredmedia":[{"embeddable":true,"href":"https:\/\/valesafety.com.pe\/index.php?rest_route=\/wp\/v2\/media\/5038"}],"wp:attachment":[{"href":"https:\/\/valesafety.com.pe\/index.php?rest_route=%2Fwp%2Fv2%2Fmedia&parent=4983"}],"wp:term":[{"taxonomy":"product_brand","embeddable":true,"href":"https:\/\/valesafety.com.pe\/index.php?rest_route=%2Fwp%2Fv2%2Fproduct_brand&post=4983"},{"taxonomy":"product_cat","embeddable":true,"href":"https:\/\/valesafety.com.pe\/index.php?rest_route=%2Fwp%2Fv2%2Fproduct_cat&post=4983"},{"taxonomy":"product_tag","embeddable":true,"href":"https:\/\/valesafety.com.pe\/index.php?rest_route=%2Fwp%2Fv2%2Fproduct_tag&post=4983"}],"curies":[{"name":"wp","href":"https:\/\/api.w.org\/{rel}","templated":true}]}}