{"id":4981,"date":"2026-04-23T22:44:31","date_gmt":"2026-04-23T20:44:31","guid":{"rendered":"http:\/\/localhost\/borrador\/?post_type=product&#038;p=4981"},"modified":"2026-05-06T14:35:49","modified_gmt":"2026-05-06T19:35:49","slug":"careta-de-soldar-segpro","status":"publish","type":"product","link":"https:\/\/valesafety.com.pe\/?product=careta-de-soldar-segpro","title":{"rendered":"Careta de Soldar Segpro"},"content":{"rendered":"<h2>Careta de Soldar Segpro<\/h2>\n<ul>\n<li><span class=\"OYPEnA font-feature-liga-off font-feature-clig-off font-feature-calt-off text-decoration-none text-strikethrough-none\">Fabricada en material polipropileno de alta calidad.<\/span><\/li>\n<li><span class=\"OYPEnA font-feature-liga-off font-feature-clig-off font-feature-calt-off text-decoration-none text-strikethrough-none\">Resistente al impacto, esquirlas incandescentes y a soldaduras al arco.<\/span><\/li>\n<li><span class=\"OYPEnA font-feature-liga-off font-feature-clig-off font-feature-calt-off text-decoration-none text-strikethrough-none\">Soporte de vidrio abatible y visor levantable.<\/span><\/li>\n<li><span class=\"OYPEnA font-feature-liga-off font-feature-clig-off font-feature-calt-off text-decoration-none text-strikethrough-none\">Suspensi\u00f3n con ajuste tipo rachet.<\/span><\/li>\n<li><span class=\"OYPEnA font-feature-liga-off font-feature-clig-off font-feature-calt-off text-decoration-none text-strikethrough-none\">Incluye vidrio oscuro G-12.<\/span><\/li>\n<\/ul>\n<h4>Almacenamiento:<\/h4>\n<ul>\n<li><span class=\"OYPEnA font-feature-liga-off font-feature-clig-off font-feature-calt-off text-decoration-none text-strikethrough-none\">Guarda la m\u00e1scara en un lugar seco y protegido de da\u00f1os.<\/span><\/li>\n<li><span class=\"OYPEnA font-feature-liga-off font-feature-clig-off font-feature-calt-off text-decoration-none text-strikethrough-none\">Realizar inspecciones regulares para verificar el estado del vidrio protector. Limpia el vidrio y el exterior con pa\u00f1os suaves, evitando productos abrasivos y disolventes.<\/span><\/li>\n<\/ul>\n<p>Necesitas m\u00e1s productos encu\u00e9ntralos en nuestra <a href=\"https:\/\/valesafety.com.pe\/tienda\">tienda .<\/a><\/p>\n<p>Para m\u00e1s informaci\u00f3n sobre este y otros productos, no dudes en contactarnos por\u00a0<a href=\"http:\/\/wa.me\/977762682\" target=\"_blank\" rel=\"noopener\">WhatsApp<\/a>.<\/p>\n","protected":false},"excerpt":{"rendered":"<p>Careta de Soldar Segpro Fabricada en material polipropileno de alta calidad. Resistente al impacto, esquirlas incandescentes y a soldaduras al arco. Soporte de vidrio abatible y visor levantable. Suspensi\u00f3n con ajuste tipo rachet. Incluye vidrio oscuro G-12. Almacenamiento: Guarda la m\u00e1scara en un lugar seco y protegido de da\u00f1os. Realizar inspecciones regulares para verificar el [&hellip;]<\/p>\n","protected":false},"featured_media":5036,"comment_status":"closed","ping_status":"closed","template":"","meta":{"_acf_changed":false},"product_brand":[35],"product_cat":[51,60],"product_tag":[515,381],"class_list":{"0":"post-4981","1":"product","2":"type-product","3":"status-publish","4":"has-post-thumbnail","6":"product_brand-segpro","7":"product_cat-facial-de-seguridad","8":"product_cat-proteccion-de-soldador","9":"product_tag-distribuidor-segpro","10":"product_tag-mascara-de-soldar","12":"first","13":"instock","14":"shipping-taxable","15":"purchasable","16":"product-type-simple"},"acf":[],"_links":{"self":[{"href":"https:\/\/valesafety.com.pe\/index.php?rest_route=\/wp\/v2\/product\/4981","targetHints":{"allow":["GET"]}}],"collection":[{"href":"https:\/\/valesafety.com.pe\/index.php?rest_route=\/wp\/v2\/product"}],"about":[{"href":"https:\/\/valesafety.com.pe\/index.php?rest_route=\/wp\/v2\/types\/product"}],"replies":[{"embeddable":true,"href":"https:\/\/valesafety.com.pe\/index.php?rest_route=%2Fwp%2Fv2%2Fcomments&post=4981"}],"wp:featuredmedia":[{"embeddable":true,"href":"https:\/\/valesafety.com.pe\/index.php?rest_route=\/wp\/v2\/media\/5036"}],"wp:attachment":[{"href":"https:\/\/valesafety.com.pe\/index.php?rest_route=%2Fwp%2Fv2%2Fmedia&parent=4981"}],"wp:term":[{"taxonomy":"product_brand","embeddable":true,"href":"https:\/\/valesafety.com.pe\/index.php?rest_route=%2Fwp%2Fv2%2Fproduct_brand&post=4981"},{"taxonomy":"product_cat","embeddable":true,"href":"https:\/\/valesafety.com.pe\/index.php?rest_route=%2Fwp%2Fv2%2Fproduct_cat&post=4981"},{"taxonomy":"product_tag","embeddable":true,"href":"https:\/\/valesafety.com.pe\/index.php?rest_route=%2Fwp%2Fv2%2Fproduct_tag&post=4981"}],"curies":[{"name":"wp","href":"https:\/\/api.w.org\/{rel}","templated":true}]}}