{"id":4978,"date":"2026-04-23T22:44:31","date_gmt":"2026-04-23T20:44:31","guid":{"rendered":"http:\/\/localhost\/borrador\/?post_type=product&#038;p=4978"},"modified":"2026-04-29T15:15:10","modified_gmt":"2026-04-29T20:15:10","slug":"cadena-de-seguridad-rojo-8mm","status":"publish","type":"product","link":"https:\/\/valesafety.com.pe\/?product=cadena-de-seguridad-rojo-8mm","title":{"rendered":"Cadena de Seguridad Rojo 8mm"},"content":{"rendered":"<h2>Cadena de Seguridad Rojo 8mm<\/h2>\n<ul>\n<li>Tipo de producto: Cadena amarilla de pl\u00e1stico<\/li>\n<li>Medidas: 08mm<\/li>\n<li>Materia Prima: 100% polipropileno (virgen)<\/li>\n<li>Color: Rojo<\/li>\n<li>Fabricaci\u00f3n: Inyecci\u00f3n de pl\u00e1stico moldeado<\/li>\n<li>Resistente a la intemperie resistente a los rayos UV<\/li>\n<li>Temperatura: Rango de entre 10\u00b0 y 60\u00b0<\/li>\n<li>Las fotograf\u00edas y descripci\u00f3n del producto son referenciales<\/li>\n<li>Humedad: 100% impermeable<\/li>\n<li>Procedencia: Peruana<\/li>\n<li>Tipo de instalaci\u00f3n: manual<\/li>\n<\/ul>\n<p>Forma de empleo:<\/p>\n<p><span class=\"OYPEnA font-feature-liga-off font-feature-clig-off font-feature-calt-off text-decoration-none text-strikethrough-none\">Las cadenas de pl\u00e1stico se utiliza para delimitar una zona de trabajo y su colorido recuerda que es un lugar con prohibici\u00f3n de paso a personal ajeno.<\/span><\/p>\n<p>Necesitas m\u00e1s productos encu\u00e9ntralos en nuestra <a href=\"https:\/\/valesafety.com.pe\/tienda\">tienda .<\/a><\/p>\n<p>Para m\u00e1s informaci\u00f3n sobre este y otros productos, no dudes en contactarnos por\u00a0<a href=\"http:\/\/wa.me\/977762682\" target=\"_blank\" rel=\"noopener\">WhatsApp<\/a>.<\/p>\n","protected":false},"excerpt":{"rendered":"<p><span class=\"OYPEnA font-feature-liga-off font-feature-clig-off font-feature-calt-off text-decoration-none text-strikethrough-none\">La Cadena de Seguridad Rojo 8mm son uniones de eslabones fabricados con inyecci\u00f3n pl\u00e1stica resistentes al exterior, de modo que soportan cambios t\u00e9rmicos, f\u00e1cil de trasladar.<\/span><\/p>\n","protected":false},"featured_media":5025,"comment_status":"closed","ping_status":"closed","template":"","meta":{"_acf_changed":false},"product_brand":[],"product_cat":[64],"product_tag":[510,511,512],"class_list":{"0":"post-4978","1":"product","2":"type-product","3":"status-publish","4":"has-post-thumbnail","6":"product_cat-proteccion-vial","7":"product_tag-cadena-8mm","8":"product_tag-cadena-de-seguridad","9":"product_tag-cadena-rojo","11":"first","12":"instock","13":"shipping-taxable","14":"purchasable","15":"product-type-simple"},"acf":[],"_links":{"self":[{"href":"https:\/\/valesafety.com.pe\/index.php?rest_route=\/wp\/v2\/product\/4978","targetHints":{"allow":["GET"]}}],"collection":[{"href":"https:\/\/valesafety.com.pe\/index.php?rest_route=\/wp\/v2\/product"}],"about":[{"href":"https:\/\/valesafety.com.pe\/index.php?rest_route=\/wp\/v2\/types\/product"}],"replies":[{"embeddable":true,"href":"https:\/\/valesafety.com.pe\/index.php?rest_route=%2Fwp%2Fv2%2Fcomments&post=4978"}],"wp:featuredmedia":[{"embeddable":true,"href":"https:\/\/valesafety.com.pe\/index.php?rest_route=\/wp\/v2\/media\/5025"}],"wp:attachment":[{"href":"https:\/\/valesafety.com.pe\/index.php?rest_route=%2Fwp%2Fv2%2Fmedia&parent=4978"}],"wp:term":[{"taxonomy":"product_brand","embeddable":true,"href":"https:\/\/valesafety.com.pe\/index.php?rest_route=%2Fwp%2Fv2%2Fproduct_brand&post=4978"},{"taxonomy":"product_cat","embeddable":true,"href":"https:\/\/valesafety.com.pe\/index.php?rest_route=%2Fwp%2Fv2%2Fproduct_cat&post=4978"},{"taxonomy":"product_tag","embeddable":true,"href":"https:\/\/valesafety.com.pe\/index.php?rest_route=%2Fwp%2Fv2%2Fproduct_tag&post=4978"}],"curies":[{"name":"wp","href":"https:\/\/api.w.org\/{rel}","templated":true}]}}