{"id":4976,"date":"2026-04-23T22:44:30","date_gmt":"2026-04-23T20:44:30","guid":{"rendered":"http:\/\/localhost\/borrador\/?post_type=product&#038;p=4976"},"modified":"2026-05-06T14:23:57","modified_gmt":"2026-05-06T19:23:57","slug":"candado-de-bloqueo-con-arco-de-acero-loto-master","status":"publish","type":"product","link":"https:\/\/valesafety.com.pe\/?product=candado-de-bloqueo-con-arco-de-acero-loto-master","title":{"rendered":"Candado de Bloqueo con Arco de Acero Loto Master"},"content":{"rendered":"<h2>Candado de Bloqueo con Arco de Acero Loto Master<\/h2>\n<ul>\n<li>Candado con cuerpo de nylon reforzado con fibra de vidrio no conductivos y cilindros de cobre con llave \u00fanica que evita el viaje de la electricidad del grillete a la llave, con arco de acero reforzado<\/li>\n<li>Di\u00e1metro del grillete: 38mm (1.5\u2033)<\/li>\n<li>Rango de temperatura: -4\u00b0 a 302\u00b0 F (-20\u00b0 a 150\u00b0C)<\/li>\n<li>Material: Acero Inoxidable y Nylon PA<\/li>\n<li>Colores: Negro, Naranja, Azul, Verde, Rojo, Morado, Amarillo y Marr\u00f3n<\/li>\n<li>Incluye: Etiqueta en Ingl\u00e9s, Etiqueta en Franc\u00e9s, Etiqueta en Espa\u00f1ol, Llave y Candado<\/li>\n<\/ul>\n<p>Necesitas m\u00e1s productos encu\u00e9ntralos en nuestra <a href=\"https:\/\/valesafety.com.pe\/tienda\">tienda .<\/a><\/p>\n<p>Para m\u00e1s informaci\u00f3n sobre este y otros productos, no dudes en contactarnos por\u00a0<a href=\"http:\/\/wa.me\/977762682\" target=\"_blank\" rel=\"noopener\">WhatsApp<\/a>.<\/p>\n","protected":false},"excerpt":{"rendered":"<p>Candado de Bloqueo con Arco de Acero Loto Master Candado con cuerpo de nylon reforzado con fibra de vidrio no conductivos y cilindros de cobre con llave \u00fanica que evita el viaje de la electricidad del grillete a la llave, con arco de acero reforzado Di\u00e1metro del grillete: 38mm (1.5\u2033) Rango de temperatura: -4\u00b0 a [&hellip;]<\/p>\n","protected":false},"featured_media":5023,"comment_status":"closed","ping_status":"closed","template":"","meta":{"_acf_changed":false},"product_brand":[32],"product_cat":[45],"product_tag":[506,507],"class_list":{"0":"post-4976","1":"product","2":"type-product","3":"status-publish","4":"has-post-thumbnail","6":"product_brand-loto-master","7":"product_cat-bloqueo-y-etiquetado","8":"product_tag-candado-con-arco-de-acero","9":"product_tag-candado-de-bloqueo","11":"first","12":"instock","13":"shipping-taxable","14":"purchasable","15":"product-type-simple"},"acf":[],"_links":{"self":[{"href":"https:\/\/valesafety.com.pe\/index.php?rest_route=\/wp\/v2\/product\/4976","targetHints":{"allow":["GET"]}}],"collection":[{"href":"https:\/\/valesafety.com.pe\/index.php?rest_route=\/wp\/v2\/product"}],"about":[{"href":"https:\/\/valesafety.com.pe\/index.php?rest_route=\/wp\/v2\/types\/product"}],"replies":[{"embeddable":true,"href":"https:\/\/valesafety.com.pe\/index.php?rest_route=%2Fwp%2Fv2%2Fcomments&post=4976"}],"wp:featuredmedia":[{"embeddable":true,"href":"https:\/\/valesafety.com.pe\/index.php?rest_route=\/wp\/v2\/media\/5023"}],"wp:attachment":[{"href":"https:\/\/valesafety.com.pe\/index.php?rest_route=%2Fwp%2Fv2%2Fmedia&parent=4976"}],"wp:term":[{"taxonomy":"product_brand","embeddable":true,"href":"https:\/\/valesafety.com.pe\/index.php?rest_route=%2Fwp%2Fv2%2Fproduct_brand&post=4976"},{"taxonomy":"product_cat","embeddable":true,"href":"https:\/\/valesafety.com.pe\/index.php?rest_route=%2Fwp%2Fv2%2Fproduct_cat&post=4976"},{"taxonomy":"product_tag","embeddable":true,"href":"https:\/\/valesafety.com.pe\/index.php?rest_route=%2Fwp%2Fv2%2Fproduct_tag&post=4976"}],"curies":[{"name":"wp","href":"https:\/\/api.w.org\/{rel}","templated":true}]}}