{"id":4964,"date":"2026-04-23T22:44:03","date_gmt":"2026-04-23T20:44:03","guid":{"rendered":"http:\/\/localhost\/borrador\/?post_type=product&#038;p=4964"},"modified":"2026-05-06T17:43:37","modified_gmt":"2026-05-06T22:43:37","slug":"linterna-led-recargable-220-v-opalux","status":"publish","type":"product","link":"https:\/\/valesafety.com.pe\/?product=linterna-led-recargable-220-v-opalux","title":{"rendered":"Linterna LED Recargable 220 V Opalux"},"content":{"rendered":"<h2>Linterna LED Recargable 220 V Opalux<\/h2>\n<ul>\n<li>Marca: OPALUX<\/li>\n<li>Modelo: OP-8795R<\/li>\n<li>Linterna LED 5W Recargable<\/li>\n<li>Color de Temp.: 8000-9000K<\/li>\n<li>Lumenes: 95\/250LM<\/li>\n<li>Bater\u00eda recargable: 4V 400 mAh<\/li>\n<li>Alimentacion: 220V cable 50cms<\/li>\n<li>Alcance de Iluminacion: 100m<\/li>\n<li>Switch 2 tiempos: (luz alta y luz baja)<\/li>\n<li>Duraci\u00f3n: Luz Alta 5 horas \/ Luz Baja 20 horas<\/li>\n<li>Tiempo de carga 15 horas antes de uso inicial<\/li>\n<li>Nivel Impermeable: IP20<\/li>\n<li>Medida: 12.5 x 15 x 22.6cm<\/li>\n<\/ul>\n<p>Necesitas m\u00e1s productos encu\u00e9ntralos en nuestra <a href=\"https:\/\/valesafety.com.pe\/tienda\">tienda .<\/a><\/p>\n<p>Para m\u00e1s informaci\u00f3n sobre este y otros productos, no dudes en contactarnos por\u00a0<a href=\"http:\/\/wa.me\/977762682\" target=\"_blank\" rel=\"noopener\">WhatsApp<\/a>.<\/p>\n","protected":false},"excerpt":{"rendered":"<p>La Linterna LED Recargable 220 V Opalux con dise\u00f1o pr\u00e1ctico y compacto, fabricada bajo los mas estrictos controles de calidad. Es el elemento lum\u00ednico que no puede faltar en tu caja de herramientas o botiqu\u00edn.<\/p>\n","protected":false},"featured_media":5020,"comment_status":"closed","ping_status":"closed","template":"","meta":{"_acf_changed":false},"product_brand":[633],"product_cat":[54],"product_tag":[498,499,500],"class_list":{"0":"post-4964","1":"product","2":"type-product","3":"status-publish","4":"has-post-thumbnail","6":"product_brand-palux","7":"product_cat-linternas","8":"product_tag-distribuidor-opalux","9":"product_tag-linterna-opalux","10":"product_tag-linterna-recargable-5w","12":"first","13":"instock","14":"shipping-taxable","15":"purchasable","16":"product-type-simple"},"acf":[],"_links":{"self":[{"href":"https:\/\/valesafety.com.pe\/index.php?rest_route=\/wp\/v2\/product\/4964","targetHints":{"allow":["GET"]}}],"collection":[{"href":"https:\/\/valesafety.com.pe\/index.php?rest_route=\/wp\/v2\/product"}],"about":[{"href":"https:\/\/valesafety.com.pe\/index.php?rest_route=\/wp\/v2\/types\/product"}],"replies":[{"embeddable":true,"href":"https:\/\/valesafety.com.pe\/index.php?rest_route=%2Fwp%2Fv2%2Fcomments&post=4964"}],"wp:featuredmedia":[{"embeddable":true,"href":"https:\/\/valesafety.com.pe\/index.php?rest_route=\/wp\/v2\/media\/5020"}],"wp:attachment":[{"href":"https:\/\/valesafety.com.pe\/index.php?rest_route=%2Fwp%2Fv2%2Fmedia&parent=4964"}],"wp:term":[{"taxonomy":"product_brand","embeddable":true,"href":"https:\/\/valesafety.com.pe\/index.php?rest_route=%2Fwp%2Fv2%2Fproduct_brand&post=4964"},{"taxonomy":"product_cat","embeddable":true,"href":"https:\/\/valesafety.com.pe\/index.php?rest_route=%2Fwp%2Fv2%2Fproduct_cat&post=4964"},{"taxonomy":"product_tag","embeddable":true,"href":"https:\/\/valesafety.com.pe\/index.php?rest_route=%2Fwp%2Fv2%2Fproduct_tag&post=4964"}],"curies":[{"name":"wp","href":"https:\/\/api.w.org\/{rel}","templated":true}]}}