{"id":4963,"date":"2026-04-23T22:44:03","date_gmt":"2026-04-23T20:44:03","guid":{"rendered":"http:\/\/localhost\/borrador\/?post_type=product&#038;p=4963"},"modified":"2026-05-07T10:53:08","modified_gmt":"2026-05-07T15:53:08","slug":"traje-descartable-tecseg-tsg15-bc","status":"publish","type":"product","link":"https:\/\/valesafety.com.pe\/?product=traje-descartable-tecseg-tsg15-bc","title":{"rendered":"Traje descartable Tecseg TSG15 BC"},"content":{"rendered":"<h2>Traje descartable Tecseg TSG15 BC<\/h2>\n<ul>\n<li data-start=\"1580\" data-end=\"1605\">Mantenimiento general<\/li>\n<li data-start=\"1608\" data-end=\"1638\">Manipulaci\u00f3n de materiales<\/li>\n<li data-start=\"1641\" data-end=\"1697\">Entornos con aerosoles l\u00edquidos de baja peligrosidad<\/li>\n<li data-start=\"1700\" data-end=\"1747\">Trabajos en condiciones de baja visibilidad<\/li>\n<\/ul>\n<h4><strong data-start=\"1754\" data-end=\"1797\">Cumplimiento de Normativas de Seguridad<\/strong><\/h4>\n<ul>\n<li data-start=\"1798\" data-end=\"1867\">El traje cumple con los est\u00e1ndares internacionales de protecci\u00f3n:<\/li>\n<li data-start=\"1870\" data-end=\"1961\">EN 13034:2005 + A1:2009, protecci\u00f3n contra salpicaduras de productos qu\u00edmicos l\u00edquidos.<\/li>\n<li data-start=\"1964\" data-end=\"2051\">EN ISO 13982-1:2004 + A1:2010, protecci\u00f3n contra part\u00edculas s\u00f3lidas en el aire.<\/li>\n<\/ul>\n<p>Necesitas m\u00e1s productos encu\u00e9ntralos en nuestra <a href=\"https:\/\/valesafety.com.pe\/tienda\">tienda .<\/a><\/p>\n<p>Para m\u00e1s informaci\u00f3n sobre este y otros productos, no dudes en contactarnos por\u00a0<a href=\"http:\/\/wa.me\/977762682\" target=\"_blank\" rel=\"noopener\">WhatsApp<\/a>.<\/p>\n","protected":false},"excerpt":{"rendered":"<p>El Traje descartable Tecseg TSG15 BC\u00a0est\u00e1 elaborado con materiales microporosos de polietileno y polipropileno, lo que brinda una excelente protecci\u00f3n contra l\u00edquidos de bajo riesgo y part\u00edculas secas.<\/p>\n","protected":false},"featured_media":5019,"comment_status":"closed","ping_status":"closed","template":"","meta":{"_acf_changed":false},"product_brand":[36],"product_cat":[66,67],"product_tag":[496,497,193],"class_list":{"0":"post-4963","1":"product","2":"type-product","3":"status-publish","4":"has-post-thumbnail","6":"product_brand-tecseg","7":"product_cat-ropa-de-seguridad","8":"product_cat-ropa-de-trabajo","9":"product_tag-distribuidor-tecseg","10":"product_tag-overol-tecseg","11":"product_tag-traje-descartable-tecseg","13":"first","14":"instock","15":"shipping-taxable","16":"purchasable","17":"product-type-simple"},"acf":[],"_links":{"self":[{"href":"https:\/\/valesafety.com.pe\/index.php?rest_route=\/wp\/v2\/product\/4963","targetHints":{"allow":["GET"]}}],"collection":[{"href":"https:\/\/valesafety.com.pe\/index.php?rest_route=\/wp\/v2\/product"}],"about":[{"href":"https:\/\/valesafety.com.pe\/index.php?rest_route=\/wp\/v2\/types\/product"}],"replies":[{"embeddable":true,"href":"https:\/\/valesafety.com.pe\/index.php?rest_route=%2Fwp%2Fv2%2Fcomments&post=4963"}],"wp:featuredmedia":[{"embeddable":true,"href":"https:\/\/valesafety.com.pe\/index.php?rest_route=\/wp\/v2\/media\/5019"}],"wp:attachment":[{"href":"https:\/\/valesafety.com.pe\/index.php?rest_route=%2Fwp%2Fv2%2Fmedia&parent=4963"}],"wp:term":[{"taxonomy":"product_brand","embeddable":true,"href":"https:\/\/valesafety.com.pe\/index.php?rest_route=%2Fwp%2Fv2%2Fproduct_brand&post=4963"},{"taxonomy":"product_cat","embeddable":true,"href":"https:\/\/valesafety.com.pe\/index.php?rest_route=%2Fwp%2Fv2%2Fproduct_cat&post=4963"},{"taxonomy":"product_tag","embeddable":true,"href":"https:\/\/valesafety.com.pe\/index.php?rest_route=%2Fwp%2Fv2%2Fproduct_tag&post=4963"}],"curies":[{"name":"wp","href":"https:\/\/api.w.org\/{rel}","templated":true}]}}