{"id":4962,"date":"2026-04-23T22:44:02","date_gmt":"2026-04-23T20:44:02","guid":{"rendered":"http:\/\/localhost\/borrador\/?post_type=product&#038;p=4962"},"modified":"2026-04-30T11:57:29","modified_gmt":"2026-04-30T16:57:29","slug":"martillo-una-ca-mango-de-madera-27mm","status":"publish","type":"product","link":"https:\/\/valesafety.com.pe\/?product=martillo-una-ca-mango-de-madera-27mm","title":{"rendered":"Martillo U\u00f1a C&#038;A Mango de Madera 27mm"},"content":{"rendered":"<h2>Martillo U\u00f1a C&amp;A Mango de Madera 27 mm<\/h2>\n<ul>\n<li>Cabezal de acero forjado<\/li>\n<li>Mango s\u00f3lido de madera.<\/li>\n<li>Ideal para trabajos en carpinter\u00eda y armado de encofrados.<\/li>\n<li>Cabezal: 20 oz<\/li>\n<li>Dimensiones de cabezal: 27mm x 135 mm<\/li>\n<li>Peso de cabezal: 454 g<\/li>\n<li>Longitud Total: 330 mm<\/li>\n<li>Dimensi\u00f3n del cabo: 290<\/li>\n<\/ul>\n<p>Necesitas m\u00e1s productos encu\u00e9ntralos en nuestra <a href=\"https:\/\/valesafety.com.pe\/tienda\">tienda .<\/a><\/p>\n<p>Para m\u00e1s informaci\u00f3n sobre este y otros productos, no dudes en contactarnos por\u00a0<a href=\"http:\/\/wa.me\/977762682\" target=\"_blank\" rel=\"noopener\">WhatsApp<\/a>.<\/p>\n","protected":false},"excerpt":{"rendered":"<p>Martillo U\u00f1a C&amp;A Mango de Madera 27 mm Cabezal de acero forjado Mango s\u00f3lido de madera. Ideal para trabajos en carpinter\u00eda y armado de encofrados. Cabezal: 20 oz Dimensiones de cabezal: 27mm x 135 mm Peso de cabezal: 454 g Longitud Total: 330 mm Dimensi\u00f3n del cabo: 290 Necesitas m\u00e1s productos encu\u00e9ntralos en nuestra tienda [&hellip;]<\/p>\n","protected":false},"featured_media":5010,"comment_status":"closed","ping_status":"closed","template":"","meta":{"_acf_changed":false},"product_brand":[],"product_cat":[271],"product_tag":[],"class_list":{"0":"post-4962","1":"product","2":"type-product","3":"status-publish","4":"has-post-thumbnail","6":"product_cat-ferreteria-2","8":"first","9":"instock","10":"shipping-taxable","11":"purchasable","12":"product-type-simple"},"acf":[],"_links":{"self":[{"href":"https:\/\/valesafety.com.pe\/index.php?rest_route=\/wp\/v2\/product\/4962","targetHints":{"allow":["GET"]}}],"collection":[{"href":"https:\/\/valesafety.com.pe\/index.php?rest_route=\/wp\/v2\/product"}],"about":[{"href":"https:\/\/valesafety.com.pe\/index.php?rest_route=\/wp\/v2\/types\/product"}],"replies":[{"embeddable":true,"href":"https:\/\/valesafety.com.pe\/index.php?rest_route=%2Fwp%2Fv2%2Fcomments&post=4962"}],"wp:featuredmedia":[{"embeddable":true,"href":"https:\/\/valesafety.com.pe\/index.php?rest_route=\/wp\/v2\/media\/5010"}],"wp:attachment":[{"href":"https:\/\/valesafety.com.pe\/index.php?rest_route=%2Fwp%2Fv2%2Fmedia&parent=4962"}],"wp:term":[{"taxonomy":"product_brand","embeddable":true,"href":"https:\/\/valesafety.com.pe\/index.php?rest_route=%2Fwp%2Fv2%2Fproduct_brand&post=4962"},{"taxonomy":"product_cat","embeddable":true,"href":"https:\/\/valesafety.com.pe\/index.php?rest_route=%2Fwp%2Fv2%2Fproduct_cat&post=4962"},{"taxonomy":"product_tag","embeddable":true,"href":"https:\/\/valesafety.com.pe\/index.php?rest_route=%2Fwp%2Fv2%2Fproduct_tag&post=4962"}],"curies":[{"name":"wp","href":"https:\/\/api.w.org\/{rel}","templated":true}]}}