{"id":4959,"date":"2026-04-23T22:44:02","date_gmt":"2026-04-23T20:44:02","guid":{"rendered":"http:\/\/localhost\/borrador\/?post_type=product&#038;p=4959"},"modified":"2026-05-07T10:24:38","modified_gmt":"2026-05-07T15:24:38","slug":"respirador-n95-8210-3m","status":"publish","type":"product","link":"https:\/\/valesafety.com.pe\/?product=respirador-n95-8210-3m","title":{"rendered":"Respirador N95 8210 3M"},"content":{"rendered":"<h2>Respirador N95 8210 3M<\/h2>\n<ul>\n<li>Cintas el\u00e1sticas: Elast\u00f3mero color amarillo.<\/li>\n<li>Clip m\u00e9talico: Aluminio<\/li>\n<li>Espuma interna: Poliuretano<\/li>\n<li>Espuma filtrante: Tela no tejida de polipropileno y poli\u00e9ster.<\/li>\n<li>Peso aproximado: 10 gms<\/li>\n<li>Color: Blanco<\/li>\n<\/ul>\n<h4>Certificaciones:<\/h4>\n<p>NIOSH bajo las especificaciones N95 de la norma 42CFR84<\/p>\n<p>Aprobado para protecci\u00f3n respiratoria contra polvos ( incluyendo carb\u00f3n, algod\u00f3n, aluminio, trigo y hierro, producidos principalmente por la desintegraci\u00f3n de s\u00f3lidos) y neblinas a base de l\u00edquidos no aceitosos.<\/p>\n<p>Necesitas m\u00e1s productos encu\u00e9ntralos en nuestra <a href=\"https:\/\/valesafety.com.pe\/tienda\">tienda .<\/a><\/p>\n<p>Para m\u00e1s informaci\u00f3n sobre este y otros productos, no dudes en contactarnos por\u00a0<a href=\"http:\/\/wa.me\/977762682\" target=\"_blank\" rel=\"noopener\">WhatsApp<\/a>.<\/p>\n","protected":false},"excerpt":{"rendered":"<p>El Respirador N95 8210 3M brinda una efectiva, confortable e higi\u00e9nica protecci\u00f3n respiratoria contra part\u00edculas s\u00f3lidas y l\u00edquidas sin aceite. Es fabricado con un Medio Filtrante Electrost\u00e1tico Avanzado, novedoso sistema de retenci\u00f3n de part\u00edculas que permite mayor eficiencia de filtro con menor ca\u00edda de presi\u00f3n.<\/p>\n","protected":false},"featured_media":5007,"comment_status":"closed","ping_status":"closed","template":"","meta":{"_acf_changed":false},"product_brand":[38],"product_cat":[99,62],"product_tag":[],"class_list":{"0":"post-4959","1":"product","2":"type-product","3":"status-publish","4":"has-post-thumbnail","6":"product_brand-3m","7":"product_cat-mascarillas","8":"product_cat-proteccion-respiratoria","10":"first","11":"instock","12":"shipping-taxable","13":"purchasable","14":"product-type-simple"},"acf":[],"_links":{"self":[{"href":"https:\/\/valesafety.com.pe\/index.php?rest_route=\/wp\/v2\/product\/4959","targetHints":{"allow":["GET"]}}],"collection":[{"href":"https:\/\/valesafety.com.pe\/index.php?rest_route=\/wp\/v2\/product"}],"about":[{"href":"https:\/\/valesafety.com.pe\/index.php?rest_route=\/wp\/v2\/types\/product"}],"replies":[{"embeddable":true,"href":"https:\/\/valesafety.com.pe\/index.php?rest_route=%2Fwp%2Fv2%2Fcomments&post=4959"}],"wp:featuredmedia":[{"embeddable":true,"href":"https:\/\/valesafety.com.pe\/index.php?rest_route=\/wp\/v2\/media\/5007"}],"wp:attachment":[{"href":"https:\/\/valesafety.com.pe\/index.php?rest_route=%2Fwp%2Fv2%2Fmedia&parent=4959"}],"wp:term":[{"taxonomy":"product_brand","embeddable":true,"href":"https:\/\/valesafety.com.pe\/index.php?rest_route=%2Fwp%2Fv2%2Fproduct_brand&post=4959"},{"taxonomy":"product_cat","embeddable":true,"href":"https:\/\/valesafety.com.pe\/index.php?rest_route=%2Fwp%2Fv2%2Fproduct_cat&post=4959"},{"taxonomy":"product_tag","embeddable":true,"href":"https:\/\/valesafety.com.pe\/index.php?rest_route=%2Fwp%2Fv2%2Fproduct_tag&post=4959"}],"curies":[{"name":"wp","href":"https:\/\/api.w.org\/{rel}","templated":true}]}}