{"id":4946,"date":"2026-04-23T22:43:35","date_gmt":"2026-04-23T20:43:35","guid":{"rendered":"http:\/\/localhost\/borrador\/?post_type=product&#038;p=4946"},"modified":"2026-05-06T12:29:58","modified_gmt":"2026-05-06T17:29:58","slug":"bloque-retractil-6-metros-delta-plus-an13006c2","status":"publish","type":"product","link":"https:\/\/valesafety.com.pe\/?product=bloque-retractil-6-metros-delta-plus-an13006c2","title":{"rendered":"Bloque Retr\u00e1ctil 6 metros Delta Plus AN13006C2"},"content":{"rendered":"<h2>Bloque Retr\u00e1ctil 6 metros Delta Plus AN13006C2<\/h2>\n<ul>\n<li>Antica\u00eddas retr\u00e1ctil con cincha de poli\u00e9ster de 25 mm<\/li>\n<li>C\u00e1rter de protecci\u00f3n ABS.<\/li>\n<li>Eslab\u00f3n giratorio y testigo de ca\u00edda.<\/li>\n<li>Mosquet\u00f3n AM016.<\/li>\n<li>Probado para uso en horizontal<\/li>\n<li>Color: Negro<\/li>\n<li>Medidas: 6 m<\/li>\n<\/ul>\n<p><strong>Certificaciones:<\/strong><\/p>\n<p>EN365: 2004 Equipo de protecci\u00f3n individual contra las ca\u00eddas de altura: requisitos generales para el modo de uso, mantenimiento, revisi\u00f3n peri\u00f3dica, reparaci\u00f3n, marcaci\u00f3n y empaque.<\/p>\n<p>EN: 360:2002 Equipo de protecci\u00f3n individual contra ca\u00eddas en altura &#8211; Antica\u00eddas de retorno autom\u00e1tico.<\/p>\n<p>Necesitas m\u00e1s productos encu\u00e9ntralos en nuestra <a href=\"https:\/\/valesafety.com.pe\/tienda\">tienda .<\/a><\/p>\n<p>Para m\u00e1s informaci\u00f3n sobre este y otros productos, no dudes en contactarnos por\u00a0<a href=\"http:\/\/wa.me\/977762682\" target=\"_blank\" rel=\"noopener\">WhatsApp<\/a>.<\/p>\n","protected":false},"excerpt":{"rendered":"<p>El Bloque Retr\u00e1ctil 6 metros Delta Plus AN13006C2 es un moderno sistema de protecci\u00f3n contra ca\u00eddas, especialmente creado para ofrecer seguridad y movilidad a quienes trabajan en alturas.<\/p>\n","protected":false},"featured_media":5004,"comment_status":"closed","ping_status":"closed","template":"","meta":{"_acf_changed":false},"product_brand":[27],"product_cat":[58],"product_tag":[],"class_list":{"0":"post-4946","1":"product","2":"type-product","3":"status-publish","4":"has-post-thumbnail","6":"product_brand-deltaplus","7":"product_cat-proteccion-de-alturas","9":"first","10":"instock","11":"shipping-taxable","12":"purchasable","13":"product-type-simple"},"acf":[],"_links":{"self":[{"href":"https:\/\/valesafety.com.pe\/index.php?rest_route=\/wp\/v2\/product\/4946","targetHints":{"allow":["GET"]}}],"collection":[{"href":"https:\/\/valesafety.com.pe\/index.php?rest_route=\/wp\/v2\/product"}],"about":[{"href":"https:\/\/valesafety.com.pe\/index.php?rest_route=\/wp\/v2\/types\/product"}],"replies":[{"embeddable":true,"href":"https:\/\/valesafety.com.pe\/index.php?rest_route=%2Fwp%2Fv2%2Fcomments&post=4946"}],"wp:featuredmedia":[{"embeddable":true,"href":"https:\/\/valesafety.com.pe\/index.php?rest_route=\/wp\/v2\/media\/5004"}],"wp:attachment":[{"href":"https:\/\/valesafety.com.pe\/index.php?rest_route=%2Fwp%2Fv2%2Fmedia&parent=4946"}],"wp:term":[{"taxonomy":"product_brand","embeddable":true,"href":"https:\/\/valesafety.com.pe\/index.php?rest_route=%2Fwp%2Fv2%2Fproduct_brand&post=4946"},{"taxonomy":"product_cat","embeddable":true,"href":"https:\/\/valesafety.com.pe\/index.php?rest_route=%2Fwp%2Fv2%2Fproduct_cat&post=4946"},{"taxonomy":"product_tag","embeddable":true,"href":"https:\/\/valesafety.com.pe\/index.php?rest_route=%2Fwp%2Fv2%2Fproduct_tag&post=4946"}],"curies":[{"name":"wp","href":"https:\/\/api.w.org\/{rel}","templated":true}]}}