{"id":4943,"date":"2026-04-23T22:43:34","date_gmt":"2026-04-23T20:43:34","guid":{"rendered":"http:\/\/localhost\/borrador\/?post_type=product&#038;p=4943"},"modified":"2026-05-06T12:31:22","modified_gmt":"2026-05-06T17:31:22","slug":"bloque-retractil-9-metros-segpro","status":"publish","type":"product","link":"https:\/\/valesafety.com.pe\/?product=bloque-retractil-9-metros-segpro","title":{"rendered":"Bloque Retr\u00e1ctil 9 metros Segpro"},"content":{"rendered":"<h2>Bloque Retr\u00e1ctil 9 metros Segpro<\/h2>\n<ul>\n<li>Material de la carcasa: Fabricada en Nylon reforzado.<\/li>\n<li>Cable de acero inoxidable 5mm (3\/16 in) de di\u00e1metro y de 9mts (20 ft) de largo.<\/li>\n<li>Fuerza de detenci\u00f3n media: 1350 lbs.<\/li>\n<li>Fuerza m\u00e1xima de detenci\u00f3n; 1800 lbs m\u00e1xima.<\/li>\n<li>Distancia de detenci\u00f3n: 0.60m. Cuando est\u00e1 anclado al anillo dorsal.<\/li>\n<li>Incluye mosquet\u00f3n o carabinero de cierre autom\u00e1tico. de 3\/4 en acero forjado y cabeza giratoria.<\/li>\n<\/ul>\n<p>Necesitas m\u00e1s productos encu\u00e9ntralos en nuestra <a href=\"https:\/\/valesafety.com.pe\/tienda\">tienda .<\/a><\/p>\n<p>Para m\u00e1s informaci\u00f3n sobre este y otros productos, no dudes en contactarnos por\u00a0<a href=\"http:\/\/wa.me\/977762682\" target=\"_blank\" rel=\"noopener\">WhatsApp<\/a>.<\/p>\n","protected":false},"excerpt":{"rendered":"<p>El Bloque Retr\u00e1ctil 9 metros de la marca Segpro es un dispositivo de seguridad para trabajos en altura, con un cable que se despliega y retrae autom\u00e1ticamente. Cuenta con un sistema de frenado que detiene r\u00e1pidamente la ca\u00edda, protegiendo al trabajador. Ideal para aplicaciones que requiere movilidad y seguridad constante.<\/p>\n","protected":false},"featured_media":4992,"comment_status":"closed","ping_status":"closed","template":"","meta":{"_acf_changed":false},"product_brand":[35],"product_cat":[58],"product_tag":[490,491],"class_list":{"0":"post-4943","1":"product","2":"type-product","3":"status-publish","4":"has-post-thumbnail","6":"product_brand-segpro","7":"product_cat-proteccion-de-alturas","8":"product_tag-bloque-retractil-segpro","9":"product_tag-equipos-de-altura","11":"first","12":"instock","13":"shipping-taxable","14":"purchasable","15":"product-type-simple"},"acf":[],"_links":{"self":[{"href":"https:\/\/valesafety.com.pe\/index.php?rest_route=\/wp\/v2\/product\/4943","targetHints":{"allow":["GET"]}}],"collection":[{"href":"https:\/\/valesafety.com.pe\/index.php?rest_route=\/wp\/v2\/product"}],"about":[{"href":"https:\/\/valesafety.com.pe\/index.php?rest_route=\/wp\/v2\/types\/product"}],"replies":[{"embeddable":true,"href":"https:\/\/valesafety.com.pe\/index.php?rest_route=%2Fwp%2Fv2%2Fcomments&post=4943"}],"wp:featuredmedia":[{"embeddable":true,"href":"https:\/\/valesafety.com.pe\/index.php?rest_route=\/wp\/v2\/media\/4992"}],"wp:attachment":[{"href":"https:\/\/valesafety.com.pe\/index.php?rest_route=%2Fwp%2Fv2%2Fmedia&parent=4943"}],"wp:term":[{"taxonomy":"product_brand","embeddable":true,"href":"https:\/\/valesafety.com.pe\/index.php?rest_route=%2Fwp%2Fv2%2Fproduct_brand&post=4943"},{"taxonomy":"product_cat","embeddable":true,"href":"https:\/\/valesafety.com.pe\/index.php?rest_route=%2Fwp%2Fv2%2Fproduct_cat&post=4943"},{"taxonomy":"product_tag","embeddable":true,"href":"https:\/\/valesafety.com.pe\/index.php?rest_route=%2Fwp%2Fv2%2Fproduct_tag&post=4943"}],"curies":[{"name":"wp","href":"https:\/\/api.w.org\/{rel}","templated":true}]}}