{"id":4942,"date":"2026-04-23T22:43:34","date_gmt":"2026-04-23T20:43:34","guid":{"rendered":"http:\/\/localhost\/borrador\/?post_type=product&#038;p=4942"},"modified":"2026-05-06T16:00:45","modified_gmt":"2026-05-06T21:00:45","slug":"estacion-de-bloqueo-loto-master","status":"publish","type":"product","link":"https:\/\/valesafety.com.pe\/?product=estacion-de-bloqueo-loto-master","title":{"rendered":"Estaci\u00f3n de Bloqueo Loto Master"},"content":{"rendered":"<h2>Estaci\u00f3n de Bloqueo Loto Master<\/h2>\n<ul>\n<li>Estaci\u00f3n de bloqueo para 12, 20 y 30 candados.<\/li>\n<li>Hecho de pl\u00e1stico de policarbonato PC de resina de vidrio de alta resistencia.<\/li>\n<li>Con varias posiciones de candado, cada una puede acomodar candados, bridas y etiquetas de bloqueo<\/li>\n<li>3500 gr aproximadamente<\/li>\n<li>Certificado: OHSAS18001: 2007 \/BV \/ OSHALOCK \/CE<\/li>\n<\/ul>\n<p>Necesitas m\u00e1s productos encu\u00e9ntralos en nuestra <a href=\"https:\/\/valesafety.com.pe\/tienda\">tienda .<\/a><\/p>\n<p>Para m\u00e1s informaci\u00f3n sobre este y otros productos, no dudes en contactarnos por\u00a0<a href=\"http:\/\/wa.me\/977762682\" target=\"_blank\" rel=\"noopener\">WhatsApp<\/a>.<\/p>\n","protected":false},"excerpt":{"rendered":"<p>Estaci\u00f3n de Bloqueo Loto Master Estaci\u00f3n de bloqueo para 12, 20 y 30 candados. Hecho de pl\u00e1stico de policarbonato PC de resina de vidrio de alta resistencia. Con varias posiciones de candado, cada una puede acomodar candados, bridas y etiquetas de bloqueo 3500 gr aproximadamente Certificado: OHSAS18001: 2007 \/BV \/ OSHALOCK \/CE Necesitas m\u00e1s productos [&hellip;]<\/p>\n","protected":false},"featured_media":4991,"comment_status":"closed","ping_status":"closed","template":"","meta":{"_acf_changed":false},"product_brand":[32],"product_cat":[45],"product_tag":[],"class_list":{"0":"post-4942","1":"product","2":"type-product","3":"status-publish","4":"has-post-thumbnail","6":"product_brand-loto-master","7":"product_cat-bloqueo-y-etiquetado","9":"first","10":"instock","11":"shipping-taxable","12":"purchasable","13":"product-type-simple"},"acf":[],"_links":{"self":[{"href":"https:\/\/valesafety.com.pe\/index.php?rest_route=\/wp\/v2\/product\/4942","targetHints":{"allow":["GET"]}}],"collection":[{"href":"https:\/\/valesafety.com.pe\/index.php?rest_route=\/wp\/v2\/product"}],"about":[{"href":"https:\/\/valesafety.com.pe\/index.php?rest_route=\/wp\/v2\/types\/product"}],"replies":[{"embeddable":true,"href":"https:\/\/valesafety.com.pe\/index.php?rest_route=%2Fwp%2Fv2%2Fcomments&post=4942"}],"wp:featuredmedia":[{"embeddable":true,"href":"https:\/\/valesafety.com.pe\/index.php?rest_route=\/wp\/v2\/media\/4991"}],"wp:attachment":[{"href":"https:\/\/valesafety.com.pe\/index.php?rest_route=%2Fwp%2Fv2%2Fmedia&parent=4942"}],"wp:term":[{"taxonomy":"product_brand","embeddable":true,"href":"https:\/\/valesafety.com.pe\/index.php?rest_route=%2Fwp%2Fv2%2Fproduct_brand&post=4942"},{"taxonomy":"product_cat","embeddable":true,"href":"https:\/\/valesafety.com.pe\/index.php?rest_route=%2Fwp%2Fv2%2Fproduct_cat&post=4942"},{"taxonomy":"product_tag","embeddable":true,"href":"https:\/\/valesafety.com.pe\/index.php?rest_route=%2Fwp%2Fv2%2Fproduct_tag&post=4942"}],"curies":[{"name":"wp","href":"https:\/\/api.w.org\/{rel}","templated":true}]}}