{"id":4941,"date":"2026-04-23T22:43:34","date_gmt":"2026-04-23T20:43:34","guid":{"rendered":"http:\/\/localhost\/borrador\/?post_type=product&#038;p=4941"},"modified":"2026-05-06T16:55:39","modified_gmt":"2026-05-06T21:55:39","slug":"guante-rayon-aluminizado-dickson","status":"publish","type":"product","link":"https:\/\/valesafety.com.pe\/?product=guante-rayon-aluminizado-dickson","title":{"rendered":"Guante Ray\u00f3n Aluminizado Dickson"},"content":{"rendered":"<h2>Guante Ray\u00f3n Aluminizado Dickson 22&#8243;<\/h2>\n<ul>\n<li data-start=\"1022\" data-end=\"1092\">Material: Tela viscosa (ray\u00f3n) aluminizada DICKSON + cuero cromo<\/li>\n<li data-start=\"1095\" data-end=\"1170\">Tecnolog\u00eda REFLESPACE: Protecci\u00f3n contra salpicadura de metal fundido<\/li>\n<li data-start=\"1173\" data-end=\"1212\">Refleja el 95% del calor radiante<\/li>\n<li data-start=\"1215\" data-end=\"1289\">Cosido con hilo Kevlar: Alta resistencia a la tracci\u00f3n y temperatura<\/li>\n<li data-start=\"1292\" data-end=\"1346\">Peso de la tela: 17 oz\/yd\u00b2 | Espesor: 0.025\u201d<\/li>\n<li data-start=\"1349\" data-end=\"1407\">Acabado CLEANGARD: Mejora la refractancia y limpieza<\/li>\n<li data-start=\"1481\" data-end=\"1516\">Alta flexibilidad y comodidad<\/li>\n<li data-start=\"1519\" data-end=\"1583\">No se derrite al contacto con llama, calor o metal fundido<\/li>\n<li data-start=\"1586\" data-end=\"1652\">Ideal para industrias metal\u00fargicas, sider\u00fargicas y fundiciones<\/li>\n<\/ul>\n<p><strong>Norma<\/strong> EN ISO 11612:2008-11 (D): Protecci\u00f3n t\u00e9rmica certificada<\/p>\n<p>Necesitas m\u00e1s productos encu\u00e9ntralos en nuestra <a href=\"https:\/\/valesafety.com.pe\/tienda\">tienda .<\/a><\/p>\n<p>Para m\u00e1s informaci\u00f3n sobre este y otros productos, no dudes en contactarnos por\u00a0<a href=\"http:\/\/wa.me\/977762682\" target=\"_blank\" rel=\"noopener\">WhatsApp<\/a>.<\/p>\n","protected":false},"excerpt":{"rendered":"<p>El Guante Ray\u00f3n Aluminizado est\u00e1 dise\u00f1ado para trabajos con exposici\u00f3n a calor extremo y salpicaduras de metal fundido. Fabricado con tela de viscosa (ray\u00f3n) aluminizada DICKSON y cuero cromo, ofrece resistencia t\u00e9rmica superior y protecci\u00f3n mec\u00e1nica en ambientes industriales de alto riesgo.<\/p>\n","protected":false},"featured_media":4990,"comment_status":"closed","ping_status":"closed","template":"","meta":{"_acf_changed":false},"product_brand":[639],"product_cat":[59],"product_tag":[],"class_list":{"0":"post-4941","1":"product","2":"type-product","3":"status-publish","4":"has-post-thumbnail","6":"product_brand-dickson","7":"product_cat-proteccion-de-las-manos","9":"first","10":"instock","11":"shipping-taxable","12":"purchasable","13":"product-type-simple"},"acf":[],"_links":{"self":[{"href":"https:\/\/valesafety.com.pe\/index.php?rest_route=\/wp\/v2\/product\/4941","targetHints":{"allow":["GET"]}}],"collection":[{"href":"https:\/\/valesafety.com.pe\/index.php?rest_route=\/wp\/v2\/product"}],"about":[{"href":"https:\/\/valesafety.com.pe\/index.php?rest_route=\/wp\/v2\/types\/product"}],"replies":[{"embeddable":true,"href":"https:\/\/valesafety.com.pe\/index.php?rest_route=%2Fwp%2Fv2%2Fcomments&post=4941"}],"wp:featuredmedia":[{"embeddable":true,"href":"https:\/\/valesafety.com.pe\/index.php?rest_route=\/wp\/v2\/media\/4990"}],"wp:attachment":[{"href":"https:\/\/valesafety.com.pe\/index.php?rest_route=%2Fwp%2Fv2%2Fmedia&parent=4941"}],"wp:term":[{"taxonomy":"product_brand","embeddable":true,"href":"https:\/\/valesafety.com.pe\/index.php?rest_route=%2Fwp%2Fv2%2Fproduct_brand&post=4941"},{"taxonomy":"product_cat","embeddable":true,"href":"https:\/\/valesafety.com.pe\/index.php?rest_route=%2Fwp%2Fv2%2Fproduct_cat&post=4941"},{"taxonomy":"product_tag","embeddable":true,"href":"https:\/\/valesafety.com.pe\/index.php?rest_route=%2Fwp%2Fv2%2Fproduct_tag&post=4941"}],"curies":[{"name":"wp","href":"https:\/\/api.w.org\/{rel}","templated":true}]}}