{"id":4940,"date":"2026-04-23T22:43:34","date_gmt":"2026-04-23T20:43:34","guid":{"rendered":"http:\/\/localhost\/borrador\/?post_type=product&#038;p=4940"},"modified":"2026-05-06T12:27:33","modified_gmt":"2026-05-06T17:27:33","slug":"barrera-new-jersey-apilable-galo","status":"publish","type":"product","link":"https:\/\/valesafety.com.pe\/?product=barrera-new-jersey-apilable-galo","title":{"rendered":"Barrera New Jersey Apilable Galo"},"content":{"rendered":"<h2>Barrera New Jersey Apilable Galo<\/h2>\n<ul>\n<li data-start=\"1050\" data-end=\"1094\">Altura: 60 cm | Largo: 98 cm | Base: 47 cm<\/li>\n<li data-start=\"1097\" data-end=\"1139\">Color: Rojo y blanco de alta visibilidad<\/li>\n<li data-start=\"1142\" data-end=\"1156\">Peso: 5.5 kg<\/li>\n<li data-start=\"1159\" data-end=\"1217\">Material: Polietileno de alto impacto con filtro anti UV<\/li>\n<li data-start=\"1220\" data-end=\"1247\">Sistema modular acoplable<\/li>\n<li data-start=\"1250\" data-end=\"1297\">Agujero de rebalse y relleno con agua o arena<\/li>\n<li data-start=\"1300\" data-end=\"1331\">F\u00e1cil de transportar y apilar<\/li>\n<li data-start=\"1334\" data-end=\"1394\">Uso ideal en obras, industrias, mantenimiento vial y eventos<\/li>\n<\/ul>\n<p>Necesitas m\u00e1s productos encu\u00e9ntralos en nuestra <a href=\"https:\/\/valesafety.com.pe\/tienda\">tienda .<\/a><\/p>\n<p>Para m\u00e1s informaci\u00f3n sobre este y otros productos, no dudes en contactarnos por\u00a0<a href=\"http:\/\/wa.me\/977762682\" target=\"_blank\" rel=\"noopener\">WhatsApp<\/a>.<\/p>\n","protected":false},"excerpt":{"rendered":"<p>La barrera New Jersey apilable Galo est\u00e1 fabricada en polietileno de alto impacto con protecci\u00f3n UV, ideal para la delimitaci\u00f3n de zonas de trabajo, construcci\u00f3n y eventos al aire libre.<\/p>\n","protected":false},"featured_media":4989,"comment_status":"closed","ping_status":"closed","template":"","meta":{"_acf_changed":false},"product_brand":[627],"product_cat":[64],"product_tag":[],"class_list":{"0":"post-4940","1":"product","2":"type-product","3":"status-publish","4":"has-post-thumbnail","6":"product_brand-galo","7":"product_cat-proteccion-vial","9":"first","10":"instock","11":"shipping-taxable","12":"purchasable","13":"product-type-simple"},"acf":[],"_links":{"self":[{"href":"https:\/\/valesafety.com.pe\/index.php?rest_route=\/wp\/v2\/product\/4940","targetHints":{"allow":["GET"]}}],"collection":[{"href":"https:\/\/valesafety.com.pe\/index.php?rest_route=\/wp\/v2\/product"}],"about":[{"href":"https:\/\/valesafety.com.pe\/index.php?rest_route=\/wp\/v2\/types\/product"}],"replies":[{"embeddable":true,"href":"https:\/\/valesafety.com.pe\/index.php?rest_route=%2Fwp%2Fv2%2Fcomments&post=4940"}],"wp:featuredmedia":[{"embeddable":true,"href":"https:\/\/valesafety.com.pe\/index.php?rest_route=\/wp\/v2\/media\/4989"}],"wp:attachment":[{"href":"https:\/\/valesafety.com.pe\/index.php?rest_route=%2Fwp%2Fv2%2Fmedia&parent=4940"}],"wp:term":[{"taxonomy":"product_brand","embeddable":true,"href":"https:\/\/valesafety.com.pe\/index.php?rest_route=%2Fwp%2Fv2%2Fproduct_brand&post=4940"},{"taxonomy":"product_cat","embeddable":true,"href":"https:\/\/valesafety.com.pe\/index.php?rest_route=%2Fwp%2Fv2%2Fproduct_cat&post=4940"},{"taxonomy":"product_tag","embeddable":true,"href":"https:\/\/valesafety.com.pe\/index.php?rest_route=%2Fwp%2Fv2%2Fproduct_tag&post=4940"}],"curies":[{"name":"wp","href":"https:\/\/api.w.org\/{rel}","templated":true}]}}