{"id":4928,"date":"2026-04-23T22:43:05","date_gmt":"2026-04-23T20:43:05","guid":{"rendered":"http:\/\/localhost\/borrador\/?post_type=product&#038;p=4928"},"modified":"2026-05-06T12:16:08","modified_gmt":"2026-05-06T17:16:08","slug":"arnes-de-repuesto-3m-6897","status":"publish","type":"product","link":"https:\/\/valesafety.com.pe\/?product=arnes-de-repuesto-3m-6897","title":{"rendered":"Arnes de repuesto 3M 6897"},"content":{"rendered":"<h2>Arnes de repuesto 3M 6897<\/h2>\n<ul>\n<li>Compatible con respiradores 3M de cara completa de la serie 6800.<\/li>\n<li>Proporciona sellado adecuado y comodidad.<\/li>\n<li>Prolonga vida \u00fatil de respirador.<\/li>\n<li>Reemplazo para partes da\u00f1adas o perdidas.<\/li>\n<li>Su uso es adecuado para una variedad de aplicaciones industriales, incluyendo pintura, montaje, limpieza y mantenimiento<\/li>\n<li>Es un soluci\u00f3n de reemplazo para partes da\u00f1adas o perdidas, puede aliviar costos en equipos de respiraci\u00f3n al evitar la necesidad de adquirir respiradores.<\/li>\n<\/ul>\n<p>Necesitas m\u00e1s productos encu\u00e9ntralos en nuestra <a href=\"https:\/\/valesafety.com.pe\/tienda\">tienda .<\/a><\/p>\n<p>Para m\u00e1s informaci\u00f3n sobre este y otros productos, no dudes en contactarnos por\u00a0<a href=\"http:\/\/wa.me\/977762682\" target=\"_blank\" rel=\"noopener\">WhatsApp<\/a>.<\/p>\n","protected":false},"excerpt":{"rendered":"<p>El Arnes de repuesto 3M 6897 serie 6800 es una pieza de repuesto dise\u00f1ada para mantener la funcionalidad de las m\u00e1scaras completas 3M, incluyendo los modelos 6700, 6800 y 6900.<\/p>\n","protected":false},"featured_media":4986,"comment_status":"closed","ping_status":"closed","template":"","meta":{"_acf_changed":false},"product_brand":[38],"product_cat":[62],"product_tag":[],"class_list":{"0":"post-4928","1":"product","2":"type-product","3":"status-publish","4":"has-post-thumbnail","6":"product_brand-3m","7":"product_cat-proteccion-respiratoria","9":"first","10":"instock","11":"shipping-taxable","12":"purchasable","13":"product-type-simple"},"acf":[],"_links":{"self":[{"href":"https:\/\/valesafety.com.pe\/index.php?rest_route=\/wp\/v2\/product\/4928","targetHints":{"allow":["GET"]}}],"collection":[{"href":"https:\/\/valesafety.com.pe\/index.php?rest_route=\/wp\/v2\/product"}],"about":[{"href":"https:\/\/valesafety.com.pe\/index.php?rest_route=\/wp\/v2\/types\/product"}],"replies":[{"embeddable":true,"href":"https:\/\/valesafety.com.pe\/index.php?rest_route=%2Fwp%2Fv2%2Fcomments&post=4928"}],"wp:featuredmedia":[{"embeddable":true,"href":"https:\/\/valesafety.com.pe\/index.php?rest_route=\/wp\/v2\/media\/4986"}],"wp:attachment":[{"href":"https:\/\/valesafety.com.pe\/index.php?rest_route=%2Fwp%2Fv2%2Fmedia&parent=4928"}],"wp:term":[{"taxonomy":"product_brand","embeddable":true,"href":"https:\/\/valesafety.com.pe\/index.php?rest_route=%2Fwp%2Fv2%2Fproduct_brand&post=4928"},{"taxonomy":"product_cat","embeddable":true,"href":"https:\/\/valesafety.com.pe\/index.php?rest_route=%2Fwp%2Fv2%2Fproduct_cat&post=4928"},{"taxonomy":"product_tag","embeddable":true,"href":"https:\/\/valesafety.com.pe\/index.php?rest_route=%2Fwp%2Fv2%2Fproduct_tag&post=4928"}],"curies":[{"name":"wp","href":"https:\/\/api.w.org\/{rel}","templated":true}]}}