{"id":4926,"date":"2026-04-23T22:43:05","date_gmt":"2026-04-23T20:43:05","guid":{"rendered":"http:\/\/localhost\/borrador\/?post_type=product&#038;p=4926"},"modified":"2026-05-06T16:13:34","modified_gmt":"2026-05-06T21:13:34","slug":"gorra-air-coltan-delta-plus","status":"publish","type":"product","link":"https:\/\/valesafety.com.pe\/?product=gorra-air-coltan-delta-plus","title":{"rendered":"Gorra Air Coltan Delta Plus"},"content":{"rendered":"<h2>Gorra Air Coltan Delta Plus<\/h2>\n<ul>\n<li data-start=\"1163\" data-end=\"1255\"><strong data-start=\"1163\" data-end=\"1205\">Casco de polietileno con 18 orificios:<\/strong> Ventilaci\u00f3n \u00f3ptima que mantiene la cabeza fresca.<\/li>\n<li data-start=\"1258\" data-end=\"1336\"><strong data-start=\"1258\" data-end=\"1296\">Fijaci\u00f3n trasera de ajuste r\u00e1pido:<\/strong> Adaptaci\u00f3n c\u00f3moda a diferentes tama\u00f1os.<\/li>\n<li data-start=\"1339\" data-end=\"1396\"><strong data-start=\"1339\" data-end=\"1354\">Bi-materia:<\/strong> Combina materiales ligeros y resistentes.<\/li>\n<li data-start=\"1399\" data-end=\"1470\"><strong data-start=\"1399\" data-end=\"1424\">Malla Mesh ventilada:<\/strong> Confort t\u00e9rmico y reducci\u00f3n de la sudoraci\u00f3n.<\/li>\n<li data-start=\"1473\" data-end=\"1540\"><strong data-start=\"1473\" data-end=\"1508\">Refuerzo interno en espuma EVA:<\/strong> Mayor protecci\u00f3n contra golpes.<\/li>\n<li data-start=\"1543\" data-end=\"1633\"><strong data-start=\"1543\" data-end=\"1561\">Visera de 7 cm<\/strong> en varias referencias (COLTAAINOLG, COLTAAIBM, COLTAAIGR, COLTAAIJAFL).<\/li>\n<\/ul>\n<p>Necesitas m\u00e1s productos encu\u00e9ntralos en nuestra <a href=\"https:\/\/valesafety.com.pe\/tienda\">tienda .<\/a><\/p>\n<p>Para m\u00e1s informaci\u00f3n sobre este y otros productos, no dudes en contactarnos por\u00a0<a href=\"http:\/\/wa.me\/977762682\" target=\"_blank\" rel=\"noopener\">WhatsApp<\/a>.<\/p>\n","protected":false},"excerpt":{"rendered":"<p>La gorra Air Coltan Delta Plus antichoques tipo baseball es la soluci\u00f3n ideal para proteger la cabeza de golpes accidentales en entornos de trabajo con riesgo limitado. Cumple con la norma EN812:2012 y est\u00e1 fabricada conforme a la Reglamentaci\u00f3n (UE) 2016\/425, garantizando seguridad y calidad certificadas.<\/p>\n","protected":false},"featured_media":4975,"comment_status":"closed","ping_status":"closed","template":"","meta":{"_acf_changed":false},"product_brand":[27],"product_cat":[46],"product_tag":[],"class_list":{"0":"post-4926","1":"product","2":"type-product","3":"status-publish","4":"has-post-thumbnail","6":"product_brand-deltaplus","7":"product_cat-casco-de-seguridad","9":"first","10":"instock","11":"shipping-taxable","12":"purchasable","13":"product-type-simple"},"acf":[],"_links":{"self":[{"href":"https:\/\/valesafety.com.pe\/index.php?rest_route=\/wp\/v2\/product\/4926","targetHints":{"allow":["GET"]}}],"collection":[{"href":"https:\/\/valesafety.com.pe\/index.php?rest_route=\/wp\/v2\/product"}],"about":[{"href":"https:\/\/valesafety.com.pe\/index.php?rest_route=\/wp\/v2\/types\/product"}],"replies":[{"embeddable":true,"href":"https:\/\/valesafety.com.pe\/index.php?rest_route=%2Fwp%2Fv2%2Fcomments&post=4926"}],"wp:featuredmedia":[{"embeddable":true,"href":"https:\/\/valesafety.com.pe\/index.php?rest_route=\/wp\/v2\/media\/4975"}],"wp:attachment":[{"href":"https:\/\/valesafety.com.pe\/index.php?rest_route=%2Fwp%2Fv2%2Fmedia&parent=4926"}],"wp:term":[{"taxonomy":"product_brand","embeddable":true,"href":"https:\/\/valesafety.com.pe\/index.php?rest_route=%2Fwp%2Fv2%2Fproduct_brand&post=4926"},{"taxonomy":"product_cat","embeddable":true,"href":"https:\/\/valesafety.com.pe\/index.php?rest_route=%2Fwp%2Fv2%2Fproduct_cat&post=4926"},{"taxonomy":"product_tag","embeddable":true,"href":"https:\/\/valesafety.com.pe\/index.php?rest_route=%2Fwp%2Fv2%2Fproduct_tag&post=4926"}],"curies":[{"name":"wp","href":"https:\/\/api.w.org\/{rel}","templated":true}]}}