{"id":4925,"date":"2026-04-23T22:43:05","date_gmt":"2026-04-23T20:43:05","guid":{"rendered":"http:\/\/localhost\/borrador\/?post_type=product&#038;p=4925"},"modified":"2026-05-07T09:31:06","modified_gmt":"2026-05-07T14:31:06","slug":"mascarilla-kn95-blanca-clute","status":"publish","type":"product","link":"https:\/\/valesafety.com.pe\/?product=mascarilla-kn95-blanca-clute","title":{"rendered":"Mascarilla KN95 Blanca Clute"},"content":{"rendered":"<h2>Mascarilla KN95 Blanca Clute<\/h2>\n<ul>\n<li data-start=\"1021\" data-end=\"1109\"><strong data-start=\"1021\" data-end=\"1036\">Filtraci\u00f3n:<\/strong> 5 capas de protecci\u00f3n con tela no tejida de polipropileno y poli\u00e9ster.<\/li>\n<li data-start=\"1112\" data-end=\"1193\"><strong data-start=\"1112\" data-end=\"1136\">Clip nasal flexible:<\/strong> Asegura un ajuste preciso y un excelente sello facial.<\/li>\n<li data-start=\"1196\" data-end=\"1301\"><strong data-start=\"1196\" data-end=\"1229\">Bandas el\u00e1sticas resistentes:<\/strong> Orejeras duraderas que distribuyen la presi\u00f3n y eliminan incomodidad.<\/li>\n<li data-start=\"1304\" data-end=\"1367\"><strong data-start=\"1304\" data-end=\"1333\">Dise\u00f1o ligero y plegable:<\/strong> F\u00e1cil de almacenar e higi\u00e9nico.<\/li>\n<li data-start=\"1370\" data-end=\"1463\"><strong data-start=\"1370\" data-end=\"1398\">Presentaci\u00f3n individual:<\/strong> Bolsitas selladas para protecci\u00f3n contra suciedad y deterioro.<\/li>\n<li data-start=\"1466\" data-end=\"1486\"><strong data-start=\"1466\" data-end=\"1476\">Color:<\/strong> Blanco.<\/li>\n<li data-start=\"1489\" data-end=\"1539\"><strong data-start=\"1489\" data-end=\"1505\">Dimensiones:<\/strong> 16.5 cm (alto) x 11 cm (ancho).<\/li>\n<\/ul>\n<p>Necesitas m\u00e1s productos encu\u00e9ntralos en nuestra <a href=\"https:\/\/valesafety.com.pe\/tienda\">tienda .<\/a><\/p>\n<p>Para m\u00e1s informaci\u00f3n sobre este y otros productos, no dudes en contactarnos por\u00a0<a href=\"http:\/\/wa.me\/977762682\" target=\"_blank\" rel=\"noopener\">WhatsApp<\/a>.<\/p>\n","protected":false},"excerpt":{"rendered":"<p data-start=\"644\" data-end=\"982\">La Mascarilla KN95 Blanca de uso no m\u00e9dico ofrece un 95% de eficiencia de filtrado, protegiendo de manera confiable contra polvos y part\u00edculas s\u00f3lidas o l\u00edquidas no oleosas.<\/p>\n","protected":false},"featured_media":4974,"comment_status":"closed","ping_status":"closed","template":"","meta":{"_acf_changed":false},"product_brand":[26],"product_cat":[99,62],"product_tag":[486,487],"class_list":{"0":"post-4925","1":"product","2":"type-product","3":"status-publish","4":"has-post-thumbnail","6":"product_brand-clute","7":"product_cat-mascarillas","8":"product_cat-proteccion-respiratoria","9":"product_tag-mascarilla-descartable","10":"product_tag-mascarilla-knn95","12":"first","13":"instock","14":"shipping-taxable","15":"purchasable","16":"product-type-simple"},"acf":[],"_links":{"self":[{"href":"https:\/\/valesafety.com.pe\/index.php?rest_route=\/wp\/v2\/product\/4925","targetHints":{"allow":["GET"]}}],"collection":[{"href":"https:\/\/valesafety.com.pe\/index.php?rest_route=\/wp\/v2\/product"}],"about":[{"href":"https:\/\/valesafety.com.pe\/index.php?rest_route=\/wp\/v2\/types\/product"}],"replies":[{"embeddable":true,"href":"https:\/\/valesafety.com.pe\/index.php?rest_route=%2Fwp%2Fv2%2Fcomments&post=4925"}],"wp:featuredmedia":[{"embeddable":true,"href":"https:\/\/valesafety.com.pe\/index.php?rest_route=\/wp\/v2\/media\/4974"}],"wp:attachment":[{"href":"https:\/\/valesafety.com.pe\/index.php?rest_route=%2Fwp%2Fv2%2Fmedia&parent=4925"}],"wp:term":[{"taxonomy":"product_brand","embeddable":true,"href":"https:\/\/valesafety.com.pe\/index.php?rest_route=%2Fwp%2Fv2%2Fproduct_brand&post=4925"},{"taxonomy":"product_cat","embeddable":true,"href":"https:\/\/valesafety.com.pe\/index.php?rest_route=%2Fwp%2Fv2%2Fproduct_cat&post=4925"},{"taxonomy":"product_tag","embeddable":true,"href":"https:\/\/valesafety.com.pe\/index.php?rest_route=%2Fwp%2Fv2%2Fproduct_tag&post=4925"}],"curies":[{"name":"wp","href":"https:\/\/api.w.org\/{rel}","templated":true}]}}