{"id":4923,"date":"2026-04-23T22:43:04","date_gmt":"2026-04-23T20:43:04","guid":{"rendered":"http:\/\/localhost\/borrador\/?post_type=product&#038;p=4923"},"modified":"2026-05-07T10:51:22","modified_gmt":"2026-05-07T15:51:22","slug":"tapon-auditivo-elite-tpr-clute","status":"publish","type":"product","link":"https:\/\/valesafety.com.pe\/?product=tapon-auditivo-elite-tpr-clute","title":{"rendered":"Tap\u00f3n Auditivo Elite TPR Clute"},"content":{"rendered":"<h2>Tap\u00f3n Auditivo Elite TPR Clute<\/h2>\n<ul>\n<li data-start=\"590\" data-end=\"684\"><strong data-start=\"590\" data-end=\"603\">Material:<\/strong> TPR hipoalerg\u00e9nico, blando y flexible, que facilita un ajuste c\u00f3modo y seguro.<\/li>\n<li data-start=\"687\" data-end=\"743\"><strong data-start=\"687\" data-end=\"702\">Atenuaci\u00f3n:<\/strong> Nivel de reducci\u00f3n de ruido NRR 25 dB.<\/li>\n<li data-start=\"746\" data-end=\"835\"><strong data-start=\"746\" data-end=\"757\">Dise\u00f1o:<\/strong> C\u00f3nico de tres aletas que permite adaptarse a diferentes canales auditivos.<\/li>\n<li data-start=\"838\" data-end=\"893\"><strong data-start=\"838\" data-end=\"858\">Grip resistente:<\/strong> Facilita su colocaci\u00f3n y retiro.<\/li>\n<li data-start=\"896\" data-end=\"947\"><strong data-start=\"896\" data-end=\"906\">Color:<\/strong> Verde fl\u00faor para f\u00e1cil identificaci\u00f3n.<\/li>\n<li data-start=\"950\" data-end=\"1013\"><strong data-start=\"950\" data-end=\"967\">Tama\u00f1o \u00fanico:<\/strong> Compatible con un amplio rango de usuarios.<\/li>\n<li data-start=\"1016\" data-end=\"1086\"><strong data-start=\"1016\" data-end=\"1033\">Reutilizable:<\/strong> Resistente a la cera del o\u00eddo, lavable y duradero.<\/li>\n<li data-start=\"1089\" data-end=\"1196\"><strong data-start=\"1089\" data-end=\"1107\">Cord\u00f3n textil:<\/strong> Incluye cord\u00f3n de poli\u00e9ster que ayuda a mantener los tapones juntos y evitar p\u00e9rdidas.<\/li>\n<\/ul>\n<p>Necesitas m\u00e1s productos encu\u00e9ntralos en nuestra <a href=\"https:\/\/valesafety.com.pe\/tienda\">tienda .<\/a><\/p>\n<p>Para m\u00e1s informaci\u00f3n sobre este y otros productos, no dudes en contactarnos por\u00a0<a href=\"http:\/\/wa.me\/977762682\" target=\"_blank\" rel=\"noopener\">WhatsApp<\/a>.<\/p>\n","protected":false},"excerpt":{"rendered":"<p>El Tap\u00f3n Auditivo Elite TPR de CLUTE est\u00e1 dise\u00f1ado para reducir de manera efectiva la exposici\u00f3n al ruido, protegiendo la audici\u00f3n del usuario sin generar sensaci\u00f3n de aislamiento.<\/p>\n","protected":false},"featured_media":4972,"comment_status":"closed","ping_status":"closed","template":"","meta":{"_acf_changed":false},"product_brand":[26],"product_cat":[56,88],"product_tag":[],"class_list":{"0":"post-4923","1":"product","2":"type-product","3":"status-publish","4":"has-post-thumbnail","6":"product_brand-clute","7":"product_cat-proteccion-auditiva","8":"product_cat-tapones-auditivos","10":"first","11":"instock","12":"shipping-taxable","13":"purchasable","14":"product-type-simple"},"acf":[],"_links":{"self":[{"href":"https:\/\/valesafety.com.pe\/index.php?rest_route=\/wp\/v2\/product\/4923","targetHints":{"allow":["GET"]}}],"collection":[{"href":"https:\/\/valesafety.com.pe\/index.php?rest_route=\/wp\/v2\/product"}],"about":[{"href":"https:\/\/valesafety.com.pe\/index.php?rest_route=\/wp\/v2\/types\/product"}],"replies":[{"embeddable":true,"href":"https:\/\/valesafety.com.pe\/index.php?rest_route=%2Fwp%2Fv2%2Fcomments&post=4923"}],"wp:featuredmedia":[{"embeddable":true,"href":"https:\/\/valesafety.com.pe\/index.php?rest_route=\/wp\/v2\/media\/4972"}],"wp:attachment":[{"href":"https:\/\/valesafety.com.pe\/index.php?rest_route=%2Fwp%2Fv2%2Fmedia&parent=4923"}],"wp:term":[{"taxonomy":"product_brand","embeddable":true,"href":"https:\/\/valesafety.com.pe\/index.php?rest_route=%2Fwp%2Fv2%2Fproduct_brand&post=4923"},{"taxonomy":"product_cat","embeddable":true,"href":"https:\/\/valesafety.com.pe\/index.php?rest_route=%2Fwp%2Fv2%2Fproduct_cat&post=4923"},{"taxonomy":"product_tag","embeddable":true,"href":"https:\/\/valesafety.com.pe\/index.php?rest_route=%2Fwp%2Fv2%2Fproduct_tag&post=4923"}],"curies":[{"name":"wp","href":"https:\/\/api.w.org\/{rel}","templated":true}]}}