{"id":4913,"date":"2026-04-23T22:42:33","date_gmt":"2026-04-23T20:42:33","guid":{"rendered":"http:\/\/localhost\/borrador\/?post_type=product&#038;p=4913"},"modified":"2026-05-07T09:48:06","modified_gmt":"2026-05-07T14:48:06","slug":"pano-absorbente-de-hidrocarburos-nacional","status":"publish","type":"product","link":"https:\/\/valesafety.com.pe\/?product=pano-absorbente-de-hidrocarburos-nacional","title":{"rendered":"Pa\u00f1o absorbente de Hidrocarburos Nacional"},"content":{"rendered":"<h2>Pa\u00f1o absorbente de Hidrocarburos Nacional<\/h2>\n<ul>\n<li data-start=\"629\" data-end=\"688\"><strong data-start=\"629\" data-end=\"647\">Uso principal:<\/strong> Absorci\u00f3n de petr\u00f3leo e hidrocarburos.<\/li>\n<li data-start=\"691\" data-end=\"750\"><strong data-start=\"691\" data-end=\"704\">Material:<\/strong> Fibras sint\u00e9ticas ligeras, libres de polvo.<\/li>\n<li data-start=\"753\" data-end=\"779\"><strong data-start=\"753\" data-end=\"765\">Medidas:<\/strong> 40 x 50 cm.<\/li>\n<li data-start=\"782\" data-end=\"875\"><strong data-start=\"782\" data-end=\"798\">Propiedades:<\/strong> Alta capacidad de absorci\u00f3n que reduce la cantidad de residuos a eliminar.<\/li>\n<li data-start=\"878\" data-end=\"996\"><strong data-start=\"878\" data-end=\"897\">Compatibilidad:<\/strong> No recomendado para l\u00edquidos acuosos, \u00e1cidos fuertes, oxidantes, c\u00e1usticos o qu\u00edmicos reactivos.<\/li>\n<li data-start=\"999\" data-end=\"1078\"><strong data-start=\"999\" data-end=\"1029\">Temperatura m\u00e1xima de uso:<\/strong> Hasta 60 \u00b0C (previa prueba de compatibilidad).<\/li>\n<\/ul>\n<p>Necesitas m\u00e1s productos encu\u00e9ntralos en nuestra <a href=\"https:\/\/valesafety.com.pe\/tienda\">tienda .<\/a><\/p>\n<p>Para m\u00e1s informaci\u00f3n sobre este y otros productos, no dudes en contactarnos por\u00a0<a href=\"http:\/\/wa.me\/977762682\" target=\"_blank\" rel=\"noopener\">WhatsApp<\/a>.<\/p>\n","protected":false},"excerpt":{"rendered":"<p><span class=\"OYPEnA font-feature-liga-off font-feature-clig-off font-feature-calt-off text-decoration-none text-strikethrough-none\">El Pa\u00f1o absorbente de Hidrocarburos Nacional se usa para el control de derrames de hidrocarburos en el agua o la tierra. El pa\u00f1o absorbente nacional son<\/span> <span class=\"OYPEnA font-feature-liga-off font-feature-clig-off font-feature-calt-off text-decoration-none text-strikethrough-none\">absorbentes de Petr\u00f3leo repelen el agua y flotar\u00e1n (mientras no haya presencia de tensioactivos).<\/span><\/p>\n","protected":false},"featured_media":4970,"comment_status":"closed","ping_status":"closed","template":"","meta":{"_acf_changed":false},"product_brand":[],"product_cat":[44],"product_tag":[482,483,484],"class_list":{"0":"post-4913","1":"product","2":"type-product","3":"status-publish","4":"has-post-thumbnail","6":"product_cat-antiderrames","7":"product_tag-absorbentes-de-hidrocarburos","8":"product_tag-control-de-derrames","9":"product_tag-equipos-de-emergencia","11":"first","12":"instock","13":"shipping-taxable","14":"purchasable","15":"product-type-simple"},"acf":[],"_links":{"self":[{"href":"https:\/\/valesafety.com.pe\/index.php?rest_route=\/wp\/v2\/product\/4913","targetHints":{"allow":["GET"]}}],"collection":[{"href":"https:\/\/valesafety.com.pe\/index.php?rest_route=\/wp\/v2\/product"}],"about":[{"href":"https:\/\/valesafety.com.pe\/index.php?rest_route=\/wp\/v2\/types\/product"}],"replies":[{"embeddable":true,"href":"https:\/\/valesafety.com.pe\/index.php?rest_route=%2Fwp%2Fv2%2Fcomments&post=4913"}],"wp:featuredmedia":[{"embeddable":true,"href":"https:\/\/valesafety.com.pe\/index.php?rest_route=\/wp\/v2\/media\/4970"}],"wp:attachment":[{"href":"https:\/\/valesafety.com.pe\/index.php?rest_route=%2Fwp%2Fv2%2Fmedia&parent=4913"}],"wp:term":[{"taxonomy":"product_brand","embeddable":true,"href":"https:\/\/valesafety.com.pe\/index.php?rest_route=%2Fwp%2Fv2%2Fproduct_brand&post=4913"},{"taxonomy":"product_cat","embeddable":true,"href":"https:\/\/valesafety.com.pe\/index.php?rest_route=%2Fwp%2Fv2%2Fproduct_cat&post=4913"},{"taxonomy":"product_tag","embeddable":true,"href":"https:\/\/valesafety.com.pe\/index.php?rest_route=%2Fwp%2Fv2%2Fproduct_tag&post=4913"}],"curies":[{"name":"wp","href":"https:\/\/api.w.org\/{rel}","templated":true}]}}