{"id":4912,"date":"2026-04-23T22:42:32","date_gmt":"2026-04-23T20:42:32","guid":{"rendered":"http:\/\/localhost\/borrador\/?post_type=product&#038;p=4912"},"modified":"2026-05-06T12:43:16","modified_gmt":"2026-05-06T17:43:16","slug":"bota-muslera-nitro-punta-de-acero-segusa","status":"publish","type":"product","link":"https:\/\/valesafety.com.pe\/?product=bota-muslera-nitro-punta-de-acero-segusa","title":{"rendered":"Bota Muslera Nitro Punta de Acero Segusa"},"content":{"rendered":"<h2>Bota Muslera Nitro Punta de Acero<\/h2>\n<ul>\n<li data-start=\"543\" data-end=\"595\"><strong data-start=\"543\" data-end=\"554\">Altura:<\/strong> 73 cm para proteger pie y pantorrilla.<\/li>\n<li data-start=\"598\" data-end=\"633\"><strong data-start=\"598\" data-end=\"608\">Color:<\/strong> Negro con ribete gris.<\/li>\n<li data-start=\"636\" data-end=\"682\"><strong data-start=\"636\" data-end=\"654\">Forro interno:<\/strong> Lona blanca transpirable.<\/li>\n<li data-start=\"685\" data-end=\"810\"><strong data-start=\"685\" data-end=\"698\">Material:<\/strong> Caucho prensado mediante <strong data-start=\"724\" data-end=\"748\">Compression Moulding<\/strong>, \u00edntegramente reforzado en puntera, tobillo, tal\u00f3n e ingle.<\/li>\n<li data-start=\"813\" data-end=\"891\"><strong data-start=\"813\" data-end=\"828\">Opcionales:<\/strong> Plantilla de acero y\/o puntera de acero seg\u00fan requerimiento.<\/li>\n<li data-start=\"894\" data-end=\"978\"><strong data-start=\"894\" data-end=\"910\">Propiedades:<\/strong> Impermeable, antideslizante, resistente a \u00e1cidos e hidrocarburos.<\/li>\n<li data-start=\"981\" data-end=\"1004\"><strong data-start=\"981\" data-end=\"992\">Tallas:<\/strong> 38 al 47<\/li>\n<\/ul>\n<p>Necesitas m\u00e1s productos encu\u00e9ntralos en nuestra <a href=\"https:\/\/valesafety.com.pe\/tienda\">tienda .<\/a><\/p>\n<p>Para m\u00e1s informaci\u00f3n sobre este y otros productos, no dudes en contactarnos por\u00a0<a href=\"http:\/\/wa.me\/977762682\" target=\"_blank\" rel=\"noopener\">WhatsApp<\/a>.<\/p>\n","protected":false},"excerpt":{"rendered":"<p data-start=\"259\" data-end=\"504\">La Bota Muslera Nitro Punta de Acero ofrece protecci\u00f3n integral en entornos industriales y trabajos de alto riesgo. Su dise\u00f1o robusto y ergon\u00f3mico garantiza seguridad, comodidad y resistencia ante diversos factores ambientales y mec\u00e1nicos.<\/p>\n<p data-start=\"506\" data-end=\"540\">\n","protected":false},"featured_media":4969,"comment_status":"closed","ping_status":"closed","template":"","meta":{"_acf_changed":false},"product_brand":[621],"product_cat":[68,116],"product_tag":[480,481,341],"class_list":{"0":"post-4912","1":"product","2":"type-product","3":"status-publish","4":"has-post-thumbnail","6":"product_brand-segusa","7":"product_cat-zapatos-de-seguridad","8":"product_cat-zapatos-de-trabajo","9":"product_tag-botas-largas","10":"product_tag-caucho","11":"product_tag-proteccion-corporal","13":"first","14":"instock","15":"shipping-taxable","16":"purchasable","17":"product-type-simple"},"acf":[],"_links":{"self":[{"href":"https:\/\/valesafety.com.pe\/index.php?rest_route=\/wp\/v2\/product\/4912","targetHints":{"allow":["GET"]}}],"collection":[{"href":"https:\/\/valesafety.com.pe\/index.php?rest_route=\/wp\/v2\/product"}],"about":[{"href":"https:\/\/valesafety.com.pe\/index.php?rest_route=\/wp\/v2\/types\/product"}],"replies":[{"embeddable":true,"href":"https:\/\/valesafety.com.pe\/index.php?rest_route=%2Fwp%2Fv2%2Fcomments&post=4912"}],"wp:featuredmedia":[{"embeddable":true,"href":"https:\/\/valesafety.com.pe\/index.php?rest_route=\/wp\/v2\/media\/4969"}],"wp:attachment":[{"href":"https:\/\/valesafety.com.pe\/index.php?rest_route=%2Fwp%2Fv2%2Fmedia&parent=4912"}],"wp:term":[{"taxonomy":"product_brand","embeddable":true,"href":"https:\/\/valesafety.com.pe\/index.php?rest_route=%2Fwp%2Fv2%2Fproduct_brand&post=4912"},{"taxonomy":"product_cat","embeddable":true,"href":"https:\/\/valesafety.com.pe\/index.php?rest_route=%2Fwp%2Fv2%2Fproduct_cat&post=4912"},{"taxonomy":"product_tag","embeddable":true,"href":"https:\/\/valesafety.com.pe\/index.php?rest_route=%2Fwp%2Fv2%2Fproduct_tag&post=4912"}],"curies":[{"name":"wp","href":"https:\/\/api.w.org\/{rel}","templated":true}]}}