{"id":4911,"date":"2026-04-23T22:42:32","date_gmt":"2026-04-23T20:42:32","guid":{"rendered":"http:\/\/localhost\/borrador\/?post_type=product&#038;p=4911"},"modified":"2026-04-29T12:48:34","modified_gmt":"2026-04-29T17:48:34","slug":"bota-minera-ggb-liviana-segusa","status":"publish","type":"product","link":"https:\/\/valesafety.com.pe\/?product=bota-minera-ggb-liviana-segusa","title":{"rendered":"Bota Minera GGB Liviana Segusa"},"content":{"rendered":"<h2>Bota Minera GGB Liviana Segusa<\/h2>\n<ul>\n<li data-start=\"475\" data-end=\"564\"><strong data-start=\"475\" data-end=\"486\">Modelo:<\/strong> Fabricada con proceso <strong data-start=\"509\" data-end=\"533\">Compression Moulding<\/strong> en una sola pieza de caucho.<\/li>\n<li data-start=\"567\" data-end=\"627\"><strong data-start=\"567\" data-end=\"588\">Puntera de acero:<\/strong> M\u00e1xima protecci\u00f3n frente a impactos.<\/li>\n<li data-start=\"630\" data-end=\"698\"><strong data-start=\"630\" data-end=\"660\">Plantilla antiperforaci\u00f3n:<\/strong> Seguridad contra objetos punzantes.<\/li>\n<li data-start=\"701\" data-end=\"796\"><strong data-start=\"701\" data-end=\"738\">Suela antideslizante y reforzada:<\/strong> Mayor estabilidad en superficies irregulares o h\u00famedas.<\/li>\n<li data-start=\"799\" data-end=\"858\"><strong data-start=\"799\" data-end=\"815\">Impermeable:<\/strong> Hidrofugada, evita filtraciones de agua.<\/li>\n<li data-start=\"861\" data-end=\"934\"><strong data-start=\"861\" data-end=\"885\">Resistencia qu\u00edmica:<\/strong> Apta para contacto con \u00e1cidos e hidrocarburos.<\/li>\n<li data-start=\"937\" data-end=\"1023\"><strong data-start=\"937\" data-end=\"955\">Forro interno:<\/strong> <strong data-start=\"956\" data-end=\"979\">Dral\u00f3n t\u00e9rmico azul<\/strong> que brinda aislamiento y confort t\u00e9rmico.<\/li>\n<li data-start=\"1026\" data-end=\"1046\"><strong data-start=\"1026\" data-end=\"1037\">Altura:<\/strong> 36 cm.<\/li>\n<li data-start=\"1049\" data-end=\"1084\"><strong data-start=\"1049\" data-end=\"1072\">Tallas disponibles:<\/strong> 38 al 45.<\/li>\n<li data-start=\"1087\" data-end=\"1106\"><strong data-start=\"1087\" data-end=\"1097\">Color:<\/strong> Negro.<\/li>\n<\/ul>\n<p>Necesitas m\u00e1s productos encu\u00e9ntralos en nuestra <a href=\"https:\/\/valesafety.com.pe\/tienda\">tienda .<\/a><\/p>\n<p>Para m\u00e1s informaci\u00f3n sobre este y otros productos, no dudes en contactarnos por\u00a0<a href=\"http:\/\/wa.me\/977762682\" target=\"_blank\" rel=\"noopener\">WhatsApp<\/a>.<\/p>\n","protected":false},"excerpt":{"rendered":"<p>La Bota Minera GGB Liviana Segusa combina materiales de alta resistencia con un dise\u00f1o c\u00f3modo y seguro, ideal para trabajos industriales y mineros donde se requiere protecci\u00f3n robusta.<\/p>\n","protected":false},"featured_media":4968,"comment_status":"closed","ping_status":"closed","template":"","meta":{"_acf_changed":false},"product_brand":[],"product_cat":[115,68],"product_tag":[],"class_list":{"0":"post-4911","1":"product","2":"type-product","3":"status-publish","4":"has-post-thumbnail","6":"product_cat-botas-de-pvc","7":"product_cat-zapatos-de-seguridad","9":"first","10":"instock","11":"shipping-taxable","12":"purchasable","13":"product-type-simple"},"acf":[],"_links":{"self":[{"href":"https:\/\/valesafety.com.pe\/index.php?rest_route=\/wp\/v2\/product\/4911","targetHints":{"allow":["GET"]}}],"collection":[{"href":"https:\/\/valesafety.com.pe\/index.php?rest_route=\/wp\/v2\/product"}],"about":[{"href":"https:\/\/valesafety.com.pe\/index.php?rest_route=\/wp\/v2\/types\/product"}],"replies":[{"embeddable":true,"href":"https:\/\/valesafety.com.pe\/index.php?rest_route=%2Fwp%2Fv2%2Fcomments&post=4911"}],"wp:featuredmedia":[{"embeddable":true,"href":"https:\/\/valesafety.com.pe\/index.php?rest_route=\/wp\/v2\/media\/4968"}],"wp:attachment":[{"href":"https:\/\/valesafety.com.pe\/index.php?rest_route=%2Fwp%2Fv2%2Fmedia&parent=4911"}],"wp:term":[{"taxonomy":"product_brand","embeddable":true,"href":"https:\/\/valesafety.com.pe\/index.php?rest_route=%2Fwp%2Fv2%2Fproduct_brand&post=4911"},{"taxonomy":"product_cat","embeddable":true,"href":"https:\/\/valesafety.com.pe\/index.php?rest_route=%2Fwp%2Fv2%2Fproduct_cat&post=4911"},{"taxonomy":"product_tag","embeddable":true,"href":"https:\/\/valesafety.com.pe\/index.php?rest_route=%2Fwp%2Fv2%2Fproduct_tag&post=4911"}],"curies":[{"name":"wp","href":"https:\/\/api.w.org\/{rel}","templated":true}]}}