{"id":4908,"date":"2026-04-23T22:42:32","date_gmt":"2026-04-23T20:42:32","guid":{"rendered":"http:\/\/localhost\/borrador\/?post_type=product&#038;p=4908"},"modified":"2026-05-06T12:43:40","modified_gmt":"2026-05-06T17:43:40","slug":"bota-quimica-pvc-punta-de-acero-blanco-segusa","status":"publish","type":"product","link":"https:\/\/valesafety.com.pe\/?product=bota-quimica-pvc-punta-de-acero-blanco-segusa","title":{"rendered":"Bota Qu\u00edmica PVC Punta de Acero Blanco Segusa"},"content":{"rendered":"<h2>Bota Qu\u00edmica PVC Punta de Acero Blanco Segusa<\/h2>\n<ul>\n<li>Peso Aprox:\u00a0 2.07 Kg \/ Par<\/li>\n<li>Color de Suela: Blanco<\/li>\n<li>Color de Ca\u00f1a: Blanco<\/li>\n<li>Altura Promedio: 36 cm<\/li>\n<li>Tallas: 38-44<\/li>\n<li style=\"font-size: 16px;\">Taco de 35 mm<\/li>\n<li>Impermeable<\/li>\n<li>Resistente a la flexi\u00f3n.<\/li>\n<li>Resistente a la tracci\u00f3n y elongaci\u00f3n.<\/li>\n<li>Resistente al impacto en puntera<\/li>\n<li>Resistente a la compresi\u00f3n en puntera.<\/li>\n<li>Norma NTP-ISO 20345:2017 Y NTP &#8211; ISO 20346:2017<\/li>\n<\/ul>\n<p>Necesitas m\u00e1s productos encu\u00e9ntralos en nuestra <a href=\"https:\/\/valesafety.com.pe\/tienda\">tienda .<\/a><\/p>\n<p>Para m\u00e1s informaci\u00f3n sobre este y otros productos, no dudes en contactarnos por\u00a0<a href=\"http:\/\/wa.me\/977762682\" target=\"_blank\" rel=\"noopener\">WhatsApp<\/a>.<\/p>\n","protected":false},"excerpt":{"rendered":"<p>La Bota Qu\u00edmica PVC de la marca Segusa de policloruro de vinilo, con refuerzo en el tobillo y tal\u00f3n, fabricada bajo el proceso de inyecci\u00f3n, con alma interna de poli\u00e9ster y puntera de acero. Ideal para trabajos en \u00e1reas h\u00famedas como jardiner\u00eda, lavaderos y ambientes de inocuidad.<\/p>\n","protected":false},"featured_media":4956,"comment_status":"closed","ping_status":"closed","template":"","meta":{"_acf_changed":false},"product_brand":[621],"product_cat":[68],"product_tag":[476,477],"class_list":{"0":"post-4908","1":"product","2":"type-product","3":"status-publish","4":"has-post-thumbnail","6":"product_brand-segusa","7":"product_cat-zapatos-de-seguridad","8":"product_tag-bota-pvc","9":"product_tag-segusa","11":"first","12":"instock","13":"shipping-taxable","14":"purchasable","15":"product-type-simple"},"acf":[],"_links":{"self":[{"href":"https:\/\/valesafety.com.pe\/index.php?rest_route=\/wp\/v2\/product\/4908","targetHints":{"allow":["GET"]}}],"collection":[{"href":"https:\/\/valesafety.com.pe\/index.php?rest_route=\/wp\/v2\/product"}],"about":[{"href":"https:\/\/valesafety.com.pe\/index.php?rest_route=\/wp\/v2\/types\/product"}],"replies":[{"embeddable":true,"href":"https:\/\/valesafety.com.pe\/index.php?rest_route=%2Fwp%2Fv2%2Fcomments&post=4908"}],"wp:featuredmedia":[{"embeddable":true,"href":"https:\/\/valesafety.com.pe\/index.php?rest_route=\/wp\/v2\/media\/4956"}],"wp:attachment":[{"href":"https:\/\/valesafety.com.pe\/index.php?rest_route=%2Fwp%2Fv2%2Fmedia&parent=4908"}],"wp:term":[{"taxonomy":"product_brand","embeddable":true,"href":"https:\/\/valesafety.com.pe\/index.php?rest_route=%2Fwp%2Fv2%2Fproduct_brand&post=4908"},{"taxonomy":"product_cat","embeddable":true,"href":"https:\/\/valesafety.com.pe\/index.php?rest_route=%2Fwp%2Fv2%2Fproduct_cat&post=4908"},{"taxonomy":"product_tag","embeddable":true,"href":"https:\/\/valesafety.com.pe\/index.php?rest_route=%2Fwp%2Fv2%2Fproduct_tag&post=4908"}],"curies":[{"name":"wp","href":"https:\/\/api.w.org\/{rel}","templated":true}]}}