{"id":4907,"date":"2026-04-23T22:42:31","date_gmt":"2026-04-23T20:42:31","guid":{"rendered":"http:\/\/localhost\/borrador\/?post_type=product&#038;p=4907"},"modified":"2026-04-30T15:38:54","modified_gmt":"2026-04-30T20:38:54","slug":"vara-luminosa-recargable-rojo","status":"publish","type":"product","link":"https:\/\/valesafety.com.pe\/?product=vara-luminosa-recargable-rojo","title":{"rendered":"Vara Luminosa Recargable Rojo"},"content":{"rendered":"<h2>Vara Luminosa Recargable Rojo<\/h2>\n<ul>\n<li data-start=\"668\" data-end=\"730\">Sistema LED: 6 luces rojas de larga duraci\u00f3n (70,000 horas).<\/li>\n<li data-start=\"733\" data-end=\"779\">Funciones: Luz fija, intermitente y apagado.<\/li>\n<li data-start=\"782\" data-end=\"810\">Visibilidad m\u00e1xima: 600 m.<\/li>\n<li data-start=\"813\" data-end=\"889\">Material: Tubo PVC y mango ABS negro antideslizante con sujetador de mano.<\/li>\n<li data-start=\"892\" data-end=\"937\">Dimensiones: Di\u00e1metro 4.3 cm x Largo 54 cm.<\/li>\n<li data-start=\"940\" data-end=\"979\">Resistente a impactos y clima severo.<\/li>\n<li data-start=\"982\" data-end=\"1022\">Incluye bater\u00eda recargable y cargador.<\/li>\n<li data-start=\"1025\" data-end=\"1046\">Procedencia: China.<\/li>\n<\/ul>\n<p>Necesitas m\u00e1s productos encu\u00e9ntralos en nuestra <a href=\"https:\/\/valesafety.com.pe\/tienda\">tienda .<\/a><\/p>\n<p>Para m\u00e1s informaci\u00f3n sobre este y otros productos, no dudes en contactarnos por\u00a0<a href=\"http:\/\/wa.me\/977762682\" target=\"_blank\" rel=\"noopener\">WhatsApp<\/a>.<\/p>\n","protected":false},"excerpt":{"rendered":"<p>La Vara Luminosa Recargable Rojo <span class=\"OYPEnA font-feature-liga-off font-feature-clig-off font-feature-calt-off text-decoration-none text-strikethrough-none\">manual para funciones de seguridad, se\u00f1alizaci\u00f3n, balizamiento, etc. Se trata de una vara con empu\u00f1adura y diversas funciones de se\u00f1alizaci\u00f3n, gran visibilidad, especialmente de noche, gracias a sus efectos luminosos de alta intensidad.<\/span><\/p>\n","protected":false},"featured_media":4955,"comment_status":"closed","ping_status":"closed","template":"","meta":{"_acf_changed":false},"product_brand":[],"product_cat":[64],"product_tag":[],"class_list":{"0":"post-4907","1":"product","2":"type-product","3":"status-publish","4":"has-post-thumbnail","6":"product_cat-proteccion-vial","8":"first","9":"instock","10":"shipping-taxable","11":"purchasable","12":"product-type-simple"},"acf":[],"_links":{"self":[{"href":"https:\/\/valesafety.com.pe\/index.php?rest_route=\/wp\/v2\/product\/4907","targetHints":{"allow":["GET"]}}],"collection":[{"href":"https:\/\/valesafety.com.pe\/index.php?rest_route=\/wp\/v2\/product"}],"about":[{"href":"https:\/\/valesafety.com.pe\/index.php?rest_route=\/wp\/v2\/types\/product"}],"replies":[{"embeddable":true,"href":"https:\/\/valesafety.com.pe\/index.php?rest_route=%2Fwp%2Fv2%2Fcomments&post=4907"}],"wp:featuredmedia":[{"embeddable":true,"href":"https:\/\/valesafety.com.pe\/index.php?rest_route=\/wp\/v2\/media\/4955"}],"wp:attachment":[{"href":"https:\/\/valesafety.com.pe\/index.php?rest_route=%2Fwp%2Fv2%2Fmedia&parent=4907"}],"wp:term":[{"taxonomy":"product_brand","embeddable":true,"href":"https:\/\/valesafety.com.pe\/index.php?rest_route=%2Fwp%2Fv2%2Fproduct_brand&post=4907"},{"taxonomy":"product_cat","embeddable":true,"href":"https:\/\/valesafety.com.pe\/index.php?rest_route=%2Fwp%2Fv2%2Fproduct_cat&post=4907"},{"taxonomy":"product_tag","embeddable":true,"href":"https:\/\/valesafety.com.pe\/index.php?rest_route=%2Fwp%2Fv2%2Fproduct_tag&post=4907"}],"curies":[{"name":"wp","href":"https:\/\/api.w.org\/{rel}","templated":true}]}}