{"id":4905,"date":"2026-04-23T22:42:31","date_gmt":"2026-04-23T20:42:31","guid":{"rendered":"http:\/\/localhost\/borrador\/?post_type=product&#038;p=4905"},"modified":"2026-05-06T16:32:54","modified_gmt":"2026-05-06T21:32:54","slug":"guante-g-flex-rojo-segpro","status":"publish","type":"product","link":"https:\/\/valesafety.com.pe\/?product=guante-g-flex-rojo-segpro","title":{"rendered":"Guante G-FLEX Rojo Segpro"},"content":{"rendered":"<h2>Guante G-FLEX Rojo Segpro<\/h2>\n<ul>\n<li data-start=\"180\" data-end=\"221\">Resistente al desgarro y alta abrasi\u00f3n.<\/li>\n<li data-start=\"224\" data-end=\"283\">Triple ba\u00f1o de l\u00e1tex corrugado que prolonga la vida \u00fatil.<\/li>\n<li data-start=\"286\" data-end=\"316\">Certificado EN 388 y EN 420.<\/li>\n<li data-start=\"318\" data-end=\"333\"><strong data-start=\"318\" data-end=\"331\">Material:<\/strong><\/li>\n<li data-start=\"336\" data-end=\"376\">Poli\u00e9ster 10 galga y polialgod\u00f3n rojo.<\/li>\n<li data-start=\"379\" data-end=\"433\">Palma recubierta con l\u00e1tex rugoso para mejor agarre.<\/li>\n<li data-start=\"435\" data-end=\"451\"><strong data-start=\"435\" data-end=\"449\">Comodidad:<\/strong><\/li>\n<li data-start=\"454\" data-end=\"506\">Dise\u00f1o ergon\u00f3mico que reduce la fatiga en la mano.<\/li>\n<li data-start=\"508\" data-end=\"521\"><strong data-start=\"508\" data-end=\"519\">Tallas:<\/strong><\/li>\n<li data-start=\"524\" data-end=\"531\">M (8) y L\u00a0 (9)<\/li>\n<\/ul>\n<p>Necesitas m\u00e1s productos encu\u00e9ntralos en nuestra <a href=\"https:\/\/valesafety.com.pe\/tienda\">tienda .<\/a><\/p>\n<p>Para m\u00e1s informaci\u00f3n sobre este y otros productos, no dudes en contactarnos por\u00a0<a href=\"http:\/\/wa.me\/977762682\" target=\"_blank\" rel=\"noopener\">WhatsApp<\/a>.<\/p>\n","protected":false},"excerpt":{"rendered":"<p>El Guante G-FLEX Rojo de la marca Segpro est\u00e1 dise\u00f1ado para brindar protecci\u00f3n superior contra riesgos mec\u00e1nicos, combinando materiales de alta calidad y un dise\u00f1o ergon\u00f3mico que asegura comodidad y destreza en cada tarea<\/p>\n","protected":false},"featured_media":4953,"comment_status":"closed","ping_status":"closed","template":"","meta":{"_acf_changed":false},"product_brand":[35],"product_cat":[59],"product_tag":[],"class_list":{"0":"post-4905","1":"product","2":"type-product","3":"status-publish","4":"has-post-thumbnail","6":"product_brand-segpro","7":"product_cat-proteccion-de-las-manos","9":"first","10":"instock","11":"shipping-taxable","12":"purchasable","13":"product-type-simple"},"acf":[],"_links":{"self":[{"href":"https:\/\/valesafety.com.pe\/index.php?rest_route=\/wp\/v2\/product\/4905","targetHints":{"allow":["GET"]}}],"collection":[{"href":"https:\/\/valesafety.com.pe\/index.php?rest_route=\/wp\/v2\/product"}],"about":[{"href":"https:\/\/valesafety.com.pe\/index.php?rest_route=\/wp\/v2\/types\/product"}],"replies":[{"embeddable":true,"href":"https:\/\/valesafety.com.pe\/index.php?rest_route=%2Fwp%2Fv2%2Fcomments&post=4905"}],"wp:featuredmedia":[{"embeddable":true,"href":"https:\/\/valesafety.com.pe\/index.php?rest_route=\/wp\/v2\/media\/4953"}],"wp:attachment":[{"href":"https:\/\/valesafety.com.pe\/index.php?rest_route=%2Fwp%2Fv2%2Fmedia&parent=4905"}],"wp:term":[{"taxonomy":"product_brand","embeddable":true,"href":"https:\/\/valesafety.com.pe\/index.php?rest_route=%2Fwp%2Fv2%2Fproduct_brand&post=4905"},{"taxonomy":"product_cat","embeddable":true,"href":"https:\/\/valesafety.com.pe\/index.php?rest_route=%2Fwp%2Fv2%2Fproduct_cat&post=4905"},{"taxonomy":"product_tag","embeddable":true,"href":"https:\/\/valesafety.com.pe\/index.php?rest_route=%2Fwp%2Fv2%2Fproduct_tag&post=4905"}],"curies":[{"name":"wp","href":"https:\/\/api.w.org\/{rel}","templated":true}]}}