{"id":4904,"date":"2026-04-23T22:42:31","date_gmt":"2026-04-23T20:42:31","guid":{"rendered":"http:\/\/localhost\/borrador\/?post_type=product&#038;p=4904"},"modified":"2026-05-06T15:46:22","modified_gmt":"2026-05-06T20:46:22","slug":"chaleco-tipo-mallla-reflectivo-segpro","status":"publish","type":"product","link":"https:\/\/valesafety.com.pe\/?product=chaleco-tipo-mallla-reflectivo-segpro","title":{"rendered":"Chaleco Tipo Mallla Reflectivo Segpro"},"content":{"rendered":"<h2>Chaleco Tipo Mallla Reflectivo Segpro<\/h2>\n<ul>\n<li data-start=\"866\" data-end=\"926\">Colores: Naranja y verde fluorescente de alta visibilidad.<\/li>\n<li data-start=\"929\" data-end=\"936\">Peso:<\/li>\n<li data-start=\"941\" data-end=\"959\">Liviano: 60 g\/m\u00b2<\/li>\n<li data-start=\"964\" data-end=\"982\">Pesado: 120 g\/m\u00b2<\/li>\n<li data-start=\"985\" data-end=\"1036\">Cierre con velcro para un ajuste r\u00e1pido y seguro.<\/li>\n<li data-start=\"1038\" data-end=\"1063\"><strong data-start=\"1038\" data-end=\"1061\">Medidas Disponibles<\/strong><\/li>\n<li data-start=\"1066\" data-end=\"1103\">Talla L: Ancho 22 cm x Alto 26.5 cm<\/li>\n<li data-start=\"1106\" data-end=\"1146\">Talla XL: Ancho 23.5 cm x Alto 27.5 cm<\/li>\n<li data-start=\"1106\" data-end=\"1146\">\n<p data-start=\"646\" data-end=\"830\">Confeccionado en 100% poli\u00e9ster resistente y transpirable. Su pigmentaci\u00f3n incorporada en la fabricaci\u00f3n evita la decoloraci\u00f3n con el uso o el lavado.<\/p>\n<\/li>\n<\/ul>\n<p>Necesitas m\u00e1s productos encu\u00e9ntralos en nuestra <a href=\"https:\/\/valesafety.com.pe\/tienda\">tienda .<\/a><\/p>\n<p>Para m\u00e1s informaci\u00f3n sobre este y otros productos, no dudes en contactarnos por\u00a0<a href=\"http:\/\/wa.me\/977762682\" target=\"_blank\" rel=\"noopener\">WhatsApp<\/a>.<\/p>\n","protected":false},"excerpt":{"rendered":"<p>El Chaleco Tipo Mallla Reflectivo de la marca Segpro\u00a0es la soluci\u00f3n ideal para zonas de trabajo donde la visibilidad del trabajador es prioritaria, combinando materiales de calidad, dise\u00f1o liviano y colores fluorescentes de alto impacto.<\/p>\n","protected":false},"featured_media":4951,"comment_status":"closed","ping_status":"closed","template":"","meta":{"_acf_changed":false},"product_brand":[35],"product_cat":[66,67],"product_tag":[],"class_list":{"0":"post-4904","1":"product","2":"type-product","3":"status-publish","4":"has-post-thumbnail","6":"product_brand-segpro","7":"product_cat-ropa-de-seguridad","8":"product_cat-ropa-de-trabajo","10":"first","11":"instock","12":"shipping-taxable","13":"purchasable","14":"product-type-simple"},"acf":[],"_links":{"self":[{"href":"https:\/\/valesafety.com.pe\/index.php?rest_route=\/wp\/v2\/product\/4904","targetHints":{"allow":["GET"]}}],"collection":[{"href":"https:\/\/valesafety.com.pe\/index.php?rest_route=\/wp\/v2\/product"}],"about":[{"href":"https:\/\/valesafety.com.pe\/index.php?rest_route=\/wp\/v2\/types\/product"}],"replies":[{"embeddable":true,"href":"https:\/\/valesafety.com.pe\/index.php?rest_route=%2Fwp%2Fv2%2Fcomments&post=4904"}],"wp:featuredmedia":[{"embeddable":true,"href":"https:\/\/valesafety.com.pe\/index.php?rest_route=\/wp\/v2\/media\/4951"}],"wp:attachment":[{"href":"https:\/\/valesafety.com.pe\/index.php?rest_route=%2Fwp%2Fv2%2Fmedia&parent=4904"}],"wp:term":[{"taxonomy":"product_brand","embeddable":true,"href":"https:\/\/valesafety.com.pe\/index.php?rest_route=%2Fwp%2Fv2%2Fproduct_brand&post=4904"},{"taxonomy":"product_cat","embeddable":true,"href":"https:\/\/valesafety.com.pe\/index.php?rest_route=%2Fwp%2Fv2%2Fproduct_cat&post=4904"},{"taxonomy":"product_tag","embeddable":true,"href":"https:\/\/valesafety.com.pe\/index.php?rest_route=%2Fwp%2Fv2%2Fproduct_tag&post=4904"}],"curies":[{"name":"wp","href":"https:\/\/api.w.org\/{rel}","templated":true}]}}