{"id":4893,"date":"2026-04-23T22:42:01","date_gmt":"2026-04-23T20:42:01","guid":{"rendered":"http:\/\/localhost\/borrador\/?post_type=product&#038;p=4893"},"modified":"2026-05-07T10:52:59","modified_gmt":"2026-05-07T15:52:59","slug":"traje-descartable-segpro","status":"publish","type":"product","link":"https:\/\/valesafety.com.pe\/?product=traje-descartable-segpro","title":{"rendered":"Traje Descartable Segpro"},"content":{"rendered":"<h2>Traje Descartable Segpro<\/h2>\n<ul>\n<li data-start=\"1043\" data-end=\"1140\"><strong data-start=\"1043\" data-end=\"1058\">Protecci\u00f3n:<\/strong> Filtra hasta el 100% de part\u00edculas de 3 micras y repele l\u00edquidos a baja presi\u00f3n<\/li>\n<li data-start=\"1143\" data-end=\"1210\"><strong data-start=\"1143\" data-end=\"1156\">Material:<\/strong> Tela laminada microporosa SF50 de 50 g\/m\u00b2 (3 capas)<\/li>\n<li data-start=\"1215\" data-end=\"1242\">1\u00aa capa: Polietileno 100%<\/li>\n<li data-start=\"1247\" data-end=\"1277\">2\u00aa capa: Pel\u00edcula respirable<\/li>\n<li data-start=\"1282\" data-end=\"1309\">3\u00aa capa: Polietileno 100%<\/li>\n<li data-start=\"1312\" data-end=\"1346\"><strong data-start=\"1312\" data-end=\"1329\">Antiest\u00e1tico:<\/strong> Cumple EN 1149<\/li>\n<li data-start=\"1349\" data-end=\"1407\"><strong data-start=\"1349\" data-end=\"1366\">Construcci\u00f3n:<\/strong> Costuras reforzadas con triple puntada<\/li>\n<li data-start=\"1410\" data-end=\"1429\"><strong data-start=\"1410\" data-end=\"1420\">Color:<\/strong> Blanco<\/li>\n<li data-start=\"1432\" data-end=\"1468\"><strong data-start=\"1432\" data-end=\"1455\">Tallas disponibles:<\/strong> M \u2013 L \u2013 XL<\/li>\n<li data-start=\"1471\" data-end=\"1520\"><strong data-start=\"1471\" data-end=\"1487\">Peso ligero:<\/strong> Para mayor confort y movilidad<\/li>\n<\/ul>\n<p>Necesitas m\u00e1s productos encu\u00e9ntralos en nuestra <a href=\"https:\/\/valesafety.com.pe\/tienda\">tienda .<\/a><\/p>\n<p>Para m\u00e1s informaci\u00f3n sobre este y otros productos, no dudes en contactarnos por\u00a0<a href=\"http:\/\/wa.me\/977762682\" target=\"_blank\" rel=\"noopener\">WhatsApp<\/a>.<\/p>\n","protected":false},"excerpt":{"rendered":"<p>El traje descartable Segpro est\u00e1 dise\u00f1ado para ofrecer protecci\u00f3n confiable contra part\u00edculas peligrosas y l\u00edquidos a baja presi\u00f3n, garantizando seguridad en entornos industriales, farmac\u00e9uticos o de limpieza.<\/p>\n","protected":false},"featured_media":4949,"comment_status":"closed","ping_status":"closed","template":"","meta":{"_acf_changed":false},"product_brand":[35],"product_cat":[110,66,67],"product_tag":[],"class_list":{"0":"post-4893","1":"product","2":"type-product","3":"status-publish","4":"has-post-thumbnail","6":"product_brand-segpro","7":"product_cat-overol","8":"product_cat-ropa-de-seguridad","9":"product_cat-ropa-de-trabajo","11":"first","12":"instock","13":"shipping-taxable","14":"purchasable","15":"product-type-simple"},"acf":[],"_links":{"self":[{"href":"https:\/\/valesafety.com.pe\/index.php?rest_route=\/wp\/v2\/product\/4893","targetHints":{"allow":["GET"]}}],"collection":[{"href":"https:\/\/valesafety.com.pe\/index.php?rest_route=\/wp\/v2\/product"}],"about":[{"href":"https:\/\/valesafety.com.pe\/index.php?rest_route=\/wp\/v2\/types\/product"}],"replies":[{"embeddable":true,"href":"https:\/\/valesafety.com.pe\/index.php?rest_route=%2Fwp%2Fv2%2Fcomments&post=4893"}],"wp:featuredmedia":[{"embeddable":true,"href":"https:\/\/valesafety.com.pe\/index.php?rest_route=\/wp\/v2\/media\/4949"}],"wp:attachment":[{"href":"https:\/\/valesafety.com.pe\/index.php?rest_route=%2Fwp%2Fv2%2Fmedia&parent=4893"}],"wp:term":[{"taxonomy":"product_brand","embeddable":true,"href":"https:\/\/valesafety.com.pe\/index.php?rest_route=%2Fwp%2Fv2%2Fproduct_brand&post=4893"},{"taxonomy":"product_cat","embeddable":true,"href":"https:\/\/valesafety.com.pe\/index.php?rest_route=%2Fwp%2Fv2%2Fproduct_cat&post=4893"},{"taxonomy":"product_tag","embeddable":true,"href":"https:\/\/valesafety.com.pe\/index.php?rest_route=%2Fwp%2Fv2%2Fproduct_tag&post=4893"}],"curies":[{"name":"wp","href":"https:\/\/api.w.org\/{rel}","templated":true}]}}