{"id":4891,"date":"2026-04-23T22:42:01","date_gmt":"2026-04-23T20:42:01","guid":{"rendered":"http:\/\/localhost\/borrador\/?post_type=product&#038;p=4891"},"modified":"2026-05-06T10:09:24","modified_gmt":"2026-05-06T15:09:24","slug":"adaptador-v200-segpro","status":"publish","type":"product","link":"https:\/\/valesafety.com.pe\/?product=adaptador-v200-segpro","title":{"rendered":"Adaptador V200 Segpro"},"content":{"rendered":"<h2>Adaptador V200 Segpro<\/h2>\n<ul>\n<li><span class=\"OYPEnA font-feature-liga-off font-feature-clig-off font-feature-calt-off text-decoration-none text-strikethrough-none\">Protecci\u00f3n: En conjunto con el visor facial protege de proyecci\u00f3n de part\u00edculas salpicaduras de \u00e1cidos, pulidos, entre otros<\/span><\/li>\n<li><span class=\"OYPEnA font-feature-liga-off font-feature-clig-off font-feature-calt-off text-decoration-none text-strikethrough-none\">Color: Negro<\/span><\/li>\n<li><span class=\"OYPEnA font-feature-liga-off font-feature-clig-off font-feature-calt-off text-decoration-none text-strikethrough-none\">Peso: 110 gr.<\/span><\/li>\n<li><span class=\"OYPEnA font-feature-liga-off font-feature-clig-off font-feature-calt-off text-decoration-none text-strikethrough-none\">Cuerpo de ABS. <\/span><\/li>\n<li><span class=\"OYPEnA font-feature-liga-off font-feature-clig-off font-feature-calt-off text-decoration-none text-strikethrough-none\">Resorte cubierto de PVC. <\/span><\/li>\n<li><span class=\"OYPEnA font-feature-liga-off font-feature-clig-off font-feature-calt-off text-decoration-none text-strikethrough-none\">Pines para ensamblaje del visor facial. <\/span><\/li>\n<li><span class=\"OYPEnA font-feature-liga-off font-feature-clig-off font-feature-calt-off text-decoration-none text-strikethrough-none\">Posee un basculante para levantar el visor facial.<\/span><\/li>\n<\/ul>\n<h4 data-start=\"1434\" data-end=\"1459\"><strong data-start=\"1442\" data-end=\"1457\">Protecci\u00f3n:<\/strong><\/h4>\n<p data-start=\"1460\" data-end=\"1534\">En conjunto con el visor facial, ayuda a prevenir lesiones causadas por:<\/p>\n<ul>\n<li data-start=\"1537\" data-end=\"1561\">Part\u00edculas proyectadas<\/li>\n<li data-start=\"1564\" data-end=\"1600\">Salpicaduras de productos qu\u00edmicos<\/li>\n<li data-start=\"1603\" data-end=\"1647\">Polvos y residuos de procesos industriales<\/li>\n<\/ul>\n<p>Necesitas m\u00e1s productos encu\u00e9ntralos en nuestra <a href=\"https:\/\/valesafety.com.pe\/tienda\">tienda .<\/a><\/p>\n<p>Para m\u00e1s informaci\u00f3n sobre este y otros productos, no dudes en contactarnos por\u00a0<a href=\"http:\/\/wa.me\/977762682\" target=\"_blank\" rel=\"noopener\">WhatsApp<\/a>.<\/p>\n","protected":false},"excerpt":{"rendered":"<p><span class=\"OYPEnA font-feature-liga-off font-feature-clig-off font-feature-calt-off text-decoration-none text-strikethrough-none\">El Adaptador V200 Segpro, para visor SEGPRO est\u00e1 dise\u00f1ado para utilizar en cualquier casco de seguridad est\u00e1ndar, es liviano y c\u00f3modo.<\/span><\/p>\n","protected":false},"featured_media":4938,"comment_status":"closed","ping_status":"closed","template":"","meta":{"_acf_changed":false},"product_brand":[35],"product_cat":[46],"product_tag":[474,475],"class_list":{"0":"post-4891","1":"product","2":"type-product","3":"status-publish","4":"has-post-thumbnail","6":"product_brand-segpro","7":"product_cat-casco-de-seguridad","8":"product_tag-accesorio-casco-industrial","9":"product_tag-adaptador-casco-seguridad","11":"first","12":"instock","13":"shipping-taxable","14":"purchasable","15":"product-type-simple"},"acf":[],"_links":{"self":[{"href":"https:\/\/valesafety.com.pe\/index.php?rest_route=\/wp\/v2\/product\/4891","targetHints":{"allow":["GET"]}}],"collection":[{"href":"https:\/\/valesafety.com.pe\/index.php?rest_route=\/wp\/v2\/product"}],"about":[{"href":"https:\/\/valesafety.com.pe\/index.php?rest_route=\/wp\/v2\/types\/product"}],"replies":[{"embeddable":true,"href":"https:\/\/valesafety.com.pe\/index.php?rest_route=%2Fwp%2Fv2%2Fcomments&post=4891"}],"wp:featuredmedia":[{"embeddable":true,"href":"https:\/\/valesafety.com.pe\/index.php?rest_route=\/wp\/v2\/media\/4938"}],"wp:attachment":[{"href":"https:\/\/valesafety.com.pe\/index.php?rest_route=%2Fwp%2Fv2%2Fmedia&parent=4891"}],"wp:term":[{"taxonomy":"product_brand","embeddable":true,"href":"https:\/\/valesafety.com.pe\/index.php?rest_route=%2Fwp%2Fv2%2Fproduct_brand&post=4891"},{"taxonomy":"product_cat","embeddable":true,"href":"https:\/\/valesafety.com.pe\/index.php?rest_route=%2Fwp%2Fv2%2Fproduct_cat&post=4891"},{"taxonomy":"product_tag","embeddable":true,"href":"https:\/\/valesafety.com.pe\/index.php?rest_route=%2Fwp%2Fv2%2Fproduct_tag&post=4891"}],"curies":[{"name":"wp","href":"https:\/\/api.w.org\/{rel}","templated":true}]}}