{"id":4888,"date":"2026-04-23T22:42:00","date_gmt":"2026-04-23T20:42:00","guid":{"rendered":"http:\/\/localhost\/borrador\/?post_type=product&#038;p=4888"},"modified":"2026-05-06T17:07:53","modified_gmt":"2026-05-06T22:07:53","slug":"guantes-g-flex-pu-cut5-segpro","status":"publish","type":"product","link":"https:\/\/valesafety.com.pe\/?product=guantes-g-flex-pu-cut5-segpro","title":{"rendered":"Guantes G-FLEX PU CUT5 SEGPRO"},"content":{"rendered":"<h2>Guantes G-FLEX PU CUT5 SEGPRO<\/h2>\n<ul>\n<li data-start=\"727\" data-end=\"778\">Nivel de resistencia al corte <strong data-start=\"757\" data-end=\"762\">5<\/strong> seg\u00fan EN 388.<\/li>\n<li data-start=\"781\" data-end=\"856\">Alta resistencia a desgarros, abrasi\u00f3n y exposici\u00f3n a productos qu\u00edmicos.<\/li>\n<li>Certificados bajo normas <strong data-start=\"884\" data-end=\"894\">EN 388<\/strong> (riesgos mec\u00e1nicos) y <strong data-start=\"917\" data-end=\"927\">EN 420<\/strong> (requisitos generales).<\/li>\n<li data-start=\"987\" data-end=\"1039\">Dise\u00f1o ergon\u00f3mico que reduce la fatiga de la mano.<\/li>\n<li data-start=\"1042\" data-end=\"1094\">Alta transpirabilidad para largas jornadas de uso.<\/li>\n<li data-start=\"1097\" data-end=\"1167\">Excelente sensibilidad t\u00e1ctil para trabajos que requieren precisi\u00f3n.<\/li>\n<li data-start=\"1211\" data-end=\"1260\">Lavables con agua y jab\u00f3n, dejar secar al aire.<\/li>\n<li data-start=\"1263\" data-end=\"1373\">Almacenar en su bolsa original, en lugares secos, libres de humedad, polvo o cambios bruscos de temperatura.<\/li>\n<\/ul>\n<p>Necesitas m\u00e1s productos encu\u00e9ntralos en nuestra <a href=\"https:\/\/valesafety.com.pe\/tienda\">tienda .<\/a><\/p>\n<p>Para m\u00e1s informaci\u00f3n sobre este y otros productos, no dudes en contactarnos por\u00a0<a href=\"http:\/\/wa.me\/977762682\" target=\"_blank\" rel=\"noopener\">WhatsApp<\/a>.<\/p>\n","protected":false},"excerpt":{"rendered":"<p>Los Guantes G-FLEX PU CUT5 est\u00e1n dise\u00f1ados para brindar resistencia superior al corte, abrasi\u00f3n y desgarro, ofreciendo la combinaci\u00f3n perfecta de seguridad y comodidad.<\/p>\n","protected":false},"featured_media":4935,"comment_status":"closed","ping_status":"closed","template":"","meta":{"_acf_changed":false},"product_brand":[35],"product_cat":[59],"product_tag":[],"class_list":{"0":"post-4888","1":"product","2":"type-product","3":"status-publish","4":"has-post-thumbnail","6":"product_brand-segpro","7":"product_cat-proteccion-de-las-manos","9":"first","10":"instock","11":"shipping-taxable","12":"purchasable","13":"product-type-simple"},"acf":[],"_links":{"self":[{"href":"https:\/\/valesafety.com.pe\/index.php?rest_route=\/wp\/v2\/product\/4888","targetHints":{"allow":["GET"]}}],"collection":[{"href":"https:\/\/valesafety.com.pe\/index.php?rest_route=\/wp\/v2\/product"}],"about":[{"href":"https:\/\/valesafety.com.pe\/index.php?rest_route=\/wp\/v2\/types\/product"}],"replies":[{"embeddable":true,"href":"https:\/\/valesafety.com.pe\/index.php?rest_route=%2Fwp%2Fv2%2Fcomments&post=4888"}],"wp:featuredmedia":[{"embeddable":true,"href":"https:\/\/valesafety.com.pe\/index.php?rest_route=\/wp\/v2\/media\/4935"}],"wp:attachment":[{"href":"https:\/\/valesafety.com.pe\/index.php?rest_route=%2Fwp%2Fv2%2Fmedia&parent=4888"}],"wp:term":[{"taxonomy":"product_brand","embeddable":true,"href":"https:\/\/valesafety.com.pe\/index.php?rest_route=%2Fwp%2Fv2%2Fproduct_brand&post=4888"},{"taxonomy":"product_cat","embeddable":true,"href":"https:\/\/valesafety.com.pe\/index.php?rest_route=%2Fwp%2Fv2%2Fproduct_cat&post=4888"},{"taxonomy":"product_tag","embeddable":true,"href":"https:\/\/valesafety.com.pe\/index.php?rest_route=%2Fwp%2Fv2%2Fproduct_tag&post=4888"}],"curies":[{"name":"wp","href":"https:\/\/api.w.org\/{rel}","templated":true}]}}