{"id":4887,"date":"2026-04-23T22:42:00","date_gmt":"2026-04-23T20:42:00","guid":{"rendered":"http:\/\/localhost\/borrador\/?post_type=product&#038;p=4887"},"modified":"2026-05-06T17:07:54","modified_gmt":"2026-05-06T22:07:54","slug":"guantes-g-flex-pu-segpro","status":"publish","type":"product","link":"https:\/\/valesafety.com.pe\/?product=guantes-g-flex-pu-segpro","title":{"rendered":"Guantes G-FLEX PU SEGPRO"},"content":{"rendered":"<h2>Guantes G-FLEX PU SEGPRO<\/h2>\n<ul>\n<li data-start=\"1099\" data-end=\"1174\"><strong data-start=\"1099\" data-end=\"1112\">Material:<\/strong> Poli\u00e9ster flexible y ligero que permite una gran movilidad.<\/li>\n<li data-start=\"1177\" data-end=\"1293\"><strong data-start=\"1177\" data-end=\"1195\">Revestimiento:<\/strong> Poliuretano en palma y dedos con triple ba\u00f1o para mayor resistencia al desgaste y mejor agarre.<\/li>\n<li data-start=\"1296\" data-end=\"1382\"><strong data-start=\"1296\" data-end=\"1311\">Protecci\u00f3n:<\/strong> Excelente nivel frente a abrasi\u00f3n y desgarro (Certificaci\u00f3n EN 388).<\/li>\n<li data-start=\"1385\" data-end=\"1481\"><strong data-start=\"1385\" data-end=\"1399\">Comodidad:<\/strong> Dise\u00f1o ergon\u00f3mico que se adapta a la mano y reduce la fatiga en uso prolongado.<\/li>\n<li data-start=\"1484\" data-end=\"1510\"><strong data-start=\"1484\" data-end=\"1494\">Color:<\/strong> Gris \/ Negro.<\/li>\n<li data-start=\"1513\" data-end=\"1567\"><strong data-start=\"1513\" data-end=\"1536\">Tallas disponibles:<\/strong> XS (6), S (7), M (8), L (9).<\/li>\n<\/ul>\n<p data-start=\"936\" data-end=\"965\"><strong data-start=\"936\" data-end=\"947\">Normas:<\/strong> EN 388 \/ EN 420<\/p>\n<p>Necesitas m\u00e1s productos encu\u00e9ntralos en nuestra <a href=\"https:\/\/valesafety.com.pe\/tienda\">tienda .<\/a><\/p>\n<p>Para m\u00e1s informaci\u00f3n sobre este y otros productos, no dudes en contactarnos por\u00a0<a href=\"http:\/\/wa.me\/977762682\" target=\"_blank\" rel=\"noopener\">WhatsApp<\/a>.<\/p>\n","protected":false},"excerpt":{"rendered":"<p>Los Guantes G-FLEX PU est\u00e1n fabricados en poli\u00e9ster con recubrimiento de poliuretano en triple ba\u00f1o, que prolonga su vida \u00fatil hasta un 50% m\u00e1s. Ofrecen excelente agarre, alta destreza y comodidad, ideales para uso industrial y tareas con riesgo mec\u00e1nico.<\/p>\n","protected":false},"featured_media":4934,"comment_status":"closed","ping_status":"closed","template":"","meta":{"_acf_changed":false},"product_brand":[35],"product_cat":[59],"product_tag":[],"class_list":{"0":"post-4887","1":"product","2":"type-product","3":"status-publish","4":"has-post-thumbnail","6":"product_brand-segpro","7":"product_cat-proteccion-de-las-manos","9":"first","10":"instock","11":"shipping-taxable","12":"purchasable","13":"product-type-simple"},"acf":[],"_links":{"self":[{"href":"https:\/\/valesafety.com.pe\/index.php?rest_route=\/wp\/v2\/product\/4887","targetHints":{"allow":["GET"]}}],"collection":[{"href":"https:\/\/valesafety.com.pe\/index.php?rest_route=\/wp\/v2\/product"}],"about":[{"href":"https:\/\/valesafety.com.pe\/index.php?rest_route=\/wp\/v2\/types\/product"}],"replies":[{"embeddable":true,"href":"https:\/\/valesafety.com.pe\/index.php?rest_route=%2Fwp%2Fv2%2Fcomments&post=4887"}],"wp:featuredmedia":[{"embeddable":true,"href":"https:\/\/valesafety.com.pe\/index.php?rest_route=\/wp\/v2\/media\/4934"}],"wp:attachment":[{"href":"https:\/\/valesafety.com.pe\/index.php?rest_route=%2Fwp%2Fv2%2Fmedia&parent=4887"}],"wp:term":[{"taxonomy":"product_brand","embeddable":true,"href":"https:\/\/valesafety.com.pe\/index.php?rest_route=%2Fwp%2Fv2%2Fproduct_brand&post=4887"},{"taxonomy":"product_cat","embeddable":true,"href":"https:\/\/valesafety.com.pe\/index.php?rest_route=%2Fwp%2Fv2%2Fproduct_cat&post=4887"},{"taxonomy":"product_tag","embeddable":true,"href":"https:\/\/valesafety.com.pe\/index.php?rest_route=%2Fwp%2Fv2%2Fproduct_tag&post=4887"}],"curies":[{"name":"wp","href":"https:\/\/api.w.org\/{rel}","templated":true}]}}