{"id":4876,"date":"2026-04-23T22:41:34","date_gmt":"2026-04-23T20:41:34","guid":{"rendered":"http:\/\/localhost\/borrador\/?post_type=product&#038;p=4876"},"modified":"2026-05-06T16:16:44","modified_gmt":"2026-05-06T21:16:44","slug":"guante-anticorte-venicutd08-delta-plus","status":"publish","type":"product","link":"https:\/\/valesafety.com.pe\/?product=guante-anticorte-venicutd08-delta-plus","title":{"rendered":"Guante Anticorte VenicutD08 Delta Plus"},"content":{"rendered":"<h2>Guante Anticorte VenicutD08 Delta Plus<\/h2>\n<ul>\n<li data-start=\"1228\" data-end=\"1300\"><strong data-start=\"1228\" data-end=\"1246\">Material base:<\/strong> Fibra de polietileno de altas prestaciones ECONOCUT<\/li>\n<li data-start=\"1303\" data-end=\"1372\"><strong data-start=\"1303\" data-end=\"1321\">Revestimiento:<\/strong> Impregnaci\u00f3n de PU en palma y punta de los dedos<\/li>\n<li data-start=\"1375\" data-end=\"1441\"><strong data-start=\"1375\" data-end=\"1384\">Pu\u00f1o:<\/strong> El\u00e1stico de 6 cm, galga 13, ajuste ce\u00f1ido y ergon\u00f3mico<\/li>\n<\/ul>\n<h4><strong style=\"font-size: 16px;\" data-start=\"1444\" data-end=\"1500\">Niveles de protecci\u00f3n mec\u00e1nica (EN388:2016+A1:2018):<\/strong><\/h4>\n<ul>\n<li data-start=\"1507\" data-end=\"1543\">Resistencia a la abrasi\u00f3n: Nivel 4<\/li>\n<li data-start=\"1548\" data-end=\"1582\">Resistencia al corte circular: X<\/li>\n<li data-start=\"1587\" data-end=\"1621\">Resistencia al desgarro: Nivel 4<\/li>\n<li data-start=\"1626\" data-end=\"1665\">Resistencia a la perforaci\u00f3n: Nivel 2<\/li>\n<li data-start=\"1670\" data-end=\"1721\">Resistencia al corte por TDM (ISO 13997): Nivel D<\/li>\n<\/ul>\n<h5 data-start=\"1724\" data-end=\"1759\"><strong data-start=\"1724\" data-end=\"1757\">Normativa ANSI\/ISEA 105:2016:<\/strong><\/h5>\n<ul>\n<li style=\"list-style-type: none;\">\n<ul>\n<li style=\"list-style-type: none;\">\n<ul data-start=\"1762\" data-end=\"1796\">\n<li data-start=\"1762\" data-end=\"1796\">\n<p data-start=\"1764\" data-end=\"1796\">Resistencia al corte: Nivel A4<\/p>\n<\/li>\n<\/ul>\n<\/li>\n<\/ul>\n<\/li>\n<\/ul>\n<p>Necesitas m\u00e1s productos encu\u00e9ntralos en nuestra <a href=\"https:\/\/valesafety.com.pe\/tienda\">tienda .<\/a><\/p>\n<p>Para m\u00e1s informaci\u00f3n sobre este y otros productos, no dudes en contactarnos por\u00a0<a href=\"http:\/\/wa.me\/977762682\" target=\"_blank\" rel=\"noopener\">WhatsApp<\/a>.<\/p>\n","protected":false},"excerpt":{"rendered":"<p>El guante Anticorte VenicutD08 de Delta Plus est\u00e1 dise\u00f1ado para ofrecer m\u00e1xima protecci\u00f3n y comodidad en entornos laborales con alto riesgo de cortes. Fabricado con fibra ECONOCUT de alto rendimiento y recubrimiento de PU (poliuretano) en palma y dedos, este guante brinda un agarre seguro, alta durabilidad y excelente resistencia mec\u00e1nica.<\/p>\n","protected":false},"featured_media":4932,"comment_status":"closed","ping_status":"closed","template":"","meta":{"_acf_changed":false},"product_brand":[27],"product_cat":[59],"product_tag":[190,473],"class_list":{"0":"post-4876","1":"product","2":"type-product","3":"status-publish","4":"has-post-thumbnail","6":"product_brand-deltaplus","7":"product_cat-proteccion-de-las-manos","8":"product_tag-guante-anticorte","9":"product_tag-palma-pu","11":"first","12":"instock","13":"shipping-taxable","14":"purchasable","15":"product-type-simple"},"acf":[],"_links":{"self":[{"href":"https:\/\/valesafety.com.pe\/index.php?rest_route=\/wp\/v2\/product\/4876","targetHints":{"allow":["GET"]}}],"collection":[{"href":"https:\/\/valesafety.com.pe\/index.php?rest_route=\/wp\/v2\/product"}],"about":[{"href":"https:\/\/valesafety.com.pe\/index.php?rest_route=\/wp\/v2\/types\/product"}],"replies":[{"embeddable":true,"href":"https:\/\/valesafety.com.pe\/index.php?rest_route=%2Fwp%2Fv2%2Fcomments&post=4876"}],"wp:featuredmedia":[{"embeddable":true,"href":"https:\/\/valesafety.com.pe\/index.php?rest_route=\/wp\/v2\/media\/4932"}],"wp:attachment":[{"href":"https:\/\/valesafety.com.pe\/index.php?rest_route=%2Fwp%2Fv2%2Fmedia&parent=4876"}],"wp:term":[{"taxonomy":"product_brand","embeddable":true,"href":"https:\/\/valesafety.com.pe\/index.php?rest_route=%2Fwp%2Fv2%2Fproduct_brand&post=4876"},{"taxonomy":"product_cat","embeddable":true,"href":"https:\/\/valesafety.com.pe\/index.php?rest_route=%2Fwp%2Fv2%2Fproduct_cat&post=4876"},{"taxonomy":"product_tag","embeddable":true,"href":"https:\/\/valesafety.com.pe\/index.php?rest_route=%2Fwp%2Fv2%2Fproduct_tag&post=4876"}],"curies":[{"name":"wp","href":"https:\/\/api.w.org\/{rel}","templated":true}]}}