{"id":4874,"date":"2026-04-23T22:41:33","date_gmt":"2026-04-23T20:41:33","guid":{"rendered":"http:\/\/localhost\/borrador\/?post_type=product&#038;p=4874"},"modified":"2026-04-29T14:40:51","modified_gmt":"2026-04-29T19:40:51","slug":"botella-lavaojos-de-emergencia","status":"publish","type":"product","link":"https:\/\/valesafety.com.pe\/?product=botella-lavaojos-de-emergencia","title":{"rendered":"Botella Lavaojos de emergencia"},"content":{"rendered":"<h2>Botella Lavaojos de emergencia<\/h2>\n<ul>\n<li data-start=\"1256\" data-end=\"1340\">Botella lavaojos vac\u00eda, lista para llenado con soluci\u00f3n salina est\u00e9ril (no incluida)<\/li>\n<li data-start=\"1343\" data-end=\"1380\">Material pl\u00e1stico de alta resistencia<\/li>\n<li data-start=\"1383\" data-end=\"1423\">Boquilla anat\u00f3mica de irrigaci\u00f3n directa<\/li>\n<li data-start=\"1426\" data-end=\"1453\">Operaci\u00f3n con una sola mano<\/li>\n<li data-start=\"1456\" data-end=\"1484\">Ligera y de f\u00e1cil transporte<\/li>\n<li data-start=\"1487\" data-end=\"1554\">Permite un flujo constante de irrigaci\u00f3n ocular hasta por 3 minutos<\/li>\n<\/ul>\n<p>Necesitas m\u00e1s productos encu\u00e9ntralos en nuestra <a href=\"https:\/\/valesafety.com.pe\/tienda\">tienda .<\/a><\/p>\n<p>Para m\u00e1s informaci\u00f3n sobre este y otros productos, no dudes en contactarnos por\u00a0<a href=\"http:\/\/wa.me\/977762682\" target=\"_blank\" rel=\"noopener\">WhatsApp<\/a>.<\/p>\n","protected":false},"excerpt":{"rendered":"<p>La Botella Lavaojos de Emergencia es una ducha oft\u00e1lmica port\u00e1til dise\u00f1ada para brindar primeros auxilios inmediatos en caso de exposici\u00f3n ocular a sustancias irritantes. Fabricada en material pl\u00e1stico resistente a productos qu\u00edmicos, cuenta con una boquilla especial que se adapta perfectamente al ojo, permitiendo un enjuague seguro y efectivo.<\/p>\n","protected":false},"featured_media":4930,"comment_status":"closed","ping_status":"closed","template":"","meta":{"_acf_changed":false},"product_brand":[],"product_cat":[50],"product_tag":[],"class_list":{"0":"post-4874","1":"product","2":"type-product","3":"status-publish","4":"has-post-thumbnail","6":"product_cat-equipos-de-emergencia","8":"first","9":"instock","10":"shipping-taxable","11":"purchasable","12":"product-type-simple"},"acf":[],"_links":{"self":[{"href":"https:\/\/valesafety.com.pe\/index.php?rest_route=\/wp\/v2\/product\/4874","targetHints":{"allow":["GET"]}}],"collection":[{"href":"https:\/\/valesafety.com.pe\/index.php?rest_route=\/wp\/v2\/product"}],"about":[{"href":"https:\/\/valesafety.com.pe\/index.php?rest_route=\/wp\/v2\/types\/product"}],"replies":[{"embeddable":true,"href":"https:\/\/valesafety.com.pe\/index.php?rest_route=%2Fwp%2Fv2%2Fcomments&post=4874"}],"wp:featuredmedia":[{"embeddable":true,"href":"https:\/\/valesafety.com.pe\/index.php?rest_route=\/wp\/v2\/media\/4930"}],"wp:attachment":[{"href":"https:\/\/valesafety.com.pe\/index.php?rest_route=%2Fwp%2Fv2%2Fmedia&parent=4874"}],"wp:term":[{"taxonomy":"product_brand","embeddable":true,"href":"https:\/\/valesafety.com.pe\/index.php?rest_route=%2Fwp%2Fv2%2Fproduct_brand&post=4874"},{"taxonomy":"product_cat","embeddable":true,"href":"https:\/\/valesafety.com.pe\/index.php?rest_route=%2Fwp%2Fv2%2Fproduct_cat&post=4874"},{"taxonomy":"product_tag","embeddable":true,"href":"https:\/\/valesafety.com.pe\/index.php?rest_route=%2Fwp%2Fv2%2Fproduct_tag&post=4874"}],"curies":[{"name":"wp","href":"https:\/\/api.w.org\/{rel}","templated":true}]}}