{"id":4870,"date":"2026-04-23T22:41:33","date_gmt":"2026-04-23T20:41:33","guid":{"rendered":"http:\/\/localhost\/borrador\/?post_type=product&#038;p=4870"},"modified":"2026-05-06T15:40:56","modified_gmt":"2026-05-06T20:40:56","slug":"cinta-reflectiva-3m-blanco","status":"publish","type":"product","link":"https:\/\/valesafety.com.pe\/?product=cinta-reflectiva-3m-blanco","title":{"rendered":"Cinta Reflectiva 3M Blanco"},"content":{"rendered":"<h2>Cinta Reflectiva 3M Blanco<\/h2>\n<ul>\n<li data-start=\"715\" data-end=\"732\"><strong data-start=\"715\" data-end=\"725\">Color:<\/strong> Blanco<\/li>\n<li data-start=\"735\" data-end=\"787\"><strong data-start=\"735\" data-end=\"750\">Tecnolog\u00eda:<\/strong> Lente microprism\u00e1tica Diamond Grade\u2122<\/li>\n<li data-start=\"790\" data-end=\"848\"><strong data-start=\"790\" data-end=\"803\">Adhesivo:<\/strong> Sensible a la presi\u00f3n para f\u00e1cil instalaci\u00f3n<\/li>\n<li data-start=\"851\" data-end=\"912\"><strong data-start=\"851\" data-end=\"872\">Orillas selladas:<\/strong> Mayor durabilidad y resistencia al agua<\/li>\n<li data-start=\"915\" data-end=\"967\"><strong data-start=\"915\" data-end=\"932\">Construcci\u00f3n:<\/strong> No met\u00e1lica, flexible y resistente<\/li>\n<li data-start=\"970\" data-end=\"1025\"><strong data-start=\"970\" data-end=\"999\">Angularidad de reflexi\u00f3n:<\/strong> Hasta 89\u00b0 (perpendicular)<\/li>\n<li data-start=\"1028\" data-end=\"1069\"><strong data-start=\"1028\" data-end=\"1041\">Garant\u00eda:<\/strong> Hasta 7 a\u00f1os de durabilidad<\/li>\n<li data-start=\"1072\" data-end=\"1129\"><strong data-start=\"1072\" data-end=\"1092\">Alta brillantez:<\/strong> Visibilidad destacada de d\u00eda y noche<\/li>\n<\/ul>\n<h4 data-start=\"1131\" data-end=\"1169\"><strong data-start=\"1139\" data-end=\"1169\">Aplicaciones recomendadas:<\/strong><\/h4>\n<ul>\n<li data-start=\"1172\" data-end=\"1288\">Se\u00f1alizaci\u00f3n trasera y lateral de <strong data-start=\"1206\" data-end=\"1287\">camiones grandes, remolques, cisternas, veh\u00edculos comerciales y de emergencia<\/strong>.<\/li>\n<li data-start=\"1291\" data-end=\"1387\">Ideal para mejorar la seguridad en maniobras de giro o cruce en carreteras con baja iluminaci\u00f3n.<\/li>\n<\/ul>\n<p>Necesitas m\u00e1s productos encu\u00e9ntralos en nuestra <a href=\"https:\/\/valesafety.com.pe\/tienda\">tienda .<\/a><\/p>\n<p>Para m\u00e1s informaci\u00f3n sobre este y otros productos, no dudes en contactarnos por\u00a0<a href=\"http:\/\/wa.me\/977762682\" target=\"_blank\" rel=\"noopener\">WhatsApp<\/a>.<\/p>\n","protected":false},"excerpt":{"rendered":"<p data-start=\"305\" data-end=\"674\">La Cinta Reflectiva 3M Blanco de la serie Diamond Grade est\u00e1 dise\u00f1ada para brindar alta reflectividad y excelente visibilidad nocturna, incluso en condiciones clim\u00e1ticas adversas. Gracias a su tecnolog\u00eda microprism\u00e1tica patentada, esta cinta ofrece un rendimiento superior en la se\u00f1alizaci\u00f3n trasera y lateral de veh\u00edculos pesados como camiones y remolques.<\/p>\n<h4 data-start=\"676\" data-end=\"712\"><\/h4>\n","protected":false},"featured_media":4918,"comment_status":"closed","ping_status":"closed","template":"","meta":{"_acf_changed":false},"product_brand":[38],"product_cat":[64],"product_tag":[],"class_list":{"0":"post-4870","1":"product","2":"type-product","3":"status-publish","4":"has-post-thumbnail","6":"product_brand-3m","7":"product_cat-proteccion-vial","9":"first","10":"instock","11":"shipping-taxable","12":"purchasable","13":"product-type-simple"},"acf":[],"_links":{"self":[{"href":"https:\/\/valesafety.com.pe\/index.php?rest_route=\/wp\/v2\/product\/4870","targetHints":{"allow":["GET"]}}],"collection":[{"href":"https:\/\/valesafety.com.pe\/index.php?rest_route=\/wp\/v2\/product"}],"about":[{"href":"https:\/\/valesafety.com.pe\/index.php?rest_route=\/wp\/v2\/types\/product"}],"replies":[{"embeddable":true,"href":"https:\/\/valesafety.com.pe\/index.php?rest_route=%2Fwp%2Fv2%2Fcomments&post=4870"}],"wp:featuredmedia":[{"embeddable":true,"href":"https:\/\/valesafety.com.pe\/index.php?rest_route=\/wp\/v2\/media\/4918"}],"wp:attachment":[{"href":"https:\/\/valesafety.com.pe\/index.php?rest_route=%2Fwp%2Fv2%2Fmedia&parent=4870"}],"wp:term":[{"taxonomy":"product_brand","embeddable":true,"href":"https:\/\/valesafety.com.pe\/index.php?rest_route=%2Fwp%2Fv2%2Fproduct_brand&post=4870"},{"taxonomy":"product_cat","embeddable":true,"href":"https:\/\/valesafety.com.pe\/index.php?rest_route=%2Fwp%2Fv2%2Fproduct_cat&post=4870"},{"taxonomy":"product_tag","embeddable":true,"href":"https:\/\/valesafety.com.pe\/index.php?rest_route=%2Fwp%2Fv2%2Fproduct_tag&post=4870"}],"curies":[{"name":"wp","href":"https:\/\/api.w.org\/{rel}","templated":true}]}}