{"id":4869,"date":"2026-04-23T22:41:32","date_gmt":"2026-04-23T20:41:32","guid":{"rendered":"http:\/\/localhost\/borrador\/?post_type=product&#038;p=4869"},"modified":"2026-04-30T12:04:08","modified_gmt":"2026-04-30T17:04:08","slug":"mascarilla-kn95-blanca","status":"publish","type":"product","link":"https:\/\/valesafety.com.pe\/?product=mascarilla-kn95-blanca","title":{"rendered":"Mascarilla KN95 Blanca"},"content":{"rendered":"<h2>Mascarilla KN95 Blanca<\/h2>\n<ul>\n<li data-start=\"735\" data-end=\"772\"><strong data-start=\"735\" data-end=\"764\">Eficiencia de filtraci\u00f3n:<\/strong> \u2265 95%<\/li>\n<li data-start=\"775\" data-end=\"803\"><strong data-start=\"775\" data-end=\"796\">Agente de prueba:<\/strong> NaCl<\/li>\n<li data-start=\"806\" data-end=\"838\"><strong data-start=\"806\" data-end=\"827\">Caudal de prueba:<\/strong> 85 L\/min<\/li>\n<li data-start=\"841\" data-end=\"911\"><strong data-start=\"841\" data-end=\"866\">Fuga total permitida:<\/strong> \u2264 8% (media aritm\u00e9tica en sujetos humanos)<\/li>\n<li data-start=\"914\" data-end=\"957\"><strong data-start=\"914\" data-end=\"946\">Resistencia a la inhalaci\u00f3n:<\/strong> \u2264 350 Pa<\/li>\n<li data-start=\"960\" data-end=\"1003\"><strong data-start=\"960\" data-end=\"992\">Resistencia a la exhalaci\u00f3n:<\/strong> \u2264 250 Pa<\/li>\n<li data-start=\"1006\" data-end=\"1047\"><strong data-start=\"1006\" data-end=\"1036\">Fuerza aplicada en prueba:<\/strong> -1180 Pa<\/li>\n<li data-start=\"1050\" data-end=\"1091\"><strong data-start=\"1050\" data-end=\"1084\">Concentraci\u00f3n de CO\u2082 exhalado:<\/strong> \u2264 1%<\/li>\n<\/ul>\n<h4 data-start=\"1093\" data-end=\"1135\"><strong data-start=\"1101\" data-end=\"1135\">Condiciones de almacenamiento:<\/strong><\/h4>\n<ul>\n<li data-start=\"1138\" data-end=\"1207\">Mantener en su empaque original en un ambiente limpio, seco y fresco.<\/li>\n<li data-start=\"1210\" data-end=\"1290\">Evitar exposici\u00f3n a polvo, qu\u00edmicos, humedad, calor extremo y luz solar directa.<\/li>\n<li data-start=\"1293\" data-end=\"1339\">Temperatura recomendada: entre <strong data-start=\"1324\" data-end=\"1338\">5\u00b0C y 40\u00b0C<\/strong>.<\/li>\n<li data-start=\"1342\" data-end=\"1377\">Humedad relativa: menor al <strong data-start=\"1369\" data-end=\"1376\">90%<\/strong>.<\/li>\n<\/ul>\n<p>Necesitas m\u00e1s productos encu\u00e9ntralos en nuestra <a href=\"https:\/\/valesafety.com.pe\/tienda\">tienda .<\/a><\/p>\n<p>Para m\u00e1s informaci\u00f3n sobre este y otros productos, no dudes en contactarnos por\u00a0<a href=\"http:\/\/wa.me\/977762682\" target=\"_blank\" rel=\"noopener\">WhatsApp<\/a>.<\/p>\n","protected":false},"excerpt":{"rendered":"<p data-start=\"328\" data-end=\"661\">La Mascarilla KN95 est\u00e1 dise\u00f1ada para ofrecer una protecci\u00f3n respiratoria avanzada frente a part\u00edculas suspendidas en el aire. Cumple con el est\u00e1ndar GB2626-2006, y presenta un rendimiento de filtraci\u00f3n mayor o igual al 95%, convirti\u00e9ndola en una opci\u00f3n segura y confiable para ambientes industriales, cl\u00ednicos y urbanos.<\/p>\n<h4 data-start=\"663\" data-end=\"702\"><\/h4>\n","protected":false},"featured_media":4917,"comment_status":"closed","ping_status":"closed","template":"","meta":{"_acf_changed":false},"product_brand":[],"product_cat":[99,62],"product_tag":[],"class_list":{"0":"post-4869","1":"product","2":"type-product","3":"status-publish","4":"has-post-thumbnail","6":"product_cat-mascarillas","7":"product_cat-proteccion-respiratoria","9":"first","10":"instock","11":"shipping-taxable","12":"purchasable","13":"product-type-simple"},"acf":[],"_links":{"self":[{"href":"https:\/\/valesafety.com.pe\/index.php?rest_route=\/wp\/v2\/product\/4869","targetHints":{"allow":["GET"]}}],"collection":[{"href":"https:\/\/valesafety.com.pe\/index.php?rest_route=\/wp\/v2\/product"}],"about":[{"href":"https:\/\/valesafety.com.pe\/index.php?rest_route=\/wp\/v2\/types\/product"}],"replies":[{"embeddable":true,"href":"https:\/\/valesafety.com.pe\/index.php?rest_route=%2Fwp%2Fv2%2Fcomments&post=4869"}],"wp:featuredmedia":[{"embeddable":true,"href":"https:\/\/valesafety.com.pe\/index.php?rest_route=\/wp\/v2\/media\/4917"}],"wp:attachment":[{"href":"https:\/\/valesafety.com.pe\/index.php?rest_route=%2Fwp%2Fv2%2Fmedia&parent=4869"}],"wp:term":[{"taxonomy":"product_brand","embeddable":true,"href":"https:\/\/valesafety.com.pe\/index.php?rest_route=%2Fwp%2Fv2%2Fproduct_brand&post=4869"},{"taxonomy":"product_cat","embeddable":true,"href":"https:\/\/valesafety.com.pe\/index.php?rest_route=%2Fwp%2Fv2%2Fproduct_cat&post=4869"},{"taxonomy":"product_tag","embeddable":true,"href":"https:\/\/valesafety.com.pe\/index.php?rest_route=%2Fwp%2Fv2%2Fproduct_tag&post=4869"}],"curies":[{"name":"wp","href":"https:\/\/api.w.org\/{rel}","templated":true}]}}