{"id":4859,"date":"2026-04-23T22:41:02","date_gmt":"2026-04-23T20:41:02","guid":{"rendered":"http:\/\/localhost\/borrador\/?post_type=product&#038;p=4859"},"modified":"2026-05-07T10:39:11","modified_gmt":"2026-05-07T15:39:11","slug":"solucion-bactericida-haws","status":"publish","type":"product","link":"https:\/\/valesafety.com.pe\/?product=solucion-bactericida-haws","title":{"rendered":"Soluci\u00f3n bactericida Haws"},"content":{"rendered":"<h2>Soluci\u00f3n bactericida Haws<\/h2>\n<ul>\n<li data-start=\"671\" data-end=\"703\"><strong data-start=\"671\" data-end=\"683\">Volumen:<\/strong> 148 ml por botella.<\/li>\n<li data-start=\"706\" data-end=\"804\"><strong data-start=\"706\" data-end=\"721\">Aplicaci\u00f3n:<\/strong> Compatible con lavaojos port\u00e1tiles y estaciones de emergencia con tanques de agua.<\/li>\n<li data-start=\"807\" data-end=\"879\"><strong data-start=\"807\" data-end=\"820\">Duraci\u00f3n:<\/strong> Conserva el agua en condiciones \u00f3ptimas por hasta 6 meses.<\/li>\n<li data-start=\"882\" data-end=\"936\"><strong data-start=\"882\" data-end=\"891\">Tipo:<\/strong> Conservante antimicrobiano de alta eficacia.<\/li>\n<li data-start=\"939\" data-end=\"1001\"><strong data-start=\"939\" data-end=\"1001\">Producto formulado bajo est\u00e1ndares de calidad y seguridad.<\/strong><\/li>\n<\/ul>\n<h4 data-start=\"1003\" data-end=\"1025\"><strong data-start=\"1010\" data-end=\"1025\">Beneficios:<\/strong><\/h4>\n<ul>\n<li data-start=\"1028\" data-end=\"1118\"><strong data-start=\"1028\" data-end=\"1052\">Higiene garantizada:<\/strong> Inhibe el crecimiento bacteriano y la formaci\u00f3n de contaminantes.<\/li>\n<li data-start=\"1121\" data-end=\"1190\"><strong data-start=\"1121\" data-end=\"1152\">Reducci\u00f3n de mantenimiento:<\/strong> Evita el reemplazo frecuente de agua.<\/li>\n<li data-start=\"1193\" data-end=\"1280\"><strong data-start=\"1193\" data-end=\"1216\">Seguridad continua:<\/strong> Asegura el correcto funcionamiento de estaciones de emergencia.<\/li>\n<\/ul>\n<h4 data-start=\"1282\" data-end=\"1313\"><strong data-start=\"1291\" data-end=\"1313\">Usos recomendados:<\/strong><\/h4>\n<ul>\n<li data-start=\"1316\" data-end=\"1354\"><strong data-start=\"1316\" data-end=\"1354\">Estaciones de lavaojos port\u00e1tiles.<\/strong><\/li>\n<li data-start=\"1357\" data-end=\"1409\"><strong data-start=\"1357\" data-end=\"1409\">Equipos de emergencia en ambientes industriales.<\/strong><\/li>\n<li data-start=\"1412\" data-end=\"1602\">Especialmente \u00fatil en sectores como <strong data-start=\"1448\" data-end=\"1496\">miner\u00eda, construcci\u00f3n, petr\u00f3leo y metalurgia<\/strong>, donde se requiere disponibilidad constante de agua limpia en caso de exposici\u00f3n a sustancias peligrosas.<\/li>\n<\/ul>\n<p>Necesitas m\u00e1s productos encu\u00e9ntralos en nuestra <a href=\"https:\/\/valesafety.com.pe\/tienda\">tienda .<\/a><\/p>\n<p>Para m\u00e1s informaci\u00f3n sobre este y otros productos, no dudes en contactarnos por\u00a0<a href=\"http:\/\/wa.me\/977762682\" target=\"_blank\" rel=\"noopener\">WhatsApp<\/a>.<\/p>\n","protected":false},"excerpt":{"rendered":"<p>La Soluci\u00f3n Bactericida Haws Avlis 9082 es un conservante antimicrobiano dise\u00f1ado espec\u00edficamente para mantener el agua limpia y segura en lavaojos port\u00e1tiles y equipos de emergencia con tanque de agua. Su f\u00f3rmula especializada previene el crecimiento de bacterias y garantiza la potabilidad del agua hasta por 6 meses.<\/p>\n","protected":false},"featured_media":4916,"comment_status":"closed","ping_status":"closed","template":"","meta":{"_acf_changed":false},"product_brand":[634],"product_cat":[48],"product_tag":[],"class_list":{"0":"post-4859","1":"product","2":"type-product","3":"status-publish","4":"has-post-thumbnail","6":"product_brand-haws","7":"product_cat-duchas-y-lavaojos","9":"first","10":"instock","11":"shipping-taxable","12":"purchasable","13":"product-type-simple"},"acf":[],"_links":{"self":[{"href":"https:\/\/valesafety.com.pe\/index.php?rest_route=\/wp\/v2\/product\/4859","targetHints":{"allow":["GET"]}}],"collection":[{"href":"https:\/\/valesafety.com.pe\/index.php?rest_route=\/wp\/v2\/product"}],"about":[{"href":"https:\/\/valesafety.com.pe\/index.php?rest_route=\/wp\/v2\/types\/product"}],"replies":[{"embeddable":true,"href":"https:\/\/valesafety.com.pe\/index.php?rest_route=%2Fwp%2Fv2%2Fcomments&post=4859"}],"wp:featuredmedia":[{"embeddable":true,"href":"https:\/\/valesafety.com.pe\/index.php?rest_route=\/wp\/v2\/media\/4916"}],"wp:attachment":[{"href":"https:\/\/valesafety.com.pe\/index.php?rest_route=%2Fwp%2Fv2%2Fmedia&parent=4859"}],"wp:term":[{"taxonomy":"product_brand","embeddable":true,"href":"https:\/\/valesafety.com.pe\/index.php?rest_route=%2Fwp%2Fv2%2Fproduct_brand&post=4859"},{"taxonomy":"product_cat","embeddable":true,"href":"https:\/\/valesafety.com.pe\/index.php?rest_route=%2Fwp%2Fv2%2Fproduct_cat&post=4859"},{"taxonomy":"product_tag","embeddable":true,"href":"https:\/\/valesafety.com.pe\/index.php?rest_route=%2Fwp%2Fv2%2Fproduct_tag&post=4859"}],"curies":[{"name":"wp","href":"https:\/\/api.w.org\/{rel}","templated":true}]}}