{"id":4858,"date":"2026-04-23T22:41:02","date_gmt":"2026-04-23T20:41:02","guid":{"rendered":"http:\/\/localhost\/borrador\/?post_type=product&#038;p=4858"},"modified":"2026-05-06T14:21:50","modified_gmt":"2026-05-06T19:21:50","slug":"camilla-rigida-sikurnost","status":"publish","type":"product","link":"https:\/\/valesafety.com.pe\/?product=camilla-rigida-sikurnost","title":{"rendered":"Camilla R\u00edgida Sikurnost"},"content":{"rendered":"<h2>Camilla R\u00edgida Sikurnost<\/h2>\n<ul>\n<li data-start=\"677\" data-end=\"750\">Material: Polietileno de alta densidad (HDPE), resistente y duradero.<\/li>\n<li data-start=\"753\" data-end=\"840\">T\u00e9cnica de fabricaci\u00f3n: Inyecci\u00f3n en una sola pieza para mayor firmeza estructural.<\/li>\n<li data-start=\"843\" data-end=\"879\">Tama\u00f1o: 184 cm x 45 cm x 6.5 cm.<\/li>\n<li data-start=\"882\" data-end=\"897\">Peso: 7 kg.<\/li>\n<li data-start=\"900\" data-end=\"937\">Capacidad de carga: Hasta 142 kg.<\/li>\n<li data-start=\"940\" data-end=\"1060\">Inmovilizaci\u00f3n segura: Incluye 3 correas de nylon de 2\u201d con hebillas clic-clac que aseguran brazos, pecho y piernas.<\/li>\n<li data-start=\"1063\" data-end=\"1106\">Color: Anaranjado, de alta visibilidad.<\/li>\n<li data-start=\"1109\" data-end=\"1231\">Propiedades<strong> adicionales:<\/strong> 100% trasl\u00facida a los rayos X para facilitar diagn\u00f3sticos sin necesidad de mover al paciente.<\/li>\n<\/ul>\n<p>Necesitas m\u00e1s productos encu\u00e9ntralos en nuestra <a href=\"https:\/\/valesafety.com.pe\/tienda\">tienda .<\/a><\/p>\n<p>Para m\u00e1s informaci\u00f3n sobre este y otros productos, no dudes en contactarnos por\u00a0<a href=\"http:\/\/wa.me\/977762682\" target=\"_blank\" rel=\"noopener\">WhatsApp<\/a>.<\/p>\n","protected":false},"excerpt":{"rendered":"<p data-start=\"310\" data-end=\"632\">La Camilla R\u00edgida Sikurnost est\u00e1 dise\u00f1ada para brindar un traslado seguro y eficiente en situaciones de evacuaci\u00f3n, rescate o primeros auxilios. Fabricada en una sola pieza de polietileno de alta densidad (HDPE), es altamente resistente y ligera, ideal para uso en emergencias m\u00e9dicas y espacios de dif\u00edcil acceso.<\/p>\n<h4 data-start=\"634\" data-end=\"674\"><\/h4>\n","protected":false},"featured_media":4915,"comment_status":"closed","ping_status":"closed","template":"","meta":{"_acf_changed":false},"product_brand":[40],"product_cat":[50],"product_tag":[],"class_list":{"0":"post-4858","1":"product","2":"type-product","3":"status-publish","4":"has-post-thumbnail","6":"product_brand-sikurnost","7":"product_cat-equipos-de-emergencia","9":"first","10":"instock","11":"shipping-taxable","12":"purchasable","13":"product-type-simple"},"acf":[],"_links":{"self":[{"href":"https:\/\/valesafety.com.pe\/index.php?rest_route=\/wp\/v2\/product\/4858","targetHints":{"allow":["GET"]}}],"collection":[{"href":"https:\/\/valesafety.com.pe\/index.php?rest_route=\/wp\/v2\/product"}],"about":[{"href":"https:\/\/valesafety.com.pe\/index.php?rest_route=\/wp\/v2\/types\/product"}],"replies":[{"embeddable":true,"href":"https:\/\/valesafety.com.pe\/index.php?rest_route=%2Fwp%2Fv2%2Fcomments&post=4858"}],"wp:featuredmedia":[{"embeddable":true,"href":"https:\/\/valesafety.com.pe\/index.php?rest_route=\/wp\/v2\/media\/4915"}],"wp:attachment":[{"href":"https:\/\/valesafety.com.pe\/index.php?rest_route=%2Fwp%2Fv2%2Fmedia&parent=4858"}],"wp:term":[{"taxonomy":"product_brand","embeddable":true,"href":"https:\/\/valesafety.com.pe\/index.php?rest_route=%2Fwp%2Fv2%2Fproduct_brand&post=4858"},{"taxonomy":"product_cat","embeddable":true,"href":"https:\/\/valesafety.com.pe\/index.php?rest_route=%2Fwp%2Fv2%2Fproduct_cat&post=4858"},{"taxonomy":"product_tag","embeddable":true,"href":"https:\/\/valesafety.com.pe\/index.php?rest_route=%2Fwp%2Fv2%2Fproduct_tag&post=4858"}],"curies":[{"name":"wp","href":"https:\/\/api.w.org\/{rel}","templated":true}]}}