{"id":4854,"date":"2026-04-23T22:41:02","date_gmt":"2026-04-23T20:41:02","guid":{"rendered":"http:\/\/localhost\/borrador\/?post_type=product&#038;p=4854"},"modified":"2026-05-06T15:50:45","modified_gmt":"2026-05-06T20:50:45","slug":"cono-con-base-caucho-sikurnost","status":"publish","type":"product","link":"https:\/\/valesafety.com.pe\/?product=cono-con-base-caucho-sikurnost","title":{"rendered":"Cono con base caucho Sikurnost"},"content":{"rendered":"<h2>Cono con base caucho Sikurnost<\/h2>\n<ul>\n<li data-start=\"650\" data-end=\"706\"><strong data-start=\"650\" data-end=\"674\">Material del cuerpo:<\/strong> 100% PVC flexible y resistente.<\/li>\n<li data-start=\"709\" data-end=\"765\"><strong data-start=\"709\" data-end=\"727\">Base de caucho<\/strong>: Mayor firmeza y adherencia al suelo.<\/li>\n<li data-start=\"768\" data-end=\"840\"><strong data-start=\"768\" data-end=\"789\">Cinta reflectante<\/strong>: Excelente visibilidad en condiciones de poca luz.<\/li>\n<li data-start=\"843\" data-end=\"923\"><strong data-start=\"843\" data-end=\"870\">Centro de gravedad bajo<\/strong>: Estabilidad incluso con viento o paso de veh\u00edculos.<\/li>\n<li data-start=\"926\" data-end=\"986\"><strong data-start=\"926\" data-end=\"957\">Advertencia visual efectiva<\/strong> para peatones y conductores.<\/li>\n<\/ul>\n<h4 data-start=\"988\" data-end=\"1016\">Medidas disponibles:<\/h4>\n<ul style=\"list-style-type: square;\">\n<li data-start=\"1018\" data-end=\"1080\"><strong data-start=\"1021\" data-end=\"1038\">Cono de 70 cm<\/strong><br data-start=\"1038\" data-end=\"1041\" \/>\u2003\u2022 Base: 35 x 35 cm<br data-start=\"1060\" data-end=\"1063\" \/>\u2003\u2022 Peso: 2.3 kg<\/li>\n<li data-start=\"1082\" data-end=\"1144\"><strong data-start=\"1085\" data-end=\"1102\">Cono de 90 cm<\/strong><br data-start=\"1102\" data-end=\"1105\" \/>\u2003\u2022 Base: 36 x 36 cm<br data-start=\"1124\" data-end=\"1127\" \/>\u2003\u2022 Peso: 4.4 kg<\/li>\n<\/ul>\n<p data-start=\"1146\" data-end=\"1303\"><strong data-start=\"1148\" data-end=\"1170\">Usos recomendados:<\/strong> control de tr\u00e1fico, obras viales, seguridad industrial, se\u00f1alizaci\u00f3n de emergencias, eventos p\u00fablicos, zonas escolares, entre otros.<\/p>\n<p>Necesitas m\u00e1s productos encu\u00e9ntralos en nuestra <a href=\"https:\/\/valesafety.com.pe\/tienda\">tienda .<\/a><\/p>\n<p>Para m\u00e1s informaci\u00f3n sobre este y otros productos, no dudes en contactarnos por\u00a0<a href=\"http:\/\/wa.me\/977762682\" target=\"_blank\" rel=\"noopener\">WhatsApp<\/a>.<\/p>\n","protected":false},"excerpt":{"rendered":"<p>El cono con base caucho de la marca SIKURNOST es la soluci\u00f3n ideal para se\u00f1alizar y delimitar zonas de riesgo en entornos de alto tr\u00e1nsito. Fabricado en PVC de alta visibilidad y equipado con una base de caucho negro reforzado, garantiza estabilidad y durabilidad en condiciones exigentes, tanto en interiores como exteriores.<\/p>\n","protected":false},"featured_media":4901,"comment_status":"closed","ping_status":"closed","template":"","meta":{"_acf_changed":false},"product_brand":[40],"product_cat":[64],"product_tag":[472],"class_list":{"0":"post-4854","1":"product","2":"type-product","3":"status-publish","4":"has-post-thumbnail","6":"product_brand-sikurnost","7":"product_cat-proteccion-vial","8":"product_tag-seguridad-vial","10":"first","11":"instock","12":"shipping-taxable","13":"purchasable","14":"product-type-simple"},"acf":[],"_links":{"self":[{"href":"https:\/\/valesafety.com.pe\/index.php?rest_route=\/wp\/v2\/product\/4854","targetHints":{"allow":["GET"]}}],"collection":[{"href":"https:\/\/valesafety.com.pe\/index.php?rest_route=\/wp\/v2\/product"}],"about":[{"href":"https:\/\/valesafety.com.pe\/index.php?rest_route=\/wp\/v2\/types\/product"}],"replies":[{"embeddable":true,"href":"https:\/\/valesafety.com.pe\/index.php?rest_route=%2Fwp%2Fv2%2Fcomments&post=4854"}],"wp:featuredmedia":[{"embeddable":true,"href":"https:\/\/valesafety.com.pe\/index.php?rest_route=\/wp\/v2\/media\/4901"}],"wp:attachment":[{"href":"https:\/\/valesafety.com.pe\/index.php?rest_route=%2Fwp%2Fv2%2Fmedia&parent=4854"}],"wp:term":[{"taxonomy":"product_brand","embeddable":true,"href":"https:\/\/valesafety.com.pe\/index.php?rest_route=%2Fwp%2Fv2%2Fproduct_brand&post=4854"},{"taxonomy":"product_cat","embeddable":true,"href":"https:\/\/valesafety.com.pe\/index.php?rest_route=%2Fwp%2Fv2%2Fproduct_cat&post=4854"},{"taxonomy":"product_tag","embeddable":true,"href":"https:\/\/valesafety.com.pe\/index.php?rest_route=%2Fwp%2Fv2%2Fproduct_tag&post=4854"}],"curies":[{"name":"wp","href":"https:\/\/api.w.org\/{rel}","templated":true}]}}