{"id":4846,"date":"2026-04-23T22:40:37","date_gmt":"2026-04-23T20:40:37","guid":{"rendered":"http:\/\/localhost\/borrador\/?post_type=product&#038;p=4846"},"modified":"2026-04-29T17:13:18","modified_gmt":"2026-04-29T22:13:18","slug":"cono-plegable-28%e2%80%b3","status":"publish","type":"product","link":"https:\/\/valesafety.com.pe\/?product=cono-plegable-28%e2%80%b3","title":{"rendered":"Cono Plegable 28\u2033"},"content":{"rendered":"<h2>Cono Plegable 28&#8243;<\/h2>\n<ul>\n<li data-start=\"532\" data-end=\"561\"><strong data-start=\"532\" data-end=\"549\">Altura total:<\/strong> 70 cm (28\u201d)<\/li>\n<li data-start=\"564\" data-end=\"655\"><strong data-start=\"564\" data-end=\"574\">Color:<\/strong> Naranja intenso con pigmento fluorescente para evitar la decoloraci\u00f3n prematura.<\/li>\n<li data-start=\"658\" data-end=\"731\"><strong data-start=\"658\" data-end=\"679\">Cinta reflectiva:<\/strong> Banda de 13 cm en material PVC de alta visibilidad.<\/li>\n<li data-start=\"734\" data-end=\"812\"><strong data-start=\"734\" data-end=\"758\">Material del cuerpo:<\/strong> Poli\u00e9ster impermeable de alta resistencia a rayos UV.<\/li>\n<li data-start=\"815\" data-end=\"884\"><strong data-start=\"815\" data-end=\"839\">Sistema telesc\u00f3pico:<\/strong> Permite plegarlo y expandirlo con facilidad.<\/li>\n<li data-start=\"887\" data-end=\"941\"><strong data-start=\"887\" data-end=\"921\">Base cuadrada reforzada de PVC<\/strong>: 29.5 cm x 29.5 cm.<\/li>\n<li data-start=\"944\" data-end=\"989\"><strong data-start=\"944\" data-end=\"989\">Liviano, compacto y f\u00e1cil de transportar.<\/strong><\/li>\n<li data-start=\"992\" data-end=\"1015\"><strong data-start=\"992\" data-end=\"1008\">Procedencia:<\/strong> China.<\/li>\n<\/ul>\n<p>Necesitas m\u00e1s productos encu\u00e9ntralos en nuestra <a href=\"https:\/\/valesafety.com.pe\/tienda\">tienda .<\/a><\/p>\n<p>Para m\u00e1s informaci\u00f3n sobre este y otros productos, no dudes en contactarnos por\u00a0<a href=\"http:\/\/wa.me\/977762682\" target=\"_blank\" rel=\"noopener\">WhatsApp<\/a>.<\/p>\n","protected":false},"excerpt":{"rendered":"<p>El <strong data-start=\"233\" data-end=\"250\">Cono Plegable<\/strong> de se\u00f1alizaci\u00f3n vial est\u00e1 dise\u00f1ado para brindar una soluci\u00f3n eficiente y visible en zonas de trabajo, tr\u00e1nsito vehicular o peatonal. Su estructura incorpora materiales de alta calidad que garantizan durabilidad y resistencia a la intemperie<\/p>\n","protected":false},"featured_media":4900,"comment_status":"closed","ping_status":"closed","template":"","meta":{"_acf_changed":false},"product_brand":[],"product_cat":[64],"product_tag":[470,471],"class_list":{"0":"post-4846","1":"product","2":"type-product","3":"status-publish","4":"has-post-thumbnail","6":"product_cat-proteccion-vial","7":"product_tag-conos-de-seguridad","8":"product_tag-proteccion-vial","10":"first","11":"instock","12":"shipping-taxable","13":"purchasable","14":"product-type-simple"},"acf":[],"_links":{"self":[{"href":"https:\/\/valesafety.com.pe\/index.php?rest_route=\/wp\/v2\/product\/4846","targetHints":{"allow":["GET"]}}],"collection":[{"href":"https:\/\/valesafety.com.pe\/index.php?rest_route=\/wp\/v2\/product"}],"about":[{"href":"https:\/\/valesafety.com.pe\/index.php?rest_route=\/wp\/v2\/types\/product"}],"replies":[{"embeddable":true,"href":"https:\/\/valesafety.com.pe\/index.php?rest_route=%2Fwp%2Fv2%2Fcomments&post=4846"}],"wp:featuredmedia":[{"embeddable":true,"href":"https:\/\/valesafety.com.pe\/index.php?rest_route=\/wp\/v2\/media\/4900"}],"wp:attachment":[{"href":"https:\/\/valesafety.com.pe\/index.php?rest_route=%2Fwp%2Fv2%2Fmedia&parent=4846"}],"wp:term":[{"taxonomy":"product_brand","embeddable":true,"href":"https:\/\/valesafety.com.pe\/index.php?rest_route=%2Fwp%2Fv2%2Fproduct_brand&post=4846"},{"taxonomy":"product_cat","embeddable":true,"href":"https:\/\/valesafety.com.pe\/index.php?rest_route=%2Fwp%2Fv2%2Fproduct_cat&post=4846"},{"taxonomy":"product_tag","embeddable":true,"href":"https:\/\/valesafety.com.pe\/index.php?rest_route=%2Fwp%2Fv2%2Fproduct_tag&post=4846"}],"curies":[{"name":"wp","href":"https:\/\/api.w.org\/{rel}","templated":true}]}}