{"id":4844,"date":"2026-04-23T22:40:37","date_gmt":"2026-04-23T20:40:37","guid":{"rendered":"http:\/\/localhost\/borrador\/?post_type=product&#038;p=4844"},"modified":"2026-05-06T16:57:52","modified_gmt":"2026-05-06T21:57:52","slug":"guante-thrym-vv736-delta-plus","status":"publish","type":"product","link":"https:\/\/valesafety.com.pe\/?product=guante-thrym-vv736-delta-plus","title":{"rendered":"Guante thrym vv736 Delta Plus"},"content":{"rendered":"<h2>Guante thrym vv736 Delta Plus<\/h2>\n<ul style=\"list-style-type: square;\">\n<li data-start=\"1202\" data-end=\"1262\"><strong data-start=\"1202\" data-end=\"1227\">Material del soporte:<\/strong> Poliamida y acr\u00edlico (galga 15).<\/li>\n<li data-start=\"1265\" data-end=\"1352\"><strong data-start=\"1265\" data-end=\"1283\">Recubrimiento:<\/strong> L\u00e1tex espumado texturizado, <strong data-start=\"1312\" data-end=\"1326\">doble capa<\/strong> para mayor resistencia.<\/li>\n<li data-start=\"1355\" data-end=\"1414\"><strong data-start=\"1355\" data-end=\"1382\">Nivel de recubrimiento:<\/strong> <strong data-start=\"1383\" data-end=\"1392\">Total<\/strong>, excepto la mu\u00f1eca.<\/li>\n<li data-start=\"1417\" data-end=\"1451\"><strong data-start=\"1417\" data-end=\"1427\">Color:<\/strong> Azul con palma negra.<\/li>\n<li data-start=\"1454\" data-end=\"1491\"><strong data-start=\"1454\" data-end=\"1477\">Tallas disponibles:<\/strong> 9, 10 y 11.<\/li>\n<li data-start=\"1494\" data-end=\"1605\"><strong data-start=\"1494\" data-end=\"1519\">Ventajas adicionales:<\/strong> Libre de <strong data-start=\"1529\" data-end=\"1541\">ftalatos<\/strong>, <strong data-start=\"1543\" data-end=\"1565\">colorantes azoicos<\/strong>, <strong data-start=\"1567\" data-end=\"1574\">DMF<\/strong>, conforme a norma <strong data-start=\"1593\" data-end=\"1602\">REACH<\/strong>.<\/li>\n<li data-start=\"1608\" data-end=\"1693\"><strong data-start=\"1608\" data-end=\"1625\">Presentaci\u00f3n:<\/strong> Guantes grapables, pr\u00e1cticos para su almacenamiento y distribuci\u00f3n.<\/li>\n<\/ul>\n<h3 data-start=\"1695\" data-end=\"1913\"><strong data-start=\"1697\" data-end=\"1722\">Aplicaciones ideales:<\/strong><\/h3>\n<p data-start=\"1695\" data-end=\"1913\"><br data-start=\"1722\" data-end=\"1725\" \/>El <strong data-start=\"1728\" data-end=\"1743\">Thrym VV736<\/strong> es perfecto para <strong data-start=\"1761\" data-end=\"1803\">trabajos intensivos en ambientes fr\u00edos<\/strong>, manipulaci\u00f3n de materiales h\u00famedos, tareas de log\u00edstica, construcci\u00f3n y agricultura en condiciones adversas.<\/p>\n<p data-start=\"1915\" data-end=\"2095\">Garantiza <strong data-start=\"1925\" data-end=\"1961\">seguridad, confort y rendimiento<\/strong> en cada jornada laboral con el <strong data-start=\"1993\" data-end=\"2015\">guante Thrym VV736<\/strong>, una soluci\u00f3n confiable para proteger tus manos en climas y tareas desafiantes.<\/p>\n<p>Necesitas m\u00e1s productos encu\u00e9ntralos en nuestra <a href=\"https:\/\/valesafety.com.pe\/tienda\">tienda .<\/a><\/p>\n<p>Para m\u00e1s informaci\u00f3n sobre este y otros productos, no dudes en contactarnos por\u00a0<a href=\"http:\/\/wa.me\/977762682\" target=\"_blank\" rel=\"noopener\">WhatsApp<\/a>.<\/p>\n","protected":false},"excerpt":{"rendered":"<p>El Guante Thrym VV736 est\u00e1 dise\u00f1ado para ofrecer protecci\u00f3n t\u00e9rmica, impermeabilidad y un excelente agarre en condiciones de trabajo exigentes y en ambientes fr\u00edos o h\u00famedos. Fabricado con soporte de punto galga 15 en poliamida y acr\u00edlico, proporciona aislamiento t\u00e9rmico y comodidad prolongada.<\/p>\n","protected":false},"featured_media":4898,"comment_status":"closed","ping_status":"closed","template":"","meta":{"_acf_changed":false},"product_brand":[27],"product_cat":[59],"product_tag":[],"class_list":{"0":"post-4844","1":"product","2":"type-product","3":"status-publish","4":"has-post-thumbnail","6":"product_brand-deltaplus","7":"product_cat-proteccion-de-las-manos","9":"first","10":"instock","11":"shipping-taxable","12":"purchasable","13":"product-type-simple"},"acf":[],"_links":{"self":[{"href":"https:\/\/valesafety.com.pe\/index.php?rest_route=\/wp\/v2\/product\/4844","targetHints":{"allow":["GET"]}}],"collection":[{"href":"https:\/\/valesafety.com.pe\/index.php?rest_route=\/wp\/v2\/product"}],"about":[{"href":"https:\/\/valesafety.com.pe\/index.php?rest_route=\/wp\/v2\/types\/product"}],"replies":[{"embeddable":true,"href":"https:\/\/valesafety.com.pe\/index.php?rest_route=%2Fwp%2Fv2%2Fcomments&post=4844"}],"wp:featuredmedia":[{"embeddable":true,"href":"https:\/\/valesafety.com.pe\/index.php?rest_route=\/wp\/v2\/media\/4898"}],"wp:attachment":[{"href":"https:\/\/valesafety.com.pe\/index.php?rest_route=%2Fwp%2Fv2%2Fmedia&parent=4844"}],"wp:term":[{"taxonomy":"product_brand","embeddable":true,"href":"https:\/\/valesafety.com.pe\/index.php?rest_route=%2Fwp%2Fv2%2Fproduct_brand&post=4844"},{"taxonomy":"product_cat","embeddable":true,"href":"https:\/\/valesafety.com.pe\/index.php?rest_route=%2Fwp%2Fv2%2Fproduct_cat&post=4844"},{"taxonomy":"product_tag","embeddable":true,"href":"https:\/\/valesafety.com.pe\/index.php?rest_route=%2Fwp%2Fv2%2Fproduct_tag&post=4844"}],"curies":[{"name":"wp","href":"https:\/\/api.w.org\/{rel}","templated":true}]}}