{"id":4843,"date":"2026-04-23T22:40:37","date_gmt":"2026-04-23T20:40:37","guid":{"rendered":"http:\/\/localhost\/borrador\/?post_type=product&#038;p=4843"},"modified":"2026-05-06T16:02:48","modified_gmt":"2026-05-06T21:02:48","slug":"filtro-3m-2091-p100","status":"publish","type":"product","link":"https:\/\/valesafety.com.pe\/?product=filtro-3m-2091-p100","title":{"rendered":"filtro 3m 2091 P100"},"content":{"rendered":"<h2>Filtro 3m 2091 P100<\/h2>\n<ul data-start=\"961\" data-end=\"1561\">\n<li data-start=\"961\" data-end=\"1041\">\n<p data-start=\"963\" data-end=\"1041\"><strong data-start=\"963\" data-end=\"983\">Clase de filtro:<\/strong> P100, aprobado por <strong data-start=\"1003\" data-end=\"1012\">NIOSH<\/strong> bajo la norma <strong data-start=\"1027\" data-end=\"1038\">42CFR84<\/strong>.<\/p>\n<\/li>\n<li data-start=\"1042\" data-end=\"1122\">\n<p data-start=\"1044\" data-end=\"1122\"><strong data-start=\"1044\" data-end=\"1066\">Protecci\u00f3n contra:<\/strong> Polvo, neblina, humo met\u00e1lico y part\u00edculas aceitosas.<\/p>\n<\/li>\n<li data-start=\"1123\" data-end=\"1203\">\n<p data-start=\"1125\" data-end=\"1203\"><strong data-start=\"1125\" data-end=\"1154\">Eficiencia de filtraci\u00f3n:<\/strong> 99.97% frente a part\u00edculas s\u00f3lidas y l\u00edquidas.<\/p>\n<\/li>\n<li data-start=\"1204\" data-end=\"1314\">\n<p data-start=\"1206\" data-end=\"1314\"><strong data-start=\"1206\" data-end=\"1219\">Material:<\/strong> Tela no tejida de <strong data-start=\"1238\" data-end=\"1267\">polipropileno y poli\u00e9ster<\/strong> con medio filtrante electrost\u00e1tico avanzado.<\/p>\n<\/li>\n<li data-start=\"1315\" data-end=\"1373\">\n<p data-start=\"1317\" data-end=\"1373\"><strong data-start=\"1317\" data-end=\"1328\">Dise\u00f1o:<\/strong> Compacto, ligero (10 g), color <strong data-start=\"1360\" data-end=\"1370\">fucsia<\/strong>.<\/p>\n<\/li>\n<li data-start=\"1374\" data-end=\"1475\">\n<p data-start=\"1376\" data-end=\"1475\"><strong data-start=\"1376\" data-end=\"1395\">Compatibilidad:<\/strong> Respiradores de media cara y cara completa <strong data-start=\"1439\" data-end=\"1472\">3M series 6000, 7000 y FF-400<\/strong>.<\/p>\n<\/li>\n<li data-start=\"1476\" data-end=\"1561\">\n<p data-start=\"1478\" data-end=\"1561\"><strong data-start=\"1478\" data-end=\"1491\">Ventajas:<\/strong> Baja resistencia respiratoria, mayor comodidad y duraci\u00f3n prolongada.<\/p>\n<\/li>\n<\/ul>\n<h4 data-start=\"1563\" data-end=\"1827\"><strong data-start=\"1566\" data-end=\"1596\">Aplicaciones recomendadas:<\/strong><\/h4>\n<p data-start=\"1563\" data-end=\"1827\"><br data-start=\"1596\" data-end=\"1599\" \/>Uso en la industria farmac\u00e9utica, fabricaci\u00f3n de metales, construcci\u00f3n, agricultura y trabajos con exposici\u00f3n a plomo, ars\u00e9nico o cadmio, cumpliendo con los requisitos de OSHA para riesgos por part\u00edculas.<\/p>\n<p data-start=\"1829\" data-end=\"1953\">Conf\u00eda en el filtro 3M 2091 P100 para una protecci\u00f3n confiable, compatible y eficiente en ambientes laborales exigentes.<\/p>\n<p>Necesitas m\u00e1s productos encu\u00e9ntralos en nuestra <a href=\"https:\/\/valesafety.com.pe\/tienda\">tienda .<\/a><\/p>\n<p>Para m\u00e1s informaci\u00f3n sobre este y otros productos, no dudes en contactarnos por\u00a0<a href=\"http:\/\/wa.me\/977762682\" target=\"_blank\" rel=\"noopener\">WhatsApp<\/a>.<\/p>\n","protected":false},"excerpt":{"rendered":"<p>El <strong data-start=\"608\" data-end=\"631\">filtro 3M 2091 P100<\/strong> est\u00e1 dise\u00f1ado para ofrecer una protecci\u00f3n respiratoria superior en entornos laborales con presencia de part\u00edculas peligrosas, tanto con como sin contenido de aceite. Con una eficiencia de filtraci\u00f3n del <strong data-start=\"835\" data-end=\"845\">99.97%<\/strong>, este filtro es ideal para mantener un ambiente de trabajo seguro y saludable<\/p>\n","protected":false},"featured_media":4897,"comment_status":"closed","ping_status":"closed","template":"","meta":{"_acf_changed":false},"product_brand":[38],"product_cat":[98,62],"product_tag":[],"class_list":{"0":"post-4843","1":"product","2":"type-product","3":"status-publish","4":"has-post-thumbnail","6":"product_brand-3m","7":"product_cat-filtros","8":"product_cat-proteccion-respiratoria","10":"first","11":"instock","12":"shipping-taxable","13":"purchasable","14":"product-type-simple"},"acf":[],"_links":{"self":[{"href":"https:\/\/valesafety.com.pe\/index.php?rest_route=\/wp\/v2\/product\/4843","targetHints":{"allow":["GET"]}}],"collection":[{"href":"https:\/\/valesafety.com.pe\/index.php?rest_route=\/wp\/v2\/product"}],"about":[{"href":"https:\/\/valesafety.com.pe\/index.php?rest_route=\/wp\/v2\/types\/product"}],"replies":[{"embeddable":true,"href":"https:\/\/valesafety.com.pe\/index.php?rest_route=%2Fwp%2Fv2%2Fcomments&post=4843"}],"wp:featuredmedia":[{"embeddable":true,"href":"https:\/\/valesafety.com.pe\/index.php?rest_route=\/wp\/v2\/media\/4897"}],"wp:attachment":[{"href":"https:\/\/valesafety.com.pe\/index.php?rest_route=%2Fwp%2Fv2%2Fmedia&parent=4843"}],"wp:term":[{"taxonomy":"product_brand","embeddable":true,"href":"https:\/\/valesafety.com.pe\/index.php?rest_route=%2Fwp%2Fv2%2Fproduct_brand&post=4843"},{"taxonomy":"product_cat","embeddable":true,"href":"https:\/\/valesafety.com.pe\/index.php?rest_route=%2Fwp%2Fv2%2Fproduct_cat&post=4843"},{"taxonomy":"product_tag","embeddable":true,"href":"https:\/\/valesafety.com.pe\/index.php?rest_route=%2Fwp%2Fv2%2Fproduct_tag&post=4843"}],"curies":[{"name":"wp","href":"https:\/\/api.w.org\/{rel}","templated":true}]}}