{"id":4841,"date":"2026-04-23T22:40:36","date_gmt":"2026-04-23T20:40:36","guid":{"rendered":"http:\/\/localhost\/borrador\/?post_type=product&#038;p=4841"},"modified":"2026-05-06T16:29:38","modified_gmt":"2026-05-06T21:29:38","slug":"guante-cuero-badana-tecseg-as010-blanco","status":"publish","type":"product","link":"https:\/\/valesafety.com.pe\/?product=guante-cuero-badana-tecseg-as010-blanco","title":{"rendered":"Guante Cuero Badana Tecseg AS010 Blanco"},"content":{"rendered":"<h2>Guante Cuero Badana Tecseg AS010 Blanco<\/h2>\n<p data-start=\"759\" data-end=\"1016\">Su dise\u00f1o ergon\u00f3mico permite una <strong data-start=\"792\" data-end=\"837\">excelente destreza manual y agarre seguro<\/strong>, incluso en tareas detalladas. Es la elecci\u00f3n ideal para labores de <strong data-start=\"906\" data-end=\"973\">ensamblaje, construcci\u00f3n, transporte, inspecci\u00f3n, mantenimiento<\/strong> y otras actividades con riesgos mec\u00e1nicos.<\/p>\n<p data-start=\"1018\" data-end=\"1041\"><strong data-start=\"1021\" data-end=\"1041\">Caracter\u00edsticas:<\/strong><\/p>\n<ul style=\"list-style-type: square;\">\n<li data-start=\"1044\" data-end=\"1092\">Material: Cuero badana blanco de alta calidad.<\/li>\n<li data-start=\"1095\" data-end=\"1139\">Alta resistencia a la tracci\u00f3n y abrasi\u00f3n.<\/li>\n<li data-start=\"1142\" data-end=\"1166\">Presentaci\u00f3n: Por par.<\/li>\n<li data-start=\"1169\" data-end=\"1208\">Normativa: Cumple con <strong data-start=\"1191\" data-end=\"1205\">EN388:2016<\/strong>.<\/li>\n<li data-start=\"1211\" data-end=\"1281\">No usar en ambientes h\u00famedos; almacenar en lugares secos y ventilados.<\/li>\n<\/ul>\n<p>Necesitas m\u00e1s productos encu\u00e9ntralos en nuestra <a href=\"https:\/\/valesafety.com.pe\/tienda\">tienda .<\/a><\/p>\n<p>Para m\u00e1s informaci\u00f3n sobre este y otros productos, no dudes en contactarnos por\u00a0<a href=\"http:\/\/wa.me\/977762682\" target=\"_blank\" rel=\"noopener\">WhatsApp<\/a>.<\/p>\n","protected":false},"excerpt":{"rendered":"<p data-start=\"219\" data-end=\"354\">Guante Cuero Badana Tecseg AS010 : protecci\u00f3n, confort y durabilidad. Ideal para trabajos mec\u00e1nicos exigentes. \u00a1Cumple norma EN388:2016!<\/p>\n<p data-start=\"219\" data-end=\"354\">El <strong data-start=\"476\" data-end=\"515\">guante de cuero badana Tecseg AS010<\/strong> est\u00e1 dise\u00f1ado para ofrecer m\u00e1xima protecci\u00f3n sin comprometer la comodidad<\/p>\n","protected":false},"featured_media":4895,"comment_status":"closed","ping_status":"closed","template":"","meta":{"_acf_changed":false},"product_brand":[36],"product_cat":[93,59],"product_tag":[],"class_list":{"0":"post-4841","1":"product","2":"type-product","3":"status-publish","4":"has-post-thumbnail","6":"product_brand-tecseg","7":"product_cat-guante-badana","8":"product_cat-proteccion-de-las-manos","10":"first","11":"instock","12":"shipping-taxable","13":"purchasable","14":"product-type-simple"},"acf":[],"_links":{"self":[{"href":"https:\/\/valesafety.com.pe\/index.php?rest_route=\/wp\/v2\/product\/4841","targetHints":{"allow":["GET"]}}],"collection":[{"href":"https:\/\/valesafety.com.pe\/index.php?rest_route=\/wp\/v2\/product"}],"about":[{"href":"https:\/\/valesafety.com.pe\/index.php?rest_route=\/wp\/v2\/types\/product"}],"replies":[{"embeddable":true,"href":"https:\/\/valesafety.com.pe\/index.php?rest_route=%2Fwp%2Fv2%2Fcomments&post=4841"}],"wp:featuredmedia":[{"embeddable":true,"href":"https:\/\/valesafety.com.pe\/index.php?rest_route=\/wp\/v2\/media\/4895"}],"wp:attachment":[{"href":"https:\/\/valesafety.com.pe\/index.php?rest_route=%2Fwp%2Fv2%2Fmedia&parent=4841"}],"wp:term":[{"taxonomy":"product_brand","embeddable":true,"href":"https:\/\/valesafety.com.pe\/index.php?rest_route=%2Fwp%2Fv2%2Fproduct_brand&post=4841"},{"taxonomy":"product_cat","embeddable":true,"href":"https:\/\/valesafety.com.pe\/index.php?rest_route=%2Fwp%2Fv2%2Fproduct_cat&post=4841"},{"taxonomy":"product_tag","embeddable":true,"href":"https:\/\/valesafety.com.pe\/index.php?rest_route=%2Fwp%2Fv2%2Fproduct_tag&post=4841"}],"curies":[{"name":"wp","href":"https:\/\/api.w.org\/{rel}","templated":true}]}}