{"id":4838,"date":"2026-04-23T22:40:36","date_gmt":"2026-04-23T20:40:36","guid":{"rendered":"http:\/\/localhost\/borrador\/?post_type=product&#038;p=4838"},"modified":"2026-05-06T12:15:18","modified_gmt":"2026-05-06T17:15:18","slug":"arnes-de-3-anillos-segpro","status":"publish","type":"product","link":"https:\/\/valesafety.com.pe\/?product=arnes-de-3-anillos-segpro","title":{"rendered":"Arn\u00e9s de 3 anillos Segpro"},"content":{"rendered":"<h2>Arn\u00e9s de 3 Anillos<\/h2>\n<p>Los beneficios de un arn\u00e9s como el Segpro con tres argollas met\u00e1licas est\u00e1n orientados principalmente hacia la seguridad y la comodidad del usuario en entornos de trabajo que involucran alturas y posicionamiento.<\/p>\n<ul>\n<li>Material: Cinta plana de Poliester, hebillas y argollas met\u00e1licas<\/li>\n<li>Ancho de Cinta: 45 mm +- 1 mm<\/li>\n<li>Aplicaciones: Proporciona una excelente alternativa para protecci\u00f3n de trabajos en altura y espacios confinados.<\/li>\n<li>Dise\u00f1o: Ergonomico con correas regulables en pecho y piernas<\/li>\n<li>Peso: 1.4 Kgr<\/li>\n<li>N\u00famero de Anillos: 3 Anillos (1 Dorsal detenci\u00f3n de<\/li>\n<li>Ca\u00eddas y 2 en cintura trabajos posicionamiento)<\/li>\n<\/ul>\n<p>Color: Amarillo \/ Negro<\/p>\n<h3>Certificaciones y\/o normas<\/h3>\n<p>Certificaciones y Cumplimiento de normas: ANSI Z359.1 \u2013 2014<\/p>\n<p>Necesitas m\u00e1s productos encu\u00e9ntralos en nuestra <a href=\"https:\/\/valesafety.com.pe\/tienda\">tienda\u00a0<\/a><\/p>\n<p>Para m\u00e1s informaci\u00f3n sobre este y otros productos, no dudes en contactarnos por\u00a0<a href=\"http:\/\/wa.me\/51923151009\" target=\"_blank\" rel=\"noopener\">WhatsApp<\/a>.<\/p>\n","protected":false},"excerpt":{"rendered":"<p>Arn\u00e9s de 3 Anillos Segpro de cuerpo completo ha sido dise\u00f1ado con tres argollas met\u00e1licas para proporcionar seguridad y versatilidad en diversas situaciones de trabajo en altura y posicionamiento. A continuaci\u00f3n, se detallan las caracter\u00edsticas clave de este equipo<\/p>\n","protected":false},"featured_media":4885,"comment_status":"closed","ping_status":"closed","template":"","meta":{"_acf_changed":false},"product_brand":[35],"product_cat":[89,58],"product_tag":[],"class_list":{"0":"post-4838","1":"product","2":"type-product","3":"status-publish","4":"has-post-thumbnail","6":"product_brand-segpro","7":"product_cat-arnes","8":"product_cat-proteccion-de-alturas","10":"first","11":"instock","12":"shipping-taxable","13":"purchasable","14":"product-type-simple"},"acf":[],"_links":{"self":[{"href":"https:\/\/valesafety.com.pe\/index.php?rest_route=\/wp\/v2\/product\/4838","targetHints":{"allow":["GET"]}}],"collection":[{"href":"https:\/\/valesafety.com.pe\/index.php?rest_route=\/wp\/v2\/product"}],"about":[{"href":"https:\/\/valesafety.com.pe\/index.php?rest_route=\/wp\/v2\/types\/product"}],"replies":[{"embeddable":true,"href":"https:\/\/valesafety.com.pe\/index.php?rest_route=%2Fwp%2Fv2%2Fcomments&post=4838"}],"wp:featuredmedia":[{"embeddable":true,"href":"https:\/\/valesafety.com.pe\/index.php?rest_route=\/wp\/v2\/media\/4885"}],"wp:attachment":[{"href":"https:\/\/valesafety.com.pe\/index.php?rest_route=%2Fwp%2Fv2%2Fmedia&parent=4838"}],"wp:term":[{"taxonomy":"product_brand","embeddable":true,"href":"https:\/\/valesafety.com.pe\/index.php?rest_route=%2Fwp%2Fv2%2Fproduct_brand&post=4838"},{"taxonomy":"product_cat","embeddable":true,"href":"https:\/\/valesafety.com.pe\/index.php?rest_route=%2Fwp%2Fv2%2Fproduct_cat&post=4838"},{"taxonomy":"product_tag","embeddable":true,"href":"https:\/\/valesafety.com.pe\/index.php?rest_route=%2Fwp%2Fv2%2Fproduct_tag&post=4838"}],"curies":[{"name":"wp","href":"https:\/\/api.w.org\/{rel}","templated":true}]}}