{"id":4825,"date":"2026-04-23T22:40:09","date_gmt":"2026-04-23T20:40:09","guid":{"rendered":"http:\/\/localhost\/borrador\/?post_type=product&#038;p=4825"},"modified":"2026-05-07T10:23:29","modified_gmt":"2026-05-07T15:23:29","slug":"respirador-contra-olores-8247","status":"publish","type":"product","link":"https:\/\/valesafety.com.pe\/?product=respirador-contra-olores-8247","title":{"rendered":"RESPIRADOR CONTRA OLORES 8247"},"content":{"rendered":"<h2><span class=\"OYPEnA font-feature-liga-off font-feature-clig-off font-feature-calt-off text-decoration-none text-strikethrough-none\">Respirador contra Olores 8247<\/span><\/h2>\n<ul>\n<li>\n<h4 data-start=\"45\" data-end=\"81\"><strong data-start=\"50\" data-end=\"79\">Protecci\u00f3n y Aplicaciones<\/strong><\/h4>\n<p data-start=\"82\" data-end=\"383\">El respirador desechable 3M 8247 R95 est\u00e1 dise\u00f1ado para brindar resguardo frente a part\u00edculas en suspensi\u00f3n, como polvos, humos y neblinas, ya sean de origen aceitoso o no aceitoso. Es ideal para entornos donde la presencia de estas part\u00edculas pueda representar un riesgo para la salud respiratoria.<\/p>\n<h4 data-start=\"385\" data-end=\"411\"><strong data-start=\"390\" data-end=\"409\">Dise\u00f1o y Ajuste<\/strong><\/h4>\n<p data-start=\"412\" data-end=\"726\">Este respirador cuenta con una estructura convexa y bandas el\u00e1sticas que garantizan un ajuste firme y confortable. Adem\u00e1s, incorpora un clip nasal de aluminio que facilita una adaptaci\u00f3n precisa al rostro, proporcionando un sellado adecuado en distintos tama\u00f1os de cara y optimizando la comodidad durante su uso.<\/p>\n<h4 data-start=\"728\" data-end=\"763\"><strong data-start=\"733\" data-end=\"761\">Eficiencia de filtraci\u00f3n<\/strong><\/h4>\n<p data-start=\"764\" data-end=\"1007\">El 3M 8247 R95 emplea un Medio Filtrante Electrost\u00e1tico Avanzado, el cual ofrece una alta capacidad de filtraci\u00f3n con una resistencia m\u00ednima al paso del aire. Esto permite una respiraci\u00f3n m\u00e1s fluida sin comprometer la protecci\u00f3n del usuario.<\/p>\n<h4 data-start=\"1009\" data-end=\"1042\"><strong data-start=\"1014\" data-end=\"1040\">Cumplimiento Normativo<\/strong><\/h4>\n<p data-start=\"1043\" data-end=\"1350\" data-is-last-node=\"\" data-is-only-node=\"\">Este respirador cuenta con la certificaci\u00f3n de NIOSH conforme a la especificaci\u00f3n R95 de la norma 42CFR84. Est\u00e1 aprobado para brindar protecci\u00f3n contra part\u00edculas en suspensi\u00f3n de l\u00edquidos no aceitosos y puede ser utilizado de manera segura hasta por 8 horas en ambientes con presencia de polvos y neblinas.<\/p>\n<\/li>\n<\/ul>\n<p>Necesitas m\u00e1s productos encuentralos en nuestra\u00a0<a href=\"https:\/\/valesafety.com.pe\/tienda\">tienda\u00a0<\/a><\/p>\n<p>Para m\u00e1s informaci\u00f3n sobre este y otros productos, no dudes en contactarnos por\u00a0<a href=\"http:\/\/wa.me\/51923151009\" target=\"_blank\" rel=\"noopener\">WhatsApp<\/a>.<\/p>\n","protected":false},"excerpt":{"rendered":"<ul>\n<li><span class=\"OYPEnA font-feature-liga-off font-feature-clig-off font-feature-calt-off text-decoration-none text-strikethrough-none\">RESPIRADOR CONTRA OLORES 8247 cuenta con una capa de carb\u00f3n que ayuda a reducir los niveles de olores molestos de vapores org\u00e1nicos<\/span><\/li>\n<li><span class=\"OYPEnA font-feature-liga-off font-feature-clig-off font-feature-calt-off text-decoration-none text-strikethrough-none\">El clip nasal ajustable ayuda a garantizar un sello seguro y reduce la posibilidad de que las gafas se empa\u00f1en<\/span><\/li>\n<\/ul>\n","protected":false},"featured_media":4881,"comment_status":"closed","ping_status":"closed","template":"","meta":{"_acf_changed":false},"product_brand":[38],"product_cat":[99,62],"product_tag":[],"class_list":{"0":"post-4825","1":"product","2":"type-product","3":"status-publish","4":"has-post-thumbnail","6":"product_brand-3m","7":"product_cat-mascarillas","8":"product_cat-proteccion-respiratoria","10":"first","11":"instock","12":"shipping-taxable","13":"purchasable","14":"product-type-simple"},"acf":[],"_links":{"self":[{"href":"https:\/\/valesafety.com.pe\/index.php?rest_route=\/wp\/v2\/product\/4825","targetHints":{"allow":["GET"]}}],"collection":[{"href":"https:\/\/valesafety.com.pe\/index.php?rest_route=\/wp\/v2\/product"}],"about":[{"href":"https:\/\/valesafety.com.pe\/index.php?rest_route=\/wp\/v2\/types\/product"}],"replies":[{"embeddable":true,"href":"https:\/\/valesafety.com.pe\/index.php?rest_route=%2Fwp%2Fv2%2Fcomments&post=4825"}],"wp:featuredmedia":[{"embeddable":true,"href":"https:\/\/valesafety.com.pe\/index.php?rest_route=\/wp\/v2\/media\/4881"}],"wp:attachment":[{"href":"https:\/\/valesafety.com.pe\/index.php?rest_route=%2Fwp%2Fv2%2Fmedia&parent=4825"}],"wp:term":[{"taxonomy":"product_brand","embeddable":true,"href":"https:\/\/valesafety.com.pe\/index.php?rest_route=%2Fwp%2Fv2%2Fproduct_brand&post=4825"},{"taxonomy":"product_cat","embeddable":true,"href":"https:\/\/valesafety.com.pe\/index.php?rest_route=%2Fwp%2Fv2%2Fproduct_cat&post=4825"},{"taxonomy":"product_tag","embeddable":true,"href":"https:\/\/valesafety.com.pe\/index.php?rest_route=%2Fwp%2Fv2%2Fproduct_tag&post=4825"}],"curies":[{"name":"wp","href":"https:\/\/api.w.org\/{rel}","templated":true}]}}