{"id":4823,"date":"2026-04-23T22:40:08","date_gmt":"2026-04-23T20:40:08","guid":{"rendered":"http:\/\/localhost\/borrador\/?post_type=product&#038;p=4823"},"modified":"2026-04-29T16:47:46","modified_gmt":"2026-04-29T21:47:46","slug":"chompa-jorge-chavez","status":"publish","type":"product","link":"https:\/\/valesafety.com.pe\/?product=chompa-jorge-chavez","title":{"rendered":"Chompa Jorge Chavez"},"content":{"rendered":"<h2>Chompa Jorge Chavez<\/h2>\n<ul>\n<li>Cuello Jorge Ch\u00e1vez<\/li>\n<li>Doble hebra<\/li>\n<li>Se puede incluir cintas reflectivas de 2 pulgadas en espalda y brazo<\/li>\n<li>Colo negro<\/li>\n<li>Talla: S, M, L, XL<\/li>\n<\/ul>\n<p>Necesitas m\u00e1s productos encuentralos en nuestra <a href=\"https:\/\/valesafety.com.pe\/tienda\">tienda\u00a0<\/a><\/p>\n<p>Para m\u00e1s informaci\u00f3n sobre este y otros productos, no dudes en contactarnos por\u00a0<a href=\"http:\/\/wa.me\/51981307686\" target=\"_blank\" rel=\"noopener\">WhatsApp<\/a>.<\/p>\n","protected":false},"excerpt":{"rendered":"<p>La chompa de lana para trabajo es perfecta para conductores, ya que brinda abrigo en los d\u00edas fr\u00edos. Fabricada con lana de alta calidad, ofrece calidez y confort durante los trayectos. Su dise\u00f1o cl\u00e1sico y elegante garantiza una apariencia profesional sin sacrificar comodidad.<\/p>\n","protected":false},"featured_media":4879,"comment_status":"closed","ping_status":"closed","template":"","meta":{"_acf_changed":false},"product_brand":[],"product_cat":[67],"product_tag":[],"class_list":{"0":"post-4823","1":"product","2":"type-product","3":"status-publish","4":"has-post-thumbnail","6":"product_cat-ropa-de-trabajo","8":"first","9":"instock","10":"shipping-taxable","11":"purchasable","12":"product-type-simple"},"acf":[],"_links":{"self":[{"href":"https:\/\/valesafety.com.pe\/index.php?rest_route=\/wp\/v2\/product\/4823","targetHints":{"allow":["GET"]}}],"collection":[{"href":"https:\/\/valesafety.com.pe\/index.php?rest_route=\/wp\/v2\/product"}],"about":[{"href":"https:\/\/valesafety.com.pe\/index.php?rest_route=\/wp\/v2\/types\/product"}],"replies":[{"embeddable":true,"href":"https:\/\/valesafety.com.pe\/index.php?rest_route=%2Fwp%2Fv2%2Fcomments&post=4823"}],"wp:featuredmedia":[{"embeddable":true,"href":"https:\/\/valesafety.com.pe\/index.php?rest_route=\/wp\/v2\/media\/4879"}],"wp:attachment":[{"href":"https:\/\/valesafety.com.pe\/index.php?rest_route=%2Fwp%2Fv2%2Fmedia&parent=4823"}],"wp:term":[{"taxonomy":"product_brand","embeddable":true,"href":"https:\/\/valesafety.com.pe\/index.php?rest_route=%2Fwp%2Fv2%2Fproduct_brand&post=4823"},{"taxonomy":"product_cat","embeddable":true,"href":"https:\/\/valesafety.com.pe\/index.php?rest_route=%2Fwp%2Fv2%2Fproduct_cat&post=4823"},{"taxonomy":"product_tag","embeddable":true,"href":"https:\/\/valesafety.com.pe\/index.php?rest_route=%2Fwp%2Fv2%2Fproduct_tag&post=4823"}],"curies":[{"name":"wp","href":"https:\/\/api.w.org\/{rel}","templated":true}]}}